{"id":35146,"date":"2023-02-10T11:16:42","date_gmt":"2023-02-10T10:16:42","guid":{"rendered":"https:\/\/adventum.org\/iniciativas\/cuenta-conmigo\/"},"modified":"2023-04-17T09:43:05","modified_gmt":"2023-04-17T07:43:05","slug":"cuenta-conmigo","status":"publish","type":"page","link":"https:\/\/adventum.org\/es\/iniciativas\/cuenta-conmigo\/","title":{"rendered":"\u00ab\u00a1Cuenta conmigo!"},"content":{"rendered":"<p>[et_pb_section fb_built=\u00bb1&#8243; fullwidth=\u00bbon\u00bb _builder_version=\u00bb4.16&#8243; da_disable_devices=\u00bboff|off|off\u00bb global_colors_info=\u00bb{}\u00bb da_is_popup=\u00bboff\u00bb da_exit_intent=\u00bboff\u00bb da_has_close=\u00bbon\u00bb da_alt_close=\u00bboff\u00bb da_dark_close=\u00bboff\u00bb da_not_modal=\u00bbon\u00bb da_is_singular=\u00bboff\u00bb da_with_loader=\u00bboff\u00bb da_has_shadow=\u00bbon\u00bb][et_pb_fullwidth_code _builder_version=\u00bb4.19.5&#8243; global_colors_info=\u00bb{}\u00bb]\n\t\t\t\t<p class=\"rs-p-wp-fix\"><\/p>\n\t\t\t\t<sr7-module data-alias=\"iniziative-slider\" data-id=\"6\" id=\"SR7_6_1\" class=\"rs-ov-hidden\" data-version=\"6.7.51\">\n\t\t\t\t\t<sr7-adjuster><\/sr7-adjuster>\n\t\t\t\t\t<sr7-content>\n\t\t\t\t\t\t<sr7-slide id=\"SR7_6_1-11\" data-key=\"11\">\n\t\t\t\t\t\t\t<sr7-bg id=\"SR7_6_1-11-5\" class=\"sr7-layer\"><noscript><img decoding=\"async\" src=\"https:\/\/adventum.s3.eu-west-1.amazonaws.com\/wp-content\/uploads\/2020\/08\/banner-iniziative-griglia-pois.png\" alt=\"\" title=\"banner-iniziative-griglia-pois\"><\/noscript><\/sr7-bg>\n\t\t\t\t\t\t<\/sr7-slide>\n\t\t\t\t\t\t<sr7-slide id=\"SR7_6_1-45\" data-key=\"45\">\n\t\t\t\t\t\t<\/sr7-slide>\n\t\t\t\t\t<\/sr7-content>\n\t\t\t\t\t<image_lists style=\"display:none\">\n\t\t\t\t\t\t<img data-src=\"\/\/adventum.s3.eu-west-1.amazonaws.com\/wp-content\/uploads\/2020\/08\/banner-iniziative-logo.png\" data-libid=\"29790\" data-lib=\"medialibrary\" title=\"banner-iniziative-logo\" width=\"0\" height=\"0\" data-dbsrc=\"Ly9hZHZlbnR1bS5zMy5ldS13ZXN0LTEuYW1hem9uYXdzLmNvbS93cC1jb250ZW50L3VwbG9hZHMvMjAyMC8wOC9iYW5uZXItaW5pemlhdGl2ZS1sb2dvLnBuZw==\"\/>\n\t\t\t\t\t\t<img data-src=\"\/\/adventum.s3.eu-west-1.amazonaws.com\/wp-content\/uploads\/2020\/08\/banner-iniziative-griglia-pois.png\" data-libid=\"30953\" data-lib=\"medialibrary\" title=\"banner-iniziative-griglia-pois\" width=\"0\" height=\"0\" data-dbsrc=\"Ly9hZHZlbnR1bS5zMy5ldS13ZXN0LTEuYW1hem9uYXdzLmNvbS93cC1jb250ZW50L3VwbG9hZHMvMjAyMC8wOC9iYW5uZXItaW5pemlhdGl2ZS1ncmlnbGlhLXBvaXMucG5n\"\/>\n\t\t\t\t\t<\/image_lists>\n\t\t\t\t<\/sr7-module>\n\t\t\t\t<script>\n\t\t\t\t\twindow.SR7 ??={};SR7.PMH ??={}; SR7.PMH[\"SR7_6_1\"] = {cn:100,state:false,fn: function() { if (window._tpt!==undefined && window._tpt.prepareModuleHeight !== undefined) {  _tpt.prepareModuleHeight({id:\"SR7_6_1\",el:[351,351,768,960,720],type:'standard',shdw:'0',gh:[351,351,,,],gw:[1240,1240,1024,778,480],vpt:['-200px'],size:{fullWidth:true, fullHeight:false},mh:'0',onh:0,onw:0,bg:{color:'{\"orig\":\"transparent\",\"type\":\"solid\",\"string\":\"transparent\"}'},plType:'0',plColor:'#FFFFFF'});   SR7.PMH[\"SR7_6_1\"].state=true;} else if(SR7.PMH[\"SR7_6_1\"].cn-->0)\tsetTimeout( SR7.PMH[\"SR7_6_1\"].fn,19);}};SR7.PMH[\"SR7_6_1\" ].fn();\n\t\t\t\t<\/script>\n[\/et_pb_fullwidth_code][\/et_pb_section][et_pb_section fb_built=\u00bb1&#8243; custom_padding_last_edited=\u00bbon|desktop\u00bb disabled_on=\u00bboff|off|off\u00bb admin_label=\u00bbsection\u00bb _builder_version=\u00bb4.19.5&#8243; background_color=\u00bbrgba(0,0,0,0)\u00bb background_enable_image=\u00bboff\u00bb custom_padding=\u00bb26px||4px||false|false\u00bb custom_padding_tablet=\u00bb50px|0|50px|0&#8243; custom_padding_phone=\u00bb\u00bb animation_style=\u00bbfade\u00bb da_disable_devices=\u00bboff|off|off\u00bb global_colors_info=\u00bb{}\u00bb da_is_popup=\u00bboff\u00bb da_exit_intent=\u00bboff\u00bb da_has_close=\u00bbon\u00bb da_alt_close=\u00bboff\u00bb da_dark_close=\u00bboff\u00bb da_not_modal=\u00bbon\u00bb da_is_singular=\u00bboff\u00bb da_with_loader=\u00bboff\u00bb da_has_shadow=\u00bbon\u00bb][et_pb_row _builder_version=\u00bb4.19.5&#8243; _module_preset=\u00bbdefault\u00bb global_colors_info=\u00bb{}\u00bb][et_pb_column type=\u00bb4_4&#8243; _builder_version=\u00bb4.19.5&#8243; _module_preset=\u00bbdefault\u00bb global_colors_info=\u00bb{}\u00bb][et_pb_image src=\u00bbhttps:\/\/adventum.s3.eu-west-1.amazonaws.com\/wp-content\/uploads\/2020\/08\/Conta-su-di-me_Cover-dettaglio.png\u00bb title_text=\u00bbContar en me_Cubrir detalle\u00bb _builder_version=\u00bb4.19.5&#8243; _module_preset=\u00bbdefault\u00bb hover_enabled=\u00bb0&#8243; global_colors_info=\u00bb{}\u00bb sticky_enabled=\u00bb0&#8243;][\/et_pb_image][\/et_pb_column][\/et_pb_row][\/et_pb_section][et_pb_section fb_built=\u00bb1&#8243; _builder_version=\u00bb4.19.5&#8243; _module_preset=\u00bbdefault\u00bb da_disable_devices=\u00bboff|off|off\u00bb global_colors_info=\u00bb{}\u00bb da_is_popup=\u00bboff\u00bb da_exit_intent=\u00bboff\u00bb da_has_close=\u00bbon\u00bb da_alt_close=\u00bboff\u00bb da_dark_close=\u00bboff\u00bb da_not_modal=\u00bbon\u00bb da_is_singular=\u00bboff\u00bb da_with_loader=\u00bboff\u00bb da_has_shadow=\u00bbon\u00bb][et_pb_row column_structure=\u00bb3_5,2_5&#8243; _builder_version=\u00bb4.19.5&#8243; _module_preset=\u00bbdefault\u00bb global_colors_info=\u00bb{}\u00bb][et_pb_column type=\u00bb3_5&#8243; _builder_version=\u00bb4.19.5&#8243; _module_preset=\u00bbdefault\u00bb global_colors_info=\u00bb{}\u00bb][et_pb_text _builder_version=\u00bb4.19.5&#8243; _module_preset=\u00bbdefault\u00bb text_font=\u00bb|700|||||||\u00bb text_font_size=\u00bb59px\u00bb text_line_height=\u00bb0.9em\u00bb hover_enabled=\u00bb0&#8243; global_colors_info=\u00bb{}\u00bb sticky_enabled=\u00bb0&#8243;]<\/p>\n<p>\u00a1&#8217;Cuenta&#8217; con diez centavos!<\/p>\n<p>[\/et_pb_text][et_pb_text _builder_version=\u00bb4.19.5&#8243; _module_preset=\u00bbdefault\u00bb text_font_size=\u00bb27px\u00bb hover_enabled=\u00bb0&#8243; global_colors_info=\u00bb{}\u00bb sticky_enabled=\u00bb0&#8243;]<\/p>\n<p>La agenda financiera: instrucciones de uso.<\/p>\n<p>[\/et_pb_text][\/et_pb_column][et_pb_column type=\u00bb2_5&#8243; _builder_version=\u00bb4.19.5&#8243; _module_preset=\u00bbdefault\u00bb global_colors_info=\u00bb{}\u00bb][\/et_pb_column][\/et_pb_row][\/et_pb_section][et_pb_section fb_built=\u00bb1&#8243; _builder_version=\u00bb4.19.5&#8243; _module_preset=\u00bbdefault\u00bb min_height=\u00bb163.8px\u00bb da_disable_devices=\u00bboff|off|off\u00bb global_colors_info=\u00bb{}\u00bb da_is_popup=\u00bboff\u00bb da_exit_intent=\u00bboff\u00bb da_has_close=\u00bbon\u00bb da_alt_close=\u00bboff\u00bb da_dark_close=\u00bboff\u00bb da_not_modal=\u00bbon\u00bb da_is_singular=\u00bboff\u00bb da_with_loader=\u00bboff\u00bb da_has_shadow=\u00bbon\u00bb][et_pb_row _builder_version=\u00bb4.19.5&#8243; _module_preset=\u00bbdefault\u00bb custom_margin=\u00bb|auto||auto|false|false\u00bb global_colors_info=\u00bb{}\u00bb][et_pb_column type=\u00bb4_4&#8243; _builder_version=\u00bb4.19.5&#8243; _module_preset=\u00bbdefault\u00bb global_colors_info=\u00bb{}\u00bb][et_pb_text _builder_version=\u00bb4.19.5&#8243; _module_preset=\u00bbdefault\u00bb text_font_size=\u00bb45px\u00bb text_line_height=\u00bb1em\u00bb custom_padding=\u00bb||38px|||\u00bb global_colors_info=\u00bb{}\u00bb]<\/p>\n<p style=\"text-align: center;\"><strong>Educaci\u00f3n financiera en la radio<\/strong><\/p>\n<p>[\/et_pb_text][et_pb_text _builder_version=\u00bb4.19.5&#8243; _module_preset=\u00bbdefault\u00bb hover_enabled=\u00bb0&#8243; global_colors_info=\u00bb{}\u00bb custom_padding=\u00bb||0px|||\u00bb sticky_enabled=\u00bb0&#8243;]<\/p>\n<p>El objetivo era sensibilizar al mayor n\u00famero posible de personas sobre el uso responsable del dinero, a trav\u00e9s de la radio, empezando por una reflexi\u00f3n sobre la \u00abagenda financiera\u00bb y los riesgos de no utilizarla. Se realizaron cuatro emisiones que se emitieron en Radio Voz de la Esperanza durante el mes de octubre de 2018.<\/p>\n<p>[\/et_pb_text][\/et_pb_column][\/et_pb_row][\/et_pb_section][et_pb_section fb_built=\u00bb1&#8243; theme_builder_area=\u00bbpost_content\u00bb _builder_version=\u00bb4.19.5&#8243; _module_preset=\u00bbdefault\u00bb title_text=\u00bbRisorsa 1-8&#8243; background_image=\u00bbhttps:\/\/adventum.s3.eu-west-1.amazonaws.com\/wp-content\/uploads\/2021\/01\/Risorsa-1-8-1.png\u00bb hover_enabled=\u00bb0&#8243; sticky_enabled=\u00bb0&#8243; background_size=\u00bbcustom\u00bb background_color=\u00bb#edf1f5&#8243; da_is_popup=\u00bboff\u00bb da_exit_intent=\u00bboff\u00bb da_has_close=\u00bbon\u00bb da_alt_close=\u00bboff\u00bb da_dark_close=\u00bboff\u00bb da_not_modal=\u00bbon\u00bb da_is_singular=\u00bboff\u00bb da_with_loader=\u00bboff\u00bb da_has_shadow=\u00bbon\u00bb da_disable_devices=\u00bboff|off|off\u00bb][et_pb_row _builder_version=\u00bb4.19.5&#8243; _module_preset=\u00bbdefault\u00bb column_structure=\u00bb3_4,1_4&#8243; theme_builder_area=\u00bbpost_content\u00bb][et_pb_column _builder_version=\u00bb4.19.5&#8243; _module_preset=\u00bbdefault\u00bb type=\u00bb3_4&#8243; theme_builder_area=\u00bbpost_content\u00bb][et_pb_audio title=\u00bb#1 &#8211; &quot;Cuenta conmigo&quot;: la agenda financiera entre sue\u00f1os y necesidades\u00bb _builder_version=\u00bb4.19.5&#8243; _module_preset=\u00bbdefault\u00bb theme_builder_area=\u00bbpost_content\u00bb hover_enabled=\u00bb0&#8243; sticky_enabled=\u00bb0&#8243; title_text=\u00bb01_Conta-su-di-me-il-diario-finanziario-tra-sogni-e-bisogni\u00bb audio=\u00bbhttps:\/\/adventum.s3.eu-west-1.amazonaws.com\/wp-content\/uploads\/2023\/02\/01_Conta-su-di-me-il-diario-finanziario-tra-sogni-e-bisogni.mp3&#8243; border_radii=\u00bbon|38px|38px|38px|38px\u00bb][\/et_pb_audio][et_pb_audio title=\u00bb#2 &#8211; &quot;Cuenta conmigo&quot;: la agenda financiera para no perseguir un espejismo\u00bb _builder_version=\u00bb4.19.5&#8243; _module_preset=\u00bbdefault\u00bb theme_builder_area=\u00bbpost_content\u00bb hover_enabled=\u00bb0&#8243; sticky_enabled=\u00bb0&#8243; title_text=\u00bb02_conta-su-di-me-il-diario-finanziario-per-non-inseguire-un-miraggio\u00bb audio=\u00bbhttps:\/\/adventum.s3.eu-west-1.amazonaws.com\/wp-content\/uploads\/2023\/02\/02_conta-su-di-me-il-diario-finanziario-per-non-inseguire-un-miraggio.mp3&#8243; border_radii=\u00bbon|38px|38px|38px|38px\u00bb][\/et_pb_audio][et_pb_audio title=\u00bb#3 &#8211; &#039;Cuenta conmigo&#039;: la agenda financiera para no caer en una pesadilla\u00bb _builder_version=\u00bb4.19.5&#8243; _module_preset=\u00bbdefault\u00bb theme_builder_area=\u00bbpost_content\u00bb hover_enabled=\u00bb0&#8243; sticky_enabled=\u00bb0&#8243; title_text=\u00bb03_conta-su-di-me-il-diario-finanziario-per-non-cadere-in-un-incubo_01&#8243; audio=\u00bbhttps:\/\/adventum.s3.eu-west-1.amazonaws.com\/wp-content\/uploads\/2023\/02\/03_conta-su-di-me-il-diario-finanziario-per-non-cadere-in-un-incubo_01.mp3&#8243; border_radii=\u00bbon|38px|38px|38px|38px\u00bb][\/et_pb_audio][et_pb_audio title=\u00bb#4 &#8211; &quot;Cuenta conmigo&quot;: la agenda financiera para hacer realidad un sue\u00f1o\u00bb _builder_version=\u00bb4.19.5&#8243; _module_preset=\u00bbdefault\u00bb theme_builder_area=\u00bbpost_content\u00bb hover_enabled=\u00bb0&#8243; sticky_enabled=\u00bb0&#8243; title_text=\u00bb04_conta-su-di-me-il-diario-finanziario-per-realizzare-un-sogno\u00bb audio=\u00bbhttps:\/\/adventum.s3.eu-west-1.amazonaws.com\/wp-content\/uploads\/2023\/02\/04_conta-su-di-me-il-diario-finanziario-per-realizzare-un-sogno.mp3&#8243; border_radii=\u00bbon|38px|38px|38px|38px\u00bb][\/et_pb_audio][\/et_pb_column][et_pb_column _builder_version=\u00bb4.19.5&#8243; _module_preset=\u00bbdefault\u00bb type=\u00bb1_4&#8243; theme_builder_area=\u00bbpost_content\u00bb][et_pb_image src=\u00bbhttps:\/\/adventum.s3.eu-west-1.amazonaws.com\/wp-content\/uploads\/2023\/02\/RVS-Claim-Blu-Orizzontale.png\u00bb _builder_version=\u00bb4.19.5&#8243; _module_preset=\u00bbdefault\u00bb theme_builder_area=\u00bbpost_content\u00bb title_text=\u00bbRVS Claim &#8211; Azul &#8211; Horizontal\u00bb hover_enabled=\u00bb0&#8243; sticky_enabled=\u00bb0&#8243; width=\u00bb89.6%\u00bb][\/et_pb_image][\/et_pb_column][\/et_pb_row][\/et_pb_section][et_pb_section fb_built=\u00bb1&#8243; theme_builder_area=\u00bbpost_content\u00bb _builder_version=\u00bb4.19.5&#8243; _module_preset=\u00bbdefault\u00bb da_is_popup=\u00bboff\u00bb da_exit_intent=\u00bboff\u00bb da_has_close=\u00bbon\u00bb da_alt_close=\u00bboff\u00bb da_dark_close=\u00bboff\u00bb da_not_modal=\u00bbon\u00bb da_is_singular=\u00bboff\u00bb da_with_loader=\u00bboff\u00bb da_has_shadow=\u00bbon\u00bb da_disable_devices=\u00bboff|off|off\u00bb][et_pb_row _builder_version=\u00bb4.19.5&#8243; _module_preset=\u00bbdefault\u00bb theme_builder_area=\u00bbpost_content\u00bb][et_pb_column _builder_version=\u00bb4.19.5&#8243; _module_preset=\u00bbdefault\u00bb type=\u00bb4_4&#8243; theme_builder_area=\u00bbpost_content\u00bb][et_pb_gallery _builder_version=\u00bb4.19.5&#8243; _module_preset=\u00bbdefault\u00bb theme_builder_area=\u00bbpost_content\u00bb gallery_ids=\u00bb30056,30057,30058&#8243; fullwidth=\u00bbon\u00bb hover_enabled=\u00bb0&#8243; sticky_enabled=\u00bb0&#8243;][\/et_pb_gallery][\/et_pb_column][\/et_pb_row][\/et_pb_section]<\/p>\n","protected":false},"excerpt":{"rendered":"<p>\n\t\t\t\t<p class=\"rs-p-wp-fix\"><\/p>\n\t\t\t\t<sr7-module data-alias=\"iniziative-slider\" data-id=\"6\" id=\"SR7_6_2\" class=\"rs-ov-hidden\" data-version=\"6.7.51\">\n\t\t\t\t\t<sr7-adjuster><\/sr7-adjuster>\n\t\t\t\t\t<sr7-content>\n\t\t\t\t\t\t<sr7-slide id=\"SR7_6_2-11\" data-key=\"11\">\n\t\t\t\t\t\t\t<sr7-bg id=\"SR7_6_2-11-5\" class=\"sr7-layer\"><noscript><img decoding=\"async\" src=\"https:\/\/adventum.s3.eu-west-1.amazonaws.com\/wp-content\/uploads\/2020\/08\/banner-iniziative-griglia-pois.png\" alt=\"\" title=\"banner-iniziative-griglia-pois\"><\/noscript><\/sr7-bg>\n\t\t\t\t\t\t<\/sr7-slide>\n\t\t\t\t\t\t<sr7-slide id=\"SR7_6_2-45\" data-key=\"45\">\n\t\t\t\t\t\t<\/sr7-slide>\n\t\t\t\t\t<\/sr7-content>\n\t\t\t\t\t<image_lists style=\"display:none\">\n\t\t\t\t\t\t<img data-src=\"\/\/adventum.s3.eu-west-1.amazonaws.com\/wp-content\/uploads\/2020\/08\/banner-iniziative-logo.png\" data-libid=\"29790\" data-lib=\"medialibrary\" title=\"banner-iniziative-logo\" width=\"0\" height=\"0\" data-dbsrc=\"Ly9hZHZlbnR1bS5zMy5ldS13ZXN0LTEuYW1hem9uYXdzLmNvbS93cC1jb250ZW50L3VwbG9hZHMvMjAyMC8wOC9iYW5uZXItaW5pemlhdGl2ZS1sb2dvLnBuZw==\"\/>\n\t\t\t\t\t\t<img data-src=\"\/\/adventum.s3.eu-west-1.amazonaws.com\/wp-content\/uploads\/2020\/08\/banner-iniziative-griglia-pois.png\" data-libid=\"30953\" data-lib=\"medialibrary\" title=\"banner-iniziative-griglia-pois\" width=\"0\" height=\"0\" data-dbsrc=\"Ly9hZHZlbnR1bS5zMy5ldS13ZXN0LTEuYW1hem9uYXdzLmNvbS93cC1jb250ZW50L3VwbG9hZHMvMjAyMC8wOC9iYW5uZXItaW5pemlhdGl2ZS1ncmlnbGlhLXBvaXMucG5n\"\/>\n\t\t\t\t\t<\/image_lists>\n\t\t\t\t<\/sr7-module>\n\t\t\t\t<script>\n\t\t\t\t\twindow.SR7 ??={};SR7.PMH ??={}; SR7.PMH[\"SR7_6_2\"] = {cn:100,state:false,fn: function() { if (window._tpt!==undefined && window._tpt.prepareModuleHeight !== undefined) {  _tpt.prepareModuleHeight({id:\"SR7_6_2\",el:[351,351,768,960,720],type:'standard',shdw:'0',gh:[351,351,,,],gw:[1240,1240,1024,778,480],vpt:['-200px'],size:{fullWidth:true, fullHeight:false},mh:'0',onh:0,onw:0,bg:{color:'{\"orig\":\"transparent\",\"type\":\"solid\",\"string\":\"transparent\"}'},plType:'0',plColor:'#FFFFFF'});   SR7.PMH[\"SR7_6_2\"].state=true;} else if(SR7.PMH[\"SR7_6_2\"].cn-->0)\tsetTimeout( SR7.PMH[\"SR7_6_2\"].fn,19);}};SR7.PMH[\"SR7_6_2\" ].fn();\n\t\t\t\t<\/script>\n\u00a1&#8217;Cuenta&#8217; con diez centavos!La agenda financiera: instrucciones de uso.Educaci\u00f3n financiera en la radioEl objetivo era sensibilizar al mayor n\u00famero posible de personas sobre el uso responsable del dinero, a [&hellip;]<\/p>\n","protected":false},"author":11,"featured_media":34154,"parent":35056,"menu_order":0,"comment_status":"open","ping_status":"closed","template":"","meta":{"_et_pb_use_builder":"on","_et_pb_old_content":"","_et_gb_content_width":"","footnotes":""},"class_list":["post-35146","page","type-page","status-publish","has-post-thumbnail","hentry"],"yoast_head":"<!-- This site is optimized with the Yoast SEO plugin v27.3 - https:\/\/yoast.com\/product\/yoast-seo-wordpress\/ -->\n<title>Fundaci\u00f3n Adventum Onlus<\/title>\n<meta name=\"description\" content=\"La Fundaci\u00f3n ADVENTUM se cre\u00f3 para educar en la legalidad, formar a los j\u00f3venes en el uso responsable del dinero y ofrecer una soluci\u00f3n concreta a quienes tienen dificultades.\" \/>\n<meta name=\"robots\" content=\"index, follow, max-snippet:-1, max-image-preview:large, max-video-preview:-1\" \/>\n<link rel=\"canonical\" href=\"https:\/\/adventum.org\/es\/iniciativas\/cuenta-conmigo\/\" \/>\n<meta property=\"og:locale\" content=\"es_ES\" \/>\n<meta property=\"og:type\" content=\"article\" \/>\n<meta property=\"og:title\" content=\"Fundaci\u00f3n Adventum Onlus\" \/>\n<meta property=\"og:description\" content=\"La Fundaci\u00f3n ADVENTUM se cre\u00f3 para educar en la legalidad, formar a los j\u00f3venes en el uso responsable del dinero y ofrecer una soluci\u00f3n concreta a quienes tienen dificultades.\" \/>\n<meta property=\"og:url\" content=\"https:\/\/adventum.org\/es\/iniciativas\/cuenta-conmigo\/\" \/>\n<meta property=\"og:site_name\" content=\"Fondazione Adventum - Solidariet\u00e0 Antisura\" \/>\n<meta property=\"article:modified_time\" content=\"2023-04-17T07:43:05+00:00\" \/>\n<meta property=\"og:image\" content=\"http:\/\/www.adventum.org\/wp-content\/uploads\/2015\/01\/logo-adventum-350.jpg\" \/>\n<meta name=\"twitter:card\" content=\"summary_large_image\" \/>\n<meta name=\"twitter:label1\" content=\"Tiempo de lectura\" \/>\n\t<meta name=\"twitter:data1\" content=\"6 minutos\" \/>\n<script type=\"application\/ld+json\" class=\"yoast-schema-graph\">{\"@context\":\"https:\\\/\\\/schema.org\",\"@graph\":[{\"@type\":\"WebPage\",\"@id\":\"https:\\\/\\\/adventum.org\\\/es\\\/iniciativas\\\/cuenta-conmigo\\\/\",\"url\":\"https:\\\/\\\/adventum.org\\\/es\\\/iniciativas\\\/cuenta-conmigo\\\/\",\"name\":\"Fundaci\u00f3n Adventum Onlus\",\"isPartOf\":{\"@id\":\"https:\\\/\\\/adventum.org\\\/es\\\/#website\"},\"primaryImageOfPage\":{\"@id\":\"https:\\\/\\\/adventum.org\\\/es\\\/iniciativas\\\/cuenta-conmigo\\\/#primaryimage\"},\"image\":{\"@id\":\"https:\\\/\\\/adventum.org\\\/es\\\/iniciativas\\\/cuenta-conmigo\\\/#primaryimage\"},\"thumbnailUrl\":\"https:\\\/\\\/adventum.org\\\/wp-content\\\/uploads\\\/2015\\\/04\\\/progetto-teatro-niente-per-niente.png\",\"datePublished\":\"2023-02-10T10:16:42+00:00\",\"dateModified\":\"2023-04-17T07:43:05+00:00\",\"description\":\"La Fundaci\u00f3n ADVENTUM se cre\u00f3 para educar en la legalidad, formar a los j\u00f3venes en el uso responsable del dinero y ofrecer una soluci\u00f3n concreta a quienes tienen dificultades.\",\"breadcrumb\":{\"@id\":\"https:\\\/\\\/adventum.org\\\/es\\\/iniciativas\\\/cuenta-conmigo\\\/#breadcrumb\"},\"inLanguage\":\"es\",\"potentialAction\":[{\"@type\":\"ReadAction\",\"target\":[\"https:\\\/\\\/adventum.org\\\/es\\\/iniciativas\\\/cuenta-conmigo\\\/\"]}]},{\"@type\":\"ImageObject\",\"inLanguage\":\"es\",\"@id\":\"https:\\\/\\\/adventum.org\\\/es\\\/iniciativas\\\/cuenta-conmigo\\\/#primaryimage\",\"url\":\"https:\\\/\\\/adventum.org\\\/wp-content\\\/uploads\\\/2015\\\/04\\\/progetto-teatro-niente-per-niente.png\",\"contentUrl\":\"https:\\\/\\\/adventum.org\\\/wp-content\\\/uploads\\\/2015\\\/04\\\/progetto-teatro-niente-per-niente.png\",\"width\":1037,\"height\":691},{\"@type\":\"BreadcrumbList\",\"@id\":\"https:\\\/\\\/adventum.org\\\/es\\\/iniciativas\\\/cuenta-conmigo\\\/#breadcrumb\",\"itemListElement\":[{\"@type\":\"ListItem\",\"position\":1,\"name\":\"Home\",\"item\":\"https:\\\/\\\/adventum.org\\\/es\\\/inicio\\\/\"},{\"@type\":\"ListItem\",\"position\":2,\"name\":\"Iniciativas\",\"item\":\"https:\\\/\\\/adventum.org\\\/es\\\/iniciativas\\\/\"},{\"@type\":\"ListItem\",\"position\":3,\"name\":\"\u00ab\u00a1Cuenta conmigo!\"}]},{\"@type\":\"WebSite\",\"@id\":\"https:\\\/\\\/adventum.org\\\/es\\\/#website\",\"url\":\"https:\\\/\\\/adventum.org\\\/es\\\/\",\"name\":\"Fondazione Adventum - Solidariet\u00e0 Antisura\",\"description\":\"Prevenzione usura e indebitamento da prestiti\",\"potentialAction\":[{\"@type\":\"SearchAction\",\"target\":{\"@type\":\"EntryPoint\",\"urlTemplate\":\"https:\\\/\\\/adventum.org\\\/es\\\/?s={search_term_string}\"},\"query-input\":{\"@type\":\"PropertyValueSpecification\",\"valueRequired\":true,\"valueName\":\"search_term_string\"}}],\"inLanguage\":\"es\"}]}<\/script>\n<!-- \/ Yoast SEO plugin. -->","yoast_head_json":{"title":"Fundaci\u00f3n Adventum Onlus","description":"La Fundaci\u00f3n ADVENTUM se cre\u00f3 para educar en la legalidad, formar a los j\u00f3venes en el uso responsable del dinero y ofrecer una soluci\u00f3n concreta a quienes tienen dificultades.","robots":{"index":"index","follow":"follow","max-snippet":"max-snippet:-1","max-image-preview":"max-image-preview:large","max-video-preview":"max-video-preview:-1"},"canonical":"https:\/\/adventum.org\/es\/iniciativas\/cuenta-conmigo\/","og_locale":"es_ES","og_type":"article","og_title":"Fundaci\u00f3n Adventum Onlus","og_description":"La Fundaci\u00f3n ADVENTUM se cre\u00f3 para educar en la legalidad, formar a los j\u00f3venes en el uso responsable del dinero y ofrecer una soluci\u00f3n concreta a quienes tienen dificultades.","og_url":"https:\/\/adventum.org\/es\/iniciativas\/cuenta-conmigo\/","og_site_name":"Fondazione Adventum - Solidariet\u00e0 Antisura","article_modified_time":"2023-04-17T07:43:05+00:00","og_image":[{"url":"http:\/\/www.adventum.org\/wp-content\/uploads\/2015\/01\/logo-adventum-350.jpg","type":"","width":"","height":""}],"twitter_card":"summary_large_image","twitter_misc":{"Tiempo de lectura":"6 minutos"},"schema":{"@context":"https:\/\/schema.org","@graph":[{"@type":"WebPage","@id":"https:\/\/adventum.org\/es\/iniciativas\/cuenta-conmigo\/","url":"https:\/\/adventum.org\/es\/iniciativas\/cuenta-conmigo\/","name":"Fundaci\u00f3n Adventum Onlus","isPartOf":{"@id":"https:\/\/adventum.org\/es\/#website"},"primaryImageOfPage":{"@id":"https:\/\/adventum.org\/es\/iniciativas\/cuenta-conmigo\/#primaryimage"},"image":{"@id":"https:\/\/adventum.org\/es\/iniciativas\/cuenta-conmigo\/#primaryimage"},"thumbnailUrl":"https:\/\/adventum.org\/wp-content\/uploads\/2015\/04\/progetto-teatro-niente-per-niente.png","datePublished":"2023-02-10T10:16:42+00:00","dateModified":"2023-04-17T07:43:05+00:00","description":"La Fundaci\u00f3n ADVENTUM se cre\u00f3 para educar en la legalidad, formar a los j\u00f3venes en el uso responsable del dinero y ofrecer una soluci\u00f3n concreta a quienes tienen dificultades.","breadcrumb":{"@id":"https:\/\/adventum.org\/es\/iniciativas\/cuenta-conmigo\/#breadcrumb"},"inLanguage":"es","potentialAction":[{"@type":"ReadAction","target":["https:\/\/adventum.org\/es\/iniciativas\/cuenta-conmigo\/"]}]},{"@type":"ImageObject","inLanguage":"es","@id":"https:\/\/adventum.org\/es\/iniciativas\/cuenta-conmigo\/#primaryimage","url":"https:\/\/adventum.org\/wp-content\/uploads\/2015\/04\/progetto-teatro-niente-per-niente.png","contentUrl":"https:\/\/adventum.org\/wp-content\/uploads\/2015\/04\/progetto-teatro-niente-per-niente.png","width":1037,"height":691},{"@type":"BreadcrumbList","@id":"https:\/\/adventum.org\/es\/iniciativas\/cuenta-conmigo\/#breadcrumb","itemListElement":[{"@type":"ListItem","position":1,"name":"Home","item":"https:\/\/adventum.org\/es\/inicio\/"},{"@type":"ListItem","position":2,"name":"Iniciativas","item":"https:\/\/adventum.org\/es\/iniciativas\/"},{"@type":"ListItem","position":3,"name":"\u00ab\u00a1Cuenta conmigo!"}]},{"@type":"WebSite","@id":"https:\/\/adventum.org\/es\/#website","url":"https:\/\/adventum.org\/es\/","name":"Fondazione Adventum - Solidariet\u00e0 Antisura","description":"Prevenzione usura e indebitamento da prestiti","potentialAction":[{"@type":"SearchAction","target":{"@type":"EntryPoint","urlTemplate":"https:\/\/adventum.org\/es\/?s={search_term_string}"},"query-input":{"@type":"PropertyValueSpecification","valueRequired":true,"valueName":"search_term_string"}}],"inLanguage":"es"}]}},"_links":{"self":[{"href":"https:\/\/adventum.org\/es\/wp-json\/wp\/v2\/pages\/35146","targetHints":{"allow":["GET"]}}],"collection":[{"href":"https:\/\/adventum.org\/es\/wp-json\/wp\/v2\/pages"}],"about":[{"href":"https:\/\/adventum.org\/es\/wp-json\/wp\/v2\/types\/page"}],"author":[{"embeddable":true,"href":"https:\/\/adventum.org\/es\/wp-json\/wp\/v2\/users\/11"}],"replies":[{"embeddable":true,"href":"https:\/\/adventum.org\/es\/wp-json\/wp\/v2\/comments?post=35146"}],"version-history":[{"count":0,"href":"https:\/\/adventum.org\/es\/wp-json\/wp\/v2\/pages\/35146\/revisions"}],"up":[{"embeddable":true,"href":"https:\/\/adventum.org\/es\/wp-json\/wp\/v2\/pages\/35056"}],"wp:featuredmedia":[{"embeddable":true,"href":"https:\/\/adventum.org\/es\/wp-json\/wp\/v2\/media\/34154"}],"wp:attachment":[{"href":"https:\/\/adventum.org\/es\/wp-json\/wp\/v2\/media?parent=35146"}],"curies":[{"name":"wp","href":"https:\/\/api.w.org\/{rel}","templated":true}]}}