{"id":35132,"date":"2022-06-26T18:12:22","date_gmt":"2022-06-26T16:12:22","guid":{"rendered":"https:\/\/adventum.org\/unete-a-nosotros\/"},"modified":"2022-06-26T18:12:22","modified_gmt":"2022-06-26T16:12:22","slug":"unete-a-nosotros","status":"publish","type":"page","link":"https:\/\/adventum.org\/es\/unete-a-nosotros\/","title":{"rendered":"\u00danete a nosotros"},"content":{"rendered":"<p style=\"color:red;font-weight:bold;\">Esta p\u00e1gina y su contenido se han generado autom\u00e1ticamente para ofrecerle una idea b\u00e1sica de c\u00f3mo deber\u00eda ser una p\u00e1gina \u00ab\u00danase a nosotros\u00bb. Puede personalizar esta p\u00e1gina como desee edit\u00e1ndola desde el editor de p\u00e1ginas de WordPress.<\/p>\n<p style=\"font-weight:bold;\">Si acaba cambiando la URL de esta p\u00e1gina, aseg\u00farese de actualizar el valor de la URL en el men\u00fa de configuraci\u00f3n del plugin.<\/p>\n<p style=\"border-top:1px solid #ccc;padding-top:10px;margin-top:10px;\">\n<p>\t\t\t<strong>Afiliaci\u00f3n gratuita<\/strong><br \/>\n\t\t\t<br \/>\n  Obtendr\u00e1 acceso ilimitado a contenidos gratuitos<br \/>\n\t\t\t<br \/>\n\t\t\t<em><strong>Precio: \u00a1Gratis!<\/strong><\/em><\/p>\n<p>Enlaza la siguiente imagen para ir a la p\u00e1gina de registro si quieres que tus visitantes puedan crear una cuenta de miembro gratuita<\/p>\n<p>\t\t\t<img loading=\"lazy\" decoding=\"async\" title=\"\u00danete ahora\" src=\"https:\/\/adventum.org\/wp-content\/plugins\/simple-membership\/images\/join-now-button-image.gif\" alt=\"Bot\u00f3n \u00danete\" width=\"277\" height=\"82\"><\/p>\n<p style=\"border-bottom:1px solid #ccc;padding-bottom:10px;margin-bottom:10px;\">\n<p><strong>Puede inscribirse gratuitamente o pagar por una de las siguientes opciones de afiliaci\u00f3n<\/strong><\/p>\n<p style=\"border-top:1px solid #ccc;padding-top:10px;margin-top:10px;\">\n<p>  [ ==&gt; Inserte aqu\u00ed el bot\u00f3n de pago para sus niveles de afiliaci\u00f3n de pago &lt;== ].  <\/p>\n<p style=\"border-bottom:1px solid #ccc;padding-bottom:10px;margin-bottom:10px;\">\n","protected":false},"excerpt":{"rendered":"<p>Esta p\u00e1gina y su contenido se han generado autom\u00e1ticamente para ofrecerle una idea b\u00e1sica de c\u00f3mo deber\u00eda ser una p\u00e1gina \u00ab\u00danase a nosotros\u00bb. Puede personalizar esta p\u00e1gina como desee edit\u00e1ndola [&hellip;]<\/p>\n","protected":false},"author":12,"featured_media":0,"parent":0,"menu_order":0,"comment_status":"closed","ping_status":"closed","template":"","meta":{"_et_pb_use_builder":"","_et_pb_old_content":"","_et_gb_content_width":"","footnotes":""},"class_list":["post-35132","page","type-page","status-publish","hentry"],"yoast_head":"<!-- This site is optimized with the Yoast SEO plugin v27.4 - https:\/\/yoast.com\/product\/yoast-seo-wordpress\/ -->\n<title>\u00danete a nosotros - Fondazione Adventum - Solidariet\u00e0 Antisura<\/title>\n<meta name=\"robots\" content=\"index, follow, max-snippet:-1, max-image-preview:large, max-video-preview:-1\" \/>\n<link rel=\"canonical\" href=\"https:\/\/adventum.org\/es\/unete-a-nosotros\/\" \/>\n<meta property=\"og:locale\" content=\"es_ES\" \/>\n<meta property=\"og:type\" content=\"article\" \/>\n<meta property=\"og:title\" content=\"\u00danete a nosotros - Fondazione Adventum - Solidariet\u00e0 Antisura\" \/>\n<meta property=\"og:description\" content=\"Esta p\u00e1gina y su contenido se han generado autom\u00e1ticamente para ofrecerle una idea b\u00e1sica de c\u00f3mo deber\u00eda ser una p\u00e1gina \u00ab\u00danase a nosotros\u00bb. Puede personalizar esta p\u00e1gina como desee edit\u00e1ndola [&hellip;]\" \/>\n<meta property=\"og:url\" content=\"https:\/\/adventum.org\/es\/unete-a-nosotros\/\" \/>\n<meta property=\"og:site_name\" content=\"Fondazione Adventum - Solidariet\u00e0 Antisura\" \/>\n<meta property=\"og:image\" content=\"https:\/\/adventum.org\/wp-content\/plugins\/simple-membership\/images\/join-now-button-image.gif\" \/>\n<meta name=\"twitter:card\" content=\"summary_large_image\" \/>\n<meta name=\"twitter:label1\" content=\"Tiempo de lectura\" \/>\n\t<meta name=\"twitter:data1\" content=\"1 minuto\" \/>\n<script type=\"application\/ld+json\" class=\"yoast-schema-graph\">{\"@context\":\"https:\\\/\\\/schema.org\",\"@graph\":[{\"@type\":\"WebPage\",\"@id\":\"https:\\\/\\\/adventum.org\\\/es\\\/unete-a-nosotros\\\/\",\"url\":\"https:\\\/\\\/adventum.org\\\/es\\\/unete-a-nosotros\\\/\",\"name\":\"\u00danete a nosotros - Fondazione Adventum - Solidariet\u00e0 Antisura\",\"isPartOf\":{\"@id\":\"https:\\\/\\\/adventum.org\\\/es\\\/#website\"},\"primaryImageOfPage\":{\"@id\":\"https:\\\/\\\/adventum.org\\\/es\\\/unete-a-nosotros\\\/#primaryimage\"},\"image\":{\"@id\":\"https:\\\/\\\/adventum.org\\\/es\\\/unete-a-nosotros\\\/#primaryimage\"},\"thumbnailUrl\":\"https:\\\/\\\/adventum.org\\\/wp-content\\\/plugins\\\/simple-membership\\\/images\\\/join-now-button-image.gif\",\"datePublished\":\"2022-06-26T16:12:22+00:00\",\"breadcrumb\":{\"@id\":\"https:\\\/\\\/adventum.org\\\/es\\\/unete-a-nosotros\\\/#breadcrumb\"},\"inLanguage\":\"es\",\"potentialAction\":[{\"@type\":\"ReadAction\",\"target\":[\"https:\\\/\\\/adventum.org\\\/es\\\/unete-a-nosotros\\\/\"]}]},{\"@type\":\"ImageObject\",\"inLanguage\":\"es\",\"@id\":\"https:\\\/\\\/adventum.org\\\/es\\\/unete-a-nosotros\\\/#primaryimage\",\"url\":\"https:\\\/\\\/adventum.org\\\/wp-content\\\/plugins\\\/simple-membership\\\/images\\\/join-now-button-image.gif\",\"contentUrl\":\"https:\\\/\\\/adventum.org\\\/wp-content\\\/plugins\\\/simple-membership\\\/images\\\/join-now-button-image.gif\"},{\"@type\":\"BreadcrumbList\",\"@id\":\"https:\\\/\\\/adventum.org\\\/es\\\/unete-a-nosotros\\\/#breadcrumb\",\"itemListElement\":[{\"@type\":\"ListItem\",\"position\":1,\"name\":\"Home\",\"item\":\"https:\\\/\\\/adventum.org\\\/es\\\/\"},{\"@type\":\"ListItem\",\"position\":2,\"name\":\"\u00danete a nosotros\"}]},{\"@type\":\"WebSite\",\"@id\":\"https:\\\/\\\/adventum.org\\\/es\\\/#website\",\"url\":\"https:\\\/\\\/adventum.org\\\/es\\\/\",\"name\":\"Fondazione Adventum - Solidariet\u00e0 Antisura\",\"description\":\"Prevenzione usura e indebitamento da prestiti\",\"potentialAction\":[{\"@type\":\"SearchAction\",\"target\":{\"@type\":\"EntryPoint\",\"urlTemplate\":\"https:\\\/\\\/adventum.org\\\/es\\\/?s={search_term_string}\"},\"query-input\":{\"@type\":\"PropertyValueSpecification\",\"valueRequired\":true,\"valueName\":\"search_term_string\"}}],\"inLanguage\":\"es\"}]}<\/script>\n<!-- \/ Yoast SEO plugin. -->","yoast_head_json":{"title":"\u00danete a nosotros - Fondazione Adventum - Solidariet\u00e0 Antisura","robots":{"index":"index","follow":"follow","max-snippet":"max-snippet:-1","max-image-preview":"max-image-preview:large","max-video-preview":"max-video-preview:-1"},"canonical":"https:\/\/adventum.org\/es\/unete-a-nosotros\/","og_locale":"es_ES","og_type":"article","og_title":"\u00danete a nosotros - Fondazione Adventum - Solidariet\u00e0 Antisura","og_description":"Esta p\u00e1gina y su contenido se han generado autom\u00e1ticamente para ofrecerle una idea b\u00e1sica de c\u00f3mo deber\u00eda ser una p\u00e1gina \u00ab\u00danase a nosotros\u00bb. Puede personalizar esta p\u00e1gina como desee edit\u00e1ndola [&hellip;]","og_url":"https:\/\/adventum.org\/es\/unete-a-nosotros\/","og_site_name":"Fondazione Adventum - Solidariet\u00e0 Antisura","og_image":[{"url":"https:\/\/adventum.org\/wp-content\/plugins\/simple-membership\/images\/join-now-button-image.gif","type":"","width":"","height":""}],"twitter_card":"summary_large_image","twitter_misc":{"Tiempo de lectura":"1 minuto"},"schema":{"@context":"https:\/\/schema.org","@graph":[{"@type":"WebPage","@id":"https:\/\/adventum.org\/es\/unete-a-nosotros\/","url":"https:\/\/adventum.org\/es\/unete-a-nosotros\/","name":"\u00danete a nosotros - Fondazione Adventum - Solidariet\u00e0 Antisura","isPartOf":{"@id":"https:\/\/adventum.org\/es\/#website"},"primaryImageOfPage":{"@id":"https:\/\/adventum.org\/es\/unete-a-nosotros\/#primaryimage"},"image":{"@id":"https:\/\/adventum.org\/es\/unete-a-nosotros\/#primaryimage"},"thumbnailUrl":"https:\/\/adventum.org\/wp-content\/plugins\/simple-membership\/images\/join-now-button-image.gif","datePublished":"2022-06-26T16:12:22+00:00","breadcrumb":{"@id":"https:\/\/adventum.org\/es\/unete-a-nosotros\/#breadcrumb"},"inLanguage":"es","potentialAction":[{"@type":"ReadAction","target":["https:\/\/adventum.org\/es\/unete-a-nosotros\/"]}]},{"@type":"ImageObject","inLanguage":"es","@id":"https:\/\/adventum.org\/es\/unete-a-nosotros\/#primaryimage","url":"https:\/\/adventum.org\/wp-content\/plugins\/simple-membership\/images\/join-now-button-image.gif","contentUrl":"https:\/\/adventum.org\/wp-content\/plugins\/simple-membership\/images\/join-now-button-image.gif"},{"@type":"BreadcrumbList","@id":"https:\/\/adventum.org\/es\/unete-a-nosotros\/#breadcrumb","itemListElement":[{"@type":"ListItem","position":1,"name":"Home","item":"https:\/\/adventum.org\/es\/"},{"@type":"ListItem","position":2,"name":"\u00danete a nosotros"}]},{"@type":"WebSite","@id":"https:\/\/adventum.org\/es\/#website","url":"https:\/\/adventum.org\/es\/","name":"Fondazione Adventum - Solidariet\u00e0 Antisura","description":"Prevenzione usura e indebitamento da prestiti","potentialAction":[{"@type":"SearchAction","target":{"@type":"EntryPoint","urlTemplate":"https:\/\/adventum.org\/es\/?s={search_term_string}"},"query-input":{"@type":"PropertyValueSpecification","valueRequired":true,"valueName":"search_term_string"}}],"inLanguage":"es"}]}},"_links":{"self":[{"href":"https:\/\/adventum.org\/es\/wp-json\/wp\/v2\/pages\/35132","targetHints":{"allow":["GET"]}}],"collection":[{"href":"https:\/\/adventum.org\/es\/wp-json\/wp\/v2\/pages"}],"about":[{"href":"https:\/\/adventum.org\/es\/wp-json\/wp\/v2\/types\/page"}],"author":[{"embeddable":true,"href":"https:\/\/adventum.org\/es\/wp-json\/wp\/v2\/users\/12"}],"replies":[{"embeddable":true,"href":"https:\/\/adventum.org\/es\/wp-json\/wp\/v2\/comments?post=35132"}],"version-history":[{"count":0,"href":"https:\/\/adventum.org\/es\/wp-json\/wp\/v2\/pages\/35132\/revisions"}],"wp:attachment":[{"href":"https:\/\/adventum.org\/es\/wp-json\/wp\/v2\/media?parent=35132"}],"curies":[{"name":"wp","href":"https:\/\/api.w.org\/{rel}","templated":true}]}}