{"id":35117,"date":"2021-09-02T10:52:05","date_gmt":"2021-09-02T08:52:05","guid":{"rendered":"https:\/\/adventum.org\/preguntas-frecuentes\/"},"modified":"2023-04-17T09:42:39","modified_gmt":"2023-04-17T07:42:39","slug":"preguntas-frecuentes","status":"publish","type":"page","link":"https:\/\/adventum.org\/es\/preguntas-frecuentes\/","title":{"rendered":"PREGUNTAS FRECUENTES"},"content":{"rendered":"\n[et_pb_section fb_built=\u00bb1&#8243; fullwidth=\u00bbon\u00bb _builder_version=\u00bb4.9.6&#8243; global_module=\u00bb32290&#8243; global_colors_info=\u00bb{}\u00bb][et_pb_fullwidth_code _builder_version=\u00bb4.9.6&#8243; custom_margin=\u00bb58px||0px||false|false\u00bb custom_padding=\u00bb1px||24px||false|false\u00bb global_colors_info=\u00bb{}\u00bb]\n\t\t\t\t<p class=\"rs-p-wp-fix\"><\/p>\n\t\t\t\t<sr7-module data-alias=\"servizi-slider-1\" data-id=\"13\" id=\"SR7_13_1\" class=\"rs-ov-hidden\" data-version=\"6.7.51\">\n\t\t\t\t\t<sr7-adjuster><\/sr7-adjuster>\n\t\t\t\t\t<sr7-content>\n\t\t\t\t\t\t<sr7-slide id=\"SR7_13_1-19\" data-key=\"19\">\n\t\t\t\t\t\t\t<sr7-bg id=\"SR7_13_1-19-5\" class=\"sr7-layer\"><noscript><img decoding=\"async\" src=\"https:\/\/adventum.s3.eu-west-1.amazonaws.com\/wp-content\/uploads\/2020\/08\/banner-servizi-griglia-pois.png\" alt=\"\" title=\"banner-servizi-griglia-pois\"><\/noscript><\/sr7-bg>\n\t\t\t\t\t\t<\/sr7-slide>\n\t\t\t\t\t\t<sr7-slide id=\"SR7_13_1-51\" data-key=\"51\">\n\t\t\t\t\t\t<\/sr7-slide>\n\t\t\t\t\t<\/sr7-content>\n\t\t\t\t\t<image_lists style=\"display:none\">\n\t\t\t\t\t\t<img data-src=\"\/\/adventum.s3.eu-west-1.amazonaws.com\/wp-content\/uploads\/2021\/09\/Banner-FAQ.png\" data-libid=\"32294\" data-lib=\"medialibrary\" title=\"Banner-FAQ\" width=\"0\" height=\"0\" data-dbsrc=\"Ly9hZHZlbnR1bS5zMy5ldS13ZXN0LTEuYW1hem9uYXdzLmNvbS93cC1jb250ZW50L3VwbG9hZHMvMjAyMS8wOS9CYW5uZXItRkFRLnBuZw==\"\/>\n\t\t\t\t\t\t<img data-src=\"\/\/adventum.s3.eu-west-1.amazonaws.com\/wp-content\/uploads\/2020\/08\/banner-servizi-griglia-pois.png\" data-libid=\"30950\" data-lib=\"medialibrary\" title=\"banner-servizi-griglia-pois\" width=\"0\" height=\"0\" data-dbsrc=\"Ly9hZHZlbnR1bS5zMy5ldS13ZXN0LTEuYW1hem9uYXdzLmNvbS93cC1jb250ZW50L3VwbG9hZHMvMjAyMC8wOC9iYW5uZXItc2Vydml6aS1ncmlnbGlhLXBvaXMucG5n\"\/>\n\t\t\t\t\t<\/image_lists>\n\t\t\t\t<\/sr7-module>\n\t\t\t\t<script>\n\t\t\t\t\twindow.SR7 ??={};SR7.PMH ??={}; SR7.PMH[\"SR7_13_1\"] = {cn:100,state:false,fn: function() { if (window._tpt!==undefined && window._tpt.prepareModuleHeight !== undefined) {  _tpt.prepareModuleHeight({id:\"SR7_13_1\",el:[351,351,768,960,136],type:'standard',shdw:'0',gh:[351,351,,,],gw:[1240,1240,1024,778,480],vpt:['-200px'],size:{fullWidth:true, fullHeight:false},mh:'0',onh:0,onw:0,bg:{color:'{\"orig\":\"transparent\",\"type\":\"solid\",\"string\":\"transparent\"}'},plType:'0',plColor:'#FFFFFF'});   SR7.PMH[\"SR7_13_1\"].state=true;} else if(SR7.PMH[\"SR7_13_1\"].cn-->0)\tsetTimeout( SR7.PMH[\"SR7_13_1\"].fn,19);}};SR7.PMH[\"SR7_13_1\" ].fn();\n\t\t\t\t<\/script>\n[\/et_pb_fullwidth_code][\/et_pb_section][et_pb_section fb_built=\u00bb1&#8243; custom_padding_last_edited=\u00bbon|phone\u00bb disabled_on=\u00bboff|off|off\u00bb admin_label=\u00bbsection\u00bb _builder_version=\u00bb4.9.6&#8243; background_enable_color=\u00bboff\u00bb background_image=\u00bbhttps:\/\/adventum.s3.eu-west-1.amazonaws.com\/wp-content\/uploads\/2021\/09\/Sondo-FAQ.png\u00bb min_height=\u00bb471px\u00bb custom_margin=\u00bb0px||||false|false\u00bb custom_padding=\u00bb186px||||false|false\u00bb custom_padding_tablet=\u00bb\u00bb custom_padding_phone=\u00bb82px||||false|false\u00bb border_radii=\u00bboff||106px||\u00bb transparent_background=\u00bboff\u00bb make_fullwidth=\u00bboff\u00bb use_custom_width=\u00bboff\u00bb width_unit=\u00bboff\u00bb custom_width_px=\u00bb1080px\u00bb custom_width_percent=\u00bb80%\u00bb global_colors_info=\u00bb{}\u00bb][et_pb_row column_structure=\u00bb1_2,1_2&#8243; admin_label=\u00bbfila\u00bb _builder_version=\u00bb4.9.6&#8243; background_size=\u00bbinitial\u00bb background_position=\u00bbtop_left\u00bb background_repeat=\u00bbrepeat\u00bb min_height=\u00bb389px\u00bb custom_margin=\u00bb-31px|auto|0px|auto|false|false\u00bb custom_padding=\u00bb0px||||false|false\u00bb animation_style=\u00bbfade\u00bb make_fullwidth=\u00bboff\u00bb use_custom_width=\u00bboff\u00bb width_unit=\u00bboff\u00bb custom_width_px=\u00bb1080px\u00bb custom_width_percent=\u00bb80%\u00bb global_colors_info=\u00bb{}\u00bb][et_pb_column type=\u00bb1_2&#8243; _builder_version=\u00bb3.25&#8243; custom_padding=\u00bb|||\u00bb global_colors_info=\u00bb{}\u00bb custom_padding__hover=\u00bb|||\u00bb][et_pb_toggle title=\u00bb\u00bfQui\u00e9n es usted?\u00bb open_toggle_text_color=\u00bb#00556C\u00bb open_toggle_background_color=\u00bb#eedd98&#8243; closed_toggle_background_color=\u00bb#eedd98&#8243; icon_color=\u00bb#00556C\u00bb _builder_version=\u00bb4.9.6&#8243; _module_preset=\u00bbdefault\u00bb title_text_color=\u00bb#00556C\u00bb title_level=\u00bbh3&#8243; border_radii=\u00bbon|10px|10px|10px|10px\u00bb global_colors_info=\u00bb{}\u00bb]<p>Somos una fundaci\u00f3n que gestiona un centro de escucha y orientaci\u00f3n para promover la buena gesti\u00f3n del dinero. Nacimos en 1995 gracias al ocho por mil que la Iglesia Cristiana Adventista recibe cada a\u00f1o a elecci\u00f3n de los contribuyentes.<\/p>[\/et_pb_toggle][et_pb_toggle title=\u00bb\u00bfA qu\u00e9 te dedicas?\u00bb open_toggle_text_color=\u00bb#00556C\u00bb open_toggle_background_color=\u00bb#eedd98&#8243; closed_toggle_background_color=\u00bb#eedd98&#8243; icon_color=\u00bb#00556C\u00bb _builder_version=\u00bb4.9.6&#8243; _module_preset=\u00bbdefault\u00bb title_text_color=\u00bb#00556C\u00bb title_level=\u00bbh3&#8243; border_radii=\u00bbon|10px|10px|10px|10px\u00bb global_colors_info=\u00bb{}\u00bb]<p>Junto con la persona, evaluamos su situaci\u00f3n de endeudamiento y su capacidad de ingresos para salir de deudas.<\/p>[\/et_pb_toggle][et_pb_toggle title=\u00bbSi despu\u00e9s de hacer todos los c\u00e1lculos resulta que no puedo pagar mis deudas, \u00bfqu\u00e9 se puede hacer?\u00bb open_toggle_text_color=\u00bb#00556C\u00bb open_toggle_background_color=\u00bb#eedd98&#8243; closed_toggle_background_color=\u00bb#eedd98&#8243; icon_color=\u00bb#00556C\u00bb _builder_version=\u00bb4.9.6&#8243; _module_preset=\u00bbdefault\u00bb title_text_color=\u00bb#00556C\u00bb title_level=\u00bbh3&#8243; border_radii=\u00bbon|10px|10px|10px|10px\u00bb global_colors_info=\u00bb{}\u00bb]<p>Si se cumplen los <a href=\"https:\/\/adventum.org\/es\/servicios\/como-acceder\/\">criterios de m\u00e9rito de la Ley 108\/96<\/a>, tanto nosotros como el solicitante tratamos de negociar con los deudores -siempre que sea posible- y, tras los acuerdos oportunos, presentamos una solicitud de pr\u00e9stamo a uno de los bancos afiliados para saldar las deudas del solicitante. NO proporcionamos liquidez.<\/p>[\/et_pb_toggle][\/et_pb_column][et_pb_column type=\u00bb1_2&#8243; _builder_version=\u00bb4.9.6&#8243; _module_preset=\u00bbdefault\u00bb global_colors_info=\u00bb{}\u00bb][et_pb_toggle title=\u00bbVivo fuera del Lacio, \u00bfpueden ayudarme?\u00bb open_toggle_text_color=\u00bb#00556C\u00bb open_toggle_background_color=\u00bb#eedd98&#8243; closed_toggle_background_color=\u00bb#eedd98&#8243; icon_color=\u00bb#00556C\u00bb _builder_version=\u00bb4.10.6&#8243; _module_preset=\u00bbdefault\u00bb title_text_color=\u00bb#00556C\u00bb title_level=\u00bbh3&#8243; hover_enabled=\u00bb0&#8243; border_radii=\u00bbon|10px|10px|10px|10px\u00bb global_colors_info=\u00bb{}\u00bb sticky_enabled=\u00bb0&#8243;]<p><span>Las operaciones del banco con el que trabajamos son estrictamente territoriales, pero en esta lista encontrar\u00e1 las <\/span><strong>\n  <a href=\"https:\/\/www.interno.gov.it\/sites\/default\/files\/allegati\/fondazioni_antiracket_maggio2020.pdf\">fundaciones<\/a>\n<\/strong><span> e <\/span><strong>\n  <a href=\"https:\/\/www.interno.gov.it\/sites\/default\/files\/2021-06\/associazioni_racket_e_usura_31.05.2021.pdf\" title=\"https:\/\/www.interno.gov.it\/sites\/default\/files\/2021-06\/associazioni_racket_e_usura_31.05.2021.pdf\">asociaciones<\/a>\n<\/strong><span><strong> <\/strong>reconocidas por el <\/span><strong>\n  <a href=\"https:\/\/www.interno.gov.it\/it\/associazioni-antiracket-fondazioni-antiusura\">MEF &#8211; Ministerio de Econom\u00eda y Hacienda<\/a>\n<\/strong><span>  presentes en todo el pa\u00eds. Adem\u00e1s, al identificar la realidad m\u00e1s cercana a su residencia, podr\u00e1 establecer un contacto m\u00e1s eficaz para que le sigan a lo largo del camino.<\/span><\/p>[\/et_pb_toggle][et_pb_toggle title=\u00bbTengo un negocio de artesan\u00eda y necesito liquidez, \u00bfpueden ayudarme?\u00bb open_toggle_text_color=\u00bb#00556C\u00bb open_toggle_background_color=\u00bb#eedd98&#8243; closed_toggle_background_color=\u00bb#eedd98&#8243; icon_color=\u00bb#00556C\u00bb _builder_version=\u00bb4.10.6&#8243; _module_preset=\u00bbdefault\u00bb title_text_color=\u00bb#00556C\u00bb title_level=\u00bbh3&#8243; hover_enabled=\u00bb0&#8243; border_radii=\u00bbon|10px|10px|10px|10px\u00bb global_colors_info=\u00bb{}\u00bb sticky_enabled=\u00bb0&#8243;]<p>No, como fundaci\u00f3n podemos apoyar a empleados y pensionistas. P\u00f3ngase en contacto con sus confidentes m\u00e1s cercanos para concertar una entrevista.<\/p>\n<p><\/p>[\/et_pb_toggle][et_pb_toggle title=\u00bb\u00bfCon qu\u00e9 dinero trabaja?\u00bb open_toggle_text_color=\u00bb#00556C\u00bb open_toggle_background_color=\u00bb#eedd98&#8243; closed_toggle_background_color=\u00bb#eedd98&#8243; icon_color=\u00bb#00556C\u00bb _builder_version=\u00bb4.10.6&#8243; _module_preset=\u00bbdefault\u00bb title_text_color=\u00bb#00556C\u00bb title_level=\u00bbh3&#8243; custom_margin=\u00bb||106px|||\u00bb hover_enabled=\u00bb0&#8243; border_radii=\u00bbon|10px|10px|10px|10px\u00bb global_colors_info=\u00bb{}\u00bb sticky_enabled=\u00bb0&#8243;]<p>Con fondos concedidos por el <a href=\"https:\/\/www.interno.gov.it\/it\/associazioni-antiracket-fondazioni-antiusura\" target=\"_blank\" rel=\"noopener noreferrer\">MEF &#8211; Ministerio de Econom\u00eda y Finanzas, en virtud de la Ley 108\/96<\/a>.<\/p>[\/et_pb_toggle][\/et_pb_column][\/et_pb_row][et_pb_row column_structure=\u00bb1_2,1_2&#8243; _builder_version=\u00bb4.9.6&#8243; _module_preset=\u00bbdefault\u00bb custom_margin=\u00bb-138px|auto||auto||\u00bb global_colors_info=\u00bb{}\u00bb][et_pb_column type=\u00bb1_2&#8243; _builder_version=\u00bb4.9.6&#8243; _module_preset=\u00bbdefault\u00bb global_colors_info=\u00bb{}\u00bb][et_pb_text _builder_version=\u00bb4.9.6&#8243; _module_preset=\u00bbdefault\u00bb text_font=\u00bbYeseva One||||||||\u00bb text_font_size=\u00bb26px\u00bb text_orientation=\u00bbcenter\u00bb global_colors_info=\u00bb{}\u00bb]<p style=\"text-align: left;\">Si tiene m\u00e1s preguntas, rellene el formulario. Nos pondremos en contacto con usted lo antes posible.<\/p>[\/et_pb_text][et_pb_text _builder_version=\u00bb4.5.6&#8243; _module_preset=\u00bbdefault\u00bb global_colors_info=\u00bb{}\u00bb]<script type=\"text\/javascript\" src=\"https:\/\/form.jotform.com\/jsform\/202305070520336\"><\/script>[\/et_pb_text][\/et_pb_column][et_pb_column type=\u00bb1_2&#8243; _builder_version=\u00bb4.9.6&#8243; _module_preset=\u00bbdefault\u00bb global_colors_info=\u00bb{}\u00bb][\/et_pb_column][\/et_pb_row][\/et_pb_section]\n","protected":false},"excerpt":{"rendered":"<p>\n\t\t\t\t<p class=\"rs-p-wp-fix\"><\/p>\n\t\t\t\t<sr7-module data-alias=\"servizi-slider-1\" data-id=\"13\" id=\"SR7_13_2\" class=\"rs-ov-hidden\" data-version=\"6.7.51\">\n\t\t\t\t\t<sr7-adjuster><\/sr7-adjuster>\n\t\t\t\t\t<sr7-content>\n\t\t\t\t\t\t<sr7-slide id=\"SR7_13_2-19\" data-key=\"19\">\n\t\t\t\t\t\t\t<sr7-bg id=\"SR7_13_2-19-5\" class=\"sr7-layer\"><noscript><img decoding=\"async\" src=\"https:\/\/adventum.s3.eu-west-1.amazonaws.com\/wp-content\/uploads\/2020\/08\/banner-servizi-griglia-pois.png\" alt=\"\" title=\"banner-servizi-griglia-pois\"><\/noscript><\/sr7-bg>\n\t\t\t\t\t\t<\/sr7-slide>\n\t\t\t\t\t\t<sr7-slide id=\"SR7_13_2-51\" data-key=\"51\">\n\t\t\t\t\t\t<\/sr7-slide>\n\t\t\t\t\t<\/sr7-content>\n\t\t\t\t\t<image_lists style=\"display:none\">\n\t\t\t\t\t\t<img data-src=\"\/\/adventum.s3.eu-west-1.amazonaws.com\/wp-content\/uploads\/2021\/09\/Banner-FAQ.png\" data-libid=\"32294\" data-lib=\"medialibrary\" title=\"Banner-FAQ\" width=\"0\" height=\"0\" data-dbsrc=\"Ly9hZHZlbnR1bS5zMy5ldS13ZXN0LTEuYW1hem9uYXdzLmNvbS93cC1jb250ZW50L3VwbG9hZHMvMjAyMS8wOS9CYW5uZXItRkFRLnBuZw==\"\/>\n\t\t\t\t\t\t<img data-src=\"\/\/adventum.s3.eu-west-1.amazonaws.com\/wp-content\/uploads\/2020\/08\/banner-servizi-griglia-pois.png\" data-libid=\"30950\" data-lib=\"medialibrary\" title=\"banner-servizi-griglia-pois\" width=\"0\" height=\"0\" data-dbsrc=\"Ly9hZHZlbnR1bS5zMy5ldS13ZXN0LTEuYW1hem9uYXdzLmNvbS93cC1jb250ZW50L3VwbG9hZHMvMjAyMC8wOC9iYW5uZXItc2Vydml6aS1ncmlnbGlhLXBvaXMucG5n\"\/>\n\t\t\t\t\t<\/image_lists>\n\t\t\t\t<\/sr7-module>\n\t\t\t\t<script>\n\t\t\t\t\twindow.SR7 ??={};SR7.PMH ??={}; SR7.PMH[\"SR7_13_2\"] = {cn:100,state:false,fn: function() { if (window._tpt!==undefined && window._tpt.prepareModuleHeight !== undefined) {  _tpt.prepareModuleHeight({id:\"SR7_13_2\",el:[351,351,768,960,136],type:'standard',shdw:'0',gh:[351,351,,,],gw:[1240,1240,1024,778,480],vpt:['-200px'],size:{fullWidth:true, fullHeight:false},mh:'0',onh:0,onw:0,bg:{color:'{\"orig\":\"transparent\",\"type\":\"solid\",\"string\":\"transparent\"}'},plType:'0',plColor:'#FFFFFF'});   SR7.PMH[\"SR7_13_2\"].state=true;} else if(SR7.PMH[\"SR7_13_2\"].cn-->0)\tsetTimeout( SR7.PMH[\"SR7_13_2\"].fn,19);}};SR7.PMH[\"SR7_13_2\" ].fn();\n\t\t\t\t<\/script>\nSomos una fundaci\u00f3n que gestiona un centro de escucha y orientaci\u00f3n para promover la buena gesti\u00f3n del dinero. Nacimos en 1995 gracias al ocho por mil que la Iglesia [&hellip;]<\/p>\n","protected":false},"author":11,"featured_media":34766,"parent":0,"menu_order":0,"comment_status":"closed","ping_status":"closed","template":"","meta":{"_et_pb_use_builder":"on","_et_pb_old_content":"","_et_gb_content_width":"","footnotes":""},"class_list":["post-35117","page","type-page","status-publish","has-post-thumbnail","hentry"],"yoast_head":"<!-- This site is optimized with the Yoast SEO plugin v27.4 - https:\/\/yoast.com\/product\/yoast-seo-wordpress\/ -->\n<title>PREGUNTAS FRECUENTES - Fondazione Adventum - Solidariet\u00e0 Antisura<\/title>\n<meta name=\"robots\" content=\"index, follow, max-snippet:-1, max-image-preview:large, max-video-preview:-1\" \/>\n<link rel=\"canonical\" href=\"https:\/\/adventum.org\/es\/preguntas-frecuentes\/\" \/>\n<meta property=\"og:locale\" content=\"es_ES\" \/>\n<meta property=\"og:type\" content=\"article\" \/>\n<meta property=\"og:title\" content=\"PREGUNTAS FRECUENTES - Fondazione Adventum - Solidariet\u00e0 Antisura\" \/>\n<meta property=\"og:description\" content=\"Somos una fundaci\u00f3n que gestiona un centro de escucha y orientaci\u00f3n para promover la buena gesti\u00f3n del dinero. Nacimos en 1995 gracias al ocho por mil que la Iglesia [&hellip;]\" \/>\n<meta property=\"og:url\" content=\"https:\/\/adventum.org\/es\/preguntas-frecuentes\/\" \/>\n<meta property=\"og:site_name\" content=\"Fondazione Adventum - Solidariet\u00e0 Antisura\" \/>\n<meta property=\"article:modified_time\" content=\"2023-04-17T07:42:39+00:00\" \/>\n<meta property=\"og:image\" content=\"https:\/\/adventum.org\/wp-content\/uploads\/2021\/09\/2358405.jpg\" \/>\n\t<meta property=\"og:image:width\" content=\"1080\" \/>\n\t<meta property=\"og:image:height\" content=\"1080\" \/>\n\t<meta property=\"og:image:type\" content=\"image\/jpeg\" \/>\n<meta name=\"twitter:card\" content=\"summary_large_image\" \/>\n<meta name=\"twitter:label1\" content=\"Tiempo de lectura\" \/>\n\t<meta name=\"twitter:data1\" content=\"5 minutos\" \/>\n<script type=\"application\/ld+json\" class=\"yoast-schema-graph\">{\"@context\":\"https:\\\/\\\/schema.org\",\"@graph\":[{\"@type\":\"WebPage\",\"@id\":\"https:\\\/\\\/adventum.org\\\/es\\\/preguntas-frecuentes\\\/\",\"url\":\"https:\\\/\\\/adventum.org\\\/es\\\/preguntas-frecuentes\\\/\",\"name\":\"PREGUNTAS FRECUENTES - Fondazione Adventum - Solidariet\u00e0 Antisura\",\"isPartOf\":{\"@id\":\"https:\\\/\\\/adventum.org\\\/es\\\/#website\"},\"primaryImageOfPage\":{\"@id\":\"https:\\\/\\\/adventum.org\\\/es\\\/preguntas-frecuentes\\\/#primaryimage\"},\"image\":{\"@id\":\"https:\\\/\\\/adventum.org\\\/es\\\/preguntas-frecuentes\\\/#primaryimage\"},\"thumbnailUrl\":\"https:\\\/\\\/adventum.org\\\/wp-content\\\/uploads\\\/2021\\\/09\\\/2358405.jpg\",\"datePublished\":\"2021-09-02T08:52:05+00:00\",\"dateModified\":\"2023-04-17T07:42:39+00:00\",\"breadcrumb\":{\"@id\":\"https:\\\/\\\/adventum.org\\\/es\\\/preguntas-frecuentes\\\/#breadcrumb\"},\"inLanguage\":\"es\",\"potentialAction\":[{\"@type\":\"ReadAction\",\"target\":[\"https:\\\/\\\/adventum.org\\\/es\\\/preguntas-frecuentes\\\/\"]}]},{\"@type\":\"ImageObject\",\"inLanguage\":\"es\",\"@id\":\"https:\\\/\\\/adventum.org\\\/es\\\/preguntas-frecuentes\\\/#primaryimage\",\"url\":\"https:\\\/\\\/adventum.org\\\/wp-content\\\/uploads\\\/2021\\\/09\\\/2358405.jpg\",\"contentUrl\":\"https:\\\/\\\/adventum.org\\\/wp-content\\\/uploads\\\/2021\\\/09\\\/2358405.jpg\",\"width\":1080,\"height\":1080},{\"@type\":\"BreadcrumbList\",\"@id\":\"https:\\\/\\\/adventum.org\\\/es\\\/preguntas-frecuentes\\\/#breadcrumb\",\"itemListElement\":[{\"@type\":\"ListItem\",\"position\":1,\"name\":\"Home\",\"item\":\"https:\\\/\\\/adventum.org\\\/es\\\/\"},{\"@type\":\"ListItem\",\"position\":2,\"name\":\"PREGUNTAS FRECUENTES\"}]},{\"@type\":\"WebSite\",\"@id\":\"https:\\\/\\\/adventum.org\\\/es\\\/#website\",\"url\":\"https:\\\/\\\/adventum.org\\\/es\\\/\",\"name\":\"Fondazione Adventum - Solidariet\u00e0 Antisura\",\"description\":\"Prevenzione usura e indebitamento da prestiti\",\"potentialAction\":[{\"@type\":\"SearchAction\",\"target\":{\"@type\":\"EntryPoint\",\"urlTemplate\":\"https:\\\/\\\/adventum.org\\\/es\\\/?s={search_term_string}\"},\"query-input\":{\"@type\":\"PropertyValueSpecification\",\"valueRequired\":true,\"valueName\":\"search_term_string\"}}],\"inLanguage\":\"es\"}]}<\/script>\n<!-- \/ Yoast SEO plugin. -->","yoast_head_json":{"title":"PREGUNTAS FRECUENTES - Fondazione Adventum - Solidariet\u00e0 Antisura","robots":{"index":"index","follow":"follow","max-snippet":"max-snippet:-1","max-image-preview":"max-image-preview:large","max-video-preview":"max-video-preview:-1"},"canonical":"https:\/\/adventum.org\/es\/preguntas-frecuentes\/","og_locale":"es_ES","og_type":"article","og_title":"PREGUNTAS FRECUENTES - Fondazione Adventum - Solidariet\u00e0 Antisura","og_description":"Somos una fundaci\u00f3n que gestiona un centro de escucha y orientaci\u00f3n para promover la buena gesti\u00f3n del dinero. Nacimos en 1995 gracias al ocho por mil que la Iglesia [&hellip;]","og_url":"https:\/\/adventum.org\/es\/preguntas-frecuentes\/","og_site_name":"Fondazione Adventum - Solidariet\u00e0 Antisura","article_modified_time":"2023-04-17T07:42:39+00:00","og_image":[{"width":1080,"height":1080,"url":"https:\/\/adventum.org\/wp-content\/uploads\/2021\/09\/2358405.jpg","type":"image\/jpeg"}],"twitter_card":"summary_large_image","twitter_misc":{"Tiempo de lectura":"5 minutos"},"schema":{"@context":"https:\/\/schema.org","@graph":[{"@type":"WebPage","@id":"https:\/\/adventum.org\/es\/preguntas-frecuentes\/","url":"https:\/\/adventum.org\/es\/preguntas-frecuentes\/","name":"PREGUNTAS FRECUENTES - Fondazione Adventum - Solidariet\u00e0 Antisura","isPartOf":{"@id":"https:\/\/adventum.org\/es\/#website"},"primaryImageOfPage":{"@id":"https:\/\/adventum.org\/es\/preguntas-frecuentes\/#primaryimage"},"image":{"@id":"https:\/\/adventum.org\/es\/preguntas-frecuentes\/#primaryimage"},"thumbnailUrl":"https:\/\/adventum.org\/wp-content\/uploads\/2021\/09\/2358405.jpg","datePublished":"2021-09-02T08:52:05+00:00","dateModified":"2023-04-17T07:42:39+00:00","breadcrumb":{"@id":"https:\/\/adventum.org\/es\/preguntas-frecuentes\/#breadcrumb"},"inLanguage":"es","potentialAction":[{"@type":"ReadAction","target":["https:\/\/adventum.org\/es\/preguntas-frecuentes\/"]}]},{"@type":"ImageObject","inLanguage":"es","@id":"https:\/\/adventum.org\/es\/preguntas-frecuentes\/#primaryimage","url":"https:\/\/adventum.org\/wp-content\/uploads\/2021\/09\/2358405.jpg","contentUrl":"https:\/\/adventum.org\/wp-content\/uploads\/2021\/09\/2358405.jpg","width":1080,"height":1080},{"@type":"BreadcrumbList","@id":"https:\/\/adventum.org\/es\/preguntas-frecuentes\/#breadcrumb","itemListElement":[{"@type":"ListItem","position":1,"name":"Home","item":"https:\/\/adventum.org\/es\/"},{"@type":"ListItem","position":2,"name":"PREGUNTAS FRECUENTES"}]},{"@type":"WebSite","@id":"https:\/\/adventum.org\/es\/#website","url":"https:\/\/adventum.org\/es\/","name":"Fondazione Adventum - Solidariet\u00e0 Antisura","description":"Prevenzione usura e indebitamento da prestiti","potentialAction":[{"@type":"SearchAction","target":{"@type":"EntryPoint","urlTemplate":"https:\/\/adventum.org\/es\/?s={search_term_string}"},"query-input":{"@type":"PropertyValueSpecification","valueRequired":true,"valueName":"search_term_string"}}],"inLanguage":"es"}]}},"_links":{"self":[{"href":"https:\/\/adventum.org\/es\/wp-json\/wp\/v2\/pages\/35117","targetHints":{"allow":["GET"]}}],"collection":[{"href":"https:\/\/adventum.org\/es\/wp-json\/wp\/v2\/pages"}],"about":[{"href":"https:\/\/adventum.org\/es\/wp-json\/wp\/v2\/types\/page"}],"author":[{"embeddable":true,"href":"https:\/\/adventum.org\/es\/wp-json\/wp\/v2\/users\/11"}],"replies":[{"embeddable":true,"href":"https:\/\/adventum.org\/es\/wp-json\/wp\/v2\/comments?post=35117"}],"version-history":[{"count":0,"href":"https:\/\/adventum.org\/es\/wp-json\/wp\/v2\/pages\/35117\/revisions"}],"wp:featuredmedia":[{"embeddable":true,"href":"https:\/\/adventum.org\/es\/wp-json\/wp\/v2\/media\/34766"}],"wp:attachment":[{"href":"https:\/\/adventum.org\/es\/wp-json\/wp\/v2\/media?parent=35117"}],"curies":[{"name":"wp","href":"https:\/\/api.w.org\/{rel}","templated":true}]}}