{"id":35095,"date":"2020-08-18T15:45:49","date_gmt":"2020-08-18T13:45:49","guid":{"rendered":"https:\/\/adventum.org\/contacte-con\/"},"modified":"2025-12-01T13:10:49","modified_gmt":"2025-12-01T12:10:49","slug":"contacte-con","status":"publish","type":"page","link":"https:\/\/adventum.org\/es\/contacte-con\/","title":{"rendered":"Contacte con"},"content":{"rendered":"<p>[et_pb_section fb_built=\u00bb1&#8243; fullwidth=\u00bbon\u00bb _builder_version=\u00bb4.16&#8243; da_disable_devices=\u00bboff|off|off\u00bb locked=\u00bboff\u00bb global_colors_info=\u00bb{}\u00bb da_is_popup=\u00bboff\u00bb da_exit_intent=\u00bboff\u00bb da_has_close=\u00bbon\u00bb da_alt_close=\u00bboff\u00bb da_dark_close=\u00bboff\u00bb da_not_modal=\u00bbon\u00bb da_is_singular=\u00bboff\u00bb da_with_loader=\u00bboff\u00bb da_has_shadow=\u00bbon\u00bb][et_pb_fullwidth_code _builder_version=\u00bb4.16&#8243; global_colors_info=\u00bb{}\u00bb]\n\t\t\t\t<p class=\"rs-p-wp-fix\"><\/p>\n\t\t\t\t<sr7-module data-alias=\"contatti-slider\" data-id=\"12\" id=\"SR7_12_1\" class=\"rs-ov-hidden\" data-version=\"6.7.51\">\n\t\t\t\t\t<sr7-adjuster><\/sr7-adjuster>\n\t\t\t\t\t<sr7-content>\n\t\t\t\t\t\t<sr7-slide id=\"SR7_12_1-18\" data-key=\"18\">\n\t\t\t\t\t\t\t<sr7-bg id=\"SR7_12_1-18-5\" class=\"sr7-layer\"><noscript><img decoding=\"async\" src=\"https:\/\/adventum.s3.eu-west-1.amazonaws.com\/wp-content\/uploads\/2020\/08\/banner-contatti-griglia-pois.png\" alt=\"\" title=\"banner-contatti-griglia-pois\"><\/noscript><\/sr7-bg>\n\t\t\t\t\t\t<\/sr7-slide>\n\t\t\t\t\t\t<sr7-slide id=\"SR7_12_1-50\" data-key=\"50\">\n\t\t\t\t\t\t<\/sr7-slide>\n\t\t\t\t\t<\/sr7-content>\n\t\t\t\t\t<image_lists style=\"display:none\">\n\t\t\t\t\t\t<img data-src=\"\/\/adventum.s3.eu-west-1.amazonaws.com\/wp-content\/uploads\/2020\/08\/banner-contatti-logo.png\" data-libid=\"30595\" data-lib=\"medialibrary\" title=\"banner-contatti-logo\" width=\"0\" height=\"0\" data-dbsrc=\"Ly9hZHZlbnR1bS5zMy5ldS13ZXN0LTEuYW1hem9uYXdzLmNvbS93cC1jb250ZW50L3VwbG9hZHMvMjAyMC8wOC9iYW5uZXItY29udGF0dGktbG9nby5wbmc=\"\/>\n\t\t\t\t\t\t<img data-src=\"\/\/adventum.s3.eu-west-1.amazonaws.com\/wp-content\/uploads\/2020\/08\/banner-contatti-griglia-pois.png\" data-libid=\"30962\" data-lib=\"medialibrary\" title=\"banner-contatti-griglia-pois\" width=\"0\" height=\"0\" data-dbsrc=\"Ly9hZHZlbnR1bS5zMy5ldS13ZXN0LTEuYW1hem9uYXdzLmNvbS93cC1jb250ZW50L3VwbG9hZHMvMjAyMC8wOC9iYW5uZXItY29udGF0dGktZ3JpZ2xpYS1wb2lzLnBuZw==\"\/>\n\t\t\t\t\t<\/image_lists>\n\t\t\t\t<\/sr7-module>\n\t\t\t\t<script>\n\t\t\t\t\twindow.SR7 ??={};SR7.PMH ??={}; SR7.PMH[\"SR7_12_1\"] = {cn:100,state:false,fn: function() { if (window._tpt!==undefined && window._tpt.prepareModuleHeight !== undefined) {  _tpt.prepareModuleHeight({id:\"SR7_12_1\",el:[351,351,768,960,720],type:'standard',shdw:'0',gh:[351,351,,,],gw:[1240,1240,1024,778,480],vpt:['-200px'],size:{fullWidth:true, fullHeight:false},mh:'0',onh:0,onw:0,bg:{color:'{\"orig\":\"transparent\",\"type\":\"solid\",\"string\":\"transparent\"}'},plType:'0',plColor:'#FFFFFF'});   SR7.PMH[\"SR7_12_1\"].state=true;} else if(SR7.PMH[\"SR7_12_1\"].cn-->0)\tsetTimeout( SR7.PMH[\"SR7_12_1\"].fn,19);}};SR7.PMH[\"SR7_12_1\" ].fn();\n\t\t\t\t<\/script>\n[\/et_pb_fullwidth_code][\/et_pb_section][et_pb_section fb_built=\u00bb1&#8243; custom_padding_last_edited=\u00bbon|desktop\u00bb disabled_on=\u00bboff|off|off\u00bb admin_label=\u00bbSezione\u00bb _builder_version=\u00bb4.16&#8243; custom_padding=\u00bb35px|0px|35px|0px\u00bb custom_padding_tablet=\u00bb50px|0|50px|0&#8243; custom_padding_phone=\u00bb\u00bb da_disable_devices=\u00bboff|off|off\u00bb padding_mobile=\u00bboff\u00bb global_colors_info=\u00bb{}\u00bb da_is_popup=\u00bboff\u00bb da_exit_intent=\u00bboff\u00bb da_has_close=\u00bbon\u00bb da_alt_close=\u00bboff\u00bb da_dark_close=\u00bboff\u00bb da_not_modal=\u00bbon\u00bb da_is_singular=\u00bboff\u00bb da_with_loader=\u00bboff\u00bb da_has_shadow=\u00bbon\u00bb][et_pb_row column_structure=\u00bb1_3,1_3,1_3&#8243; module_class=\u00bbthree-columns\u00bb _builder_version=\u00bb4.16&#8243; width=\u00bb100%\u00bb width_tablet=\u00bb\u00bb width_phone=\u00bb\u00bb width_last_edited=\u00bbon|desktop\u00bb module_alignment=\u00bbcenter\u00bb min_height=\u00bb344.7px\u00bb custom_margin=\u00bb0px|auto|0px|auto|true|true\u00bb custom_margin_tablet=\u00bb0px||0px||true|true\u00bb custom_margin_phone=\u00bb\u00bb custom_margin_last_edited=\u00bbon|phone\u00bb custom_padding=\u00bb0px|30px|0px|30px|true|true\u00bb global_colors_info=\u00bb{}\u00bb][et_pb_column type=\u00bb1_3&#8243; _builder_version=\u00bb4.16&#8243; background_image=\u00bbhttps:\/\/adventum.s3.eu-west-1.amazonaws.com\/wp-content\/uploads\/2020\/08\/Indirizzo.png\u00bb custom_padding=\u00bb150px||40px||false|false\u00bb border_radii=\u00bbon|20px|20px|20px|20px\u00bb global_colors_info=\u00bb{}\u00bb][et_pb_text _builder_version=\u00bb4.16&#8243; _module_preset=\u00bbdefault\u00bb text_font=\u00bbYeseva One||||||||\u00bb text_text_color=\u00bb#ffffff\u00bb custom_margin=\u00bb0px||0px||false|false\u00bb custom_padding=\u00bb0px||0px||false|false\u00bb global_colors_info=\u00bb{}\u00bb]<\/p>\n<p style=\"text-align: center;\">Direcci\u00f3n<\/p>\n<p>[\/et_pb_text][et_pb_text _builder_version=\u00bb4.23.1&#8243; _module_preset=\u00bbdefault\u00bb text_font=\u00bbOpen Sans|600|||||||\u00bb text_text_color=\u00bb#ffffff\u00bb text_font_size=\u00bb13px\u00bb global_colors_info=\u00bb{}\u00bb]<\/p>\n<p style=\"text-align: center;\">Lungotevere Michelangelo 7, Roma<\/p>\n<p>&nbsp;<\/p>\n<p>[\/et_pb_text][\/et_pb_column][et_pb_column type=\u00bb1_3&#8243; _builder_version=\u00bb4.16&#8243; background_image=\u00bbhttps:\/\/adventum.s3.eu-west-1.amazonaws.com\/wp-content\/uploads\/2020\/08\/Telefono.png\u00bb custom_padding=\u00bb150px||40px||false|false\u00bb border_radii=\u00bbon|20px|20px|20px|20px\u00bb global_colors_info=\u00bb{}\u00bb][et_pb_text _builder_version=\u00bb4.16&#8243; _module_preset=\u00bbdefault\u00bb text_font=\u00bbYeseva One||||||||\u00bb text_text_color=\u00bb#ffffff\u00bb custom_margin=\u00bb0px||0px||false|false\u00bb custom_padding=\u00bb0px||0px||false|false\u00bb global_colors_info=\u00bb{}\u00bb]<\/p>\n<p style=\"text-align: center;\">Tel\u00e9fono<\/p>\n<p>[\/et_pb_text][et_pb_text _builder_version=\u00bb4.23.1&#8243; _module_preset=\u00bbdefault\u00bb text_font=\u00bbOpen Sans|600|||||||\u00bb text_text_color=\u00bb#ffffff\u00bb text_font_size=\u00bb13px\u00bb global_colors_info=\u00bb{}\u00bb]<\/p>\n<p style=\"text-align: center;\"><span style=\"color: #ffffff;\">06-39725888<br \/>Lunes a viernes, de 10.00 a 12.00 h.<\/span><\/p>\n<p>[\/et_pb_text][\/et_pb_column][et_pb_column type=\u00bb1_3&#8243; _builder_version=\u00bb4.16&#8243; background_image=\u00bbhttps:\/\/adventum.s3.eu-west-1.amazonaws.com\/wp-content\/uploads\/2020\/08\/Mail.png\u00bb custom_padding=\u00bb150px||40px||false|false\u00bb border_radii=\u00bbon|20px|20px|20px|20px\u00bb global_colors_info=\u00bb{}\u00bb][et_pb_text _builder_version=\u00bb4.16&#8243; _module_preset=\u00bbdefault\u00bb text_font=\u00bbYeseva One||||||||\u00bb text_text_color=\u00bb#ffffff\u00bb custom_margin=\u00bb0px||0px||false|false\u00bb custom_padding=\u00bb0px||0px||false|false\u00bb global_colors_info=\u00bb{}\u00bb]<\/p>\n<p style=\"text-align: center;\">Correo<\/p>\n<p>[\/et_pb_text][et_pb_text _builder_version=\u00bb4.23.1&#8243; _module_preset=\u00bbdefault\u00bb text_font=\u00bbOpen Sans|600|||||||\u00bb text_text_color=\u00bb#ffffff\u00bb text_font_size=\u00bb13px\u00bb global_colors_info=\u00bb{}\u00bb]<\/p>\n<p style=\"text-align: center;\">info@adventum.org<\/p>\n<p>&nbsp;<\/p>\n<p>[\/et_pb_text][\/et_pb_column][\/et_pb_row][et_pb_row _builder_version=\u00bb4.16&#8243; _module_preset=\u00bbdefault\u00bb global_colors_info=\u00bb{}\u00bb][et_pb_column type=\u00bb4_4&#8243; _builder_version=\u00bb4.16&#8243; _module_preset=\u00bbdefault\u00bb global_colors_info=\u00bb{}\u00bb][et_pb_social_media_follow _builder_version=\u00bb4.16&#8243; _module_preset=\u00bbdefault\u00bb text_orientation=\u00bbcenter\u00bb width=\u00bb100%\u00bb max_width=\u00bb100%\u00bb custom_margin=\u00bb|-97px||||\u00bb global_colors_info=\u00bb{}\u00bb][et_pb_social_media_follow_network social_network=\u00bbfacebook\u00bb url=\u00bbhttps:\/\/www.facebook.com\/FondazioneAdventum\u00bb _builder_version=\u00bb4.16&#8243; _module_preset=\u00bbdefault\u00bb background_color=\u00bb#d49e00&#8243; background_enable_color=\u00bbon\u00bb global_colors_info=\u00bb{}\u00bb follow_button=\u00bboff\u00bb url_new_window=\u00bbon\u00bb]facebook[\/et_pb_social_media_follow_network][et_pb_social_media_follow_network social_network=\u00bbtwitter\u00bb url=\u00bbhttps:\/\/twitter.com\/FAdventum\u00bb _builder_version=\u00bb4.16&#8243; _module_preset=\u00bbdefault\u00bb background_color=\u00bb#d49e00&#8243; background_enable_color=\u00bbon\u00bb global_colors_info=\u00bb{}\u00bb follow_button=\u00bboff\u00bb url_new_window=\u00bbon\u00bb]twitter[\/et_pb_social_media_follow_network][et_pb_social_media_follow_network social_network=\u00bbyoutube\u00bb url=\u00bbhttps:\/\/www.youtube.com\/channel\/UCsIeAf4Iv7qFkvJ_7Hr4ikA\/about\u00bb _builder_version=\u00bb4.16&#8243; _module_preset=\u00bbdefault\u00bb background_color=\u00bb#d49e00&#8243; background_enable_color=\u00bbon\u00bb global_colors_info=\u00bb{}\u00bb follow_button=\u00bboff\u00bb url_new_window=\u00bbon\u00bb]youtube[\/et_pb_social_media_follow_network][\/et_pb_social_media_follow][\/et_pb_column][\/et_pb_row][\/et_pb_section][et_pb_section fb_built=\u00bb1&#8243; custom_padding_last_edited=\u00bbon|desktop\u00bb admin_label=\u00bbsection\u00bb _builder_version=\u00bb4.16&#8243; background_color=\u00bb#ECF1F5&#8243; background_image=\u00bbhttps:\/\/adventum.s3.eu-west-1.amazonaws.com\/wp-content\/uploads\/2020\/08\/Risorsa-1-8.png\u00bb custom_padding_tablet=\u00bb50px|0|50px|0&#8243; custom_padding_phone=\u00bb\u00bb da_disable_devices=\u00bboff|off|off\u00bb padding_mobile=\u00bboff\u00bb global_colors_info=\u00bb{}\u00bb da_is_popup=\u00bboff\u00bb da_exit_intent=\u00bboff\u00bb da_has_close=\u00bbon\u00bb da_alt_close=\u00bboff\u00bb da_dark_close=\u00bboff\u00bb da_not_modal=\u00bbon\u00bb da_is_singular=\u00bboff\u00bb da_with_loader=\u00bboff\u00bb da_has_shadow=\u00bbon\u00bb][et_pb_row column_structure=\u00bb3_5,2_5&#8243; _builder_version=\u00bb4.27.4&#8243; _module_preset=\u00bbdefault\u00bb hover_enabled=\u00bb0&#8243; global_colors_info=\u00bb{}\u00bb module_id=\u00bbform-di-contatto\u00bb sticky_enabled=\u00bb0&#8243;][et_pb_column type=\u00bb3_5&#8243; _builder_version=\u00bb4.16&#8243; _module_preset=\u00bbdefault\u00bb global_colors_info=\u00bb{}\u00bb][et_pb_text _builder_version=\u00bb4.19.0&#8243; _module_preset=\u00bbdefault\u00bb text_font=\u00bb||||||||\u00bb text_font_size=\u00bb26px\u00bb text_line_height=\u00bb0.4em\u00bb text_orientation=\u00bbcenter\u00bb global_colors_info=\u00bb{}\u00bb]<\/p>\n<p style=\"text-align: left;\"><strong>Dejar un mensaje o solicitar<\/strong><\/p>\n<p style=\"text-align: left;\"><strong>una consulta gratuita<\/strong><\/p>\n<p>[\/et_pb_text][et_pb_text _builder_version=\u00bb4.27.4&#8243; _module_preset=\u00bbdefault\u00bb global_colors_info=\u00bb{}\u00bb]<script type=\"text\/javascript\" src=\"https:\/\/form.jotform.com\/jsform\/202305070520336\"><\/script>[\/et_pb_text][\/et_pb_column][et_pb_column type=\u00bb2_5&#8243; _builder_version=\u00bb4.16&#8243; _module_preset=\u00bbdefault\u00bb global_colors_info=\u00bb{}\u00bb][et_pb_text _builder_version=\u00bb4.19.5&#8243; _module_preset=\u00bbdefault\u00bb global_colors_info=\u00bb{}\u00bb]<iframe src=\"https:\/\/www.google.com\/maps\/embed?pb=!1m14!1m8!1m3!1d1220.541936549645!2d12.469803112743593!3d41.912380617908866!3m2!1i1024!2i768!4f13.1!3m3!1m2!1s0x0%3A0x863a5e562d4680aa!2sFondazione%20ADVENTUM%20Fondo%20per%20la%20Solidariet%C3%A0%20e%20l'Antiusura%20Onlus!5e0!3m2!1sit!2sit!4v1677497423048!5m2!1sit!2sit\" width=\"600\" height=\"450\" style=\"border:0;\" allowfullscreen=\"\" loading=\"lazy\" referrerpolicy=\"no-referrer-when-downgrade\"><\/iframe>[\/et_pb_text][\/et_pb_column][\/et_pb_row][\/et_pb_section]<\/p>\n","protected":false},"excerpt":{"rendered":"<p>\n\t\t\t\t<p class=\"rs-p-wp-fix\"><\/p>\n\t\t\t\t<sr7-module data-alias=\"contatti-slider\" data-id=\"12\" id=\"SR7_12_2\" class=\"rs-ov-hidden\" data-version=\"6.7.51\">\n\t\t\t\t\t<sr7-adjuster><\/sr7-adjuster>\n\t\t\t\t\t<sr7-content>\n\t\t\t\t\t\t<sr7-slide id=\"SR7_12_2-18\" data-key=\"18\">\n\t\t\t\t\t\t\t<sr7-bg id=\"SR7_12_2-18-5\" class=\"sr7-layer\"><noscript><img decoding=\"async\" src=\"https:\/\/adventum.s3.eu-west-1.amazonaws.com\/wp-content\/uploads\/2020\/08\/banner-contatti-griglia-pois.png\" alt=\"\" title=\"banner-contatti-griglia-pois\"><\/noscript><\/sr7-bg>\n\t\t\t\t\t\t<\/sr7-slide>\n\t\t\t\t\t\t<sr7-slide id=\"SR7_12_2-50\" data-key=\"50\">\n\t\t\t\t\t\t<\/sr7-slide>\n\t\t\t\t\t<\/sr7-content>\n\t\t\t\t\t<image_lists style=\"display:none\">\n\t\t\t\t\t\t<img data-src=\"\/\/adventum.s3.eu-west-1.amazonaws.com\/wp-content\/uploads\/2020\/08\/banner-contatti-logo.png\" data-libid=\"30595\" data-lib=\"medialibrary\" title=\"banner-contatti-logo\" width=\"0\" height=\"0\" data-dbsrc=\"Ly9hZHZlbnR1bS5zMy5ldS13ZXN0LTEuYW1hem9uYXdzLmNvbS93cC1jb250ZW50L3VwbG9hZHMvMjAyMC8wOC9iYW5uZXItY29udGF0dGktbG9nby5wbmc=\"\/>\n\t\t\t\t\t\t<img data-src=\"\/\/adventum.s3.eu-west-1.amazonaws.com\/wp-content\/uploads\/2020\/08\/banner-contatti-griglia-pois.png\" data-libid=\"30962\" data-lib=\"medialibrary\" title=\"banner-contatti-griglia-pois\" width=\"0\" height=\"0\" data-dbsrc=\"Ly9hZHZlbnR1bS5zMy5ldS13ZXN0LTEuYW1hem9uYXdzLmNvbS93cC1jb250ZW50L3VwbG9hZHMvMjAyMC8wOC9iYW5uZXItY29udGF0dGktZ3JpZ2xpYS1wb2lzLnBuZw==\"\/>\n\t\t\t\t\t<\/image_lists>\n\t\t\t\t<\/sr7-module>\n\t\t\t\t<script>\n\t\t\t\t\twindow.SR7 ??={};SR7.PMH ??={}; SR7.PMH[\"SR7_12_2\"] = {cn:100,state:false,fn: function() { if (window._tpt!==undefined && window._tpt.prepareModuleHeight !== undefined) {  _tpt.prepareModuleHeight({id:\"SR7_12_2\",el:[351,351,768,960,720],type:'standard',shdw:'0',gh:[351,351,,,],gw:[1240,1240,1024,778,480],vpt:['-200px'],size:{fullWidth:true, fullHeight:false},mh:'0',onh:0,onw:0,bg:{color:'{\"orig\":\"transparent\",\"type\":\"solid\",\"string\":\"transparent\"}'},plType:'0',plColor:'#FFFFFF'});   SR7.PMH[\"SR7_12_2\"].state=true;} else if(SR7.PMH[\"SR7_12_2\"].cn-->0)\tsetTimeout( SR7.PMH[\"SR7_12_2\"].fn,19);}};SR7.PMH[\"SR7_12_2\" ].fn();\n\t\t\t\t<\/script>\nDirecci\u00f3nLungotevere Michelangelo 7, Roma &nbsp;Tel\u00e9fono06-39725888Lunes a viernes, de 10.00 a 12.00 h.Correoinfo@adventum.org &nbsp;Dejar un mensaje o solicitar una consulta gratuita<\/p>\n","protected":false},"author":12,"featured_media":34048,"parent":0,"menu_order":0,"comment_status":"open","ping_status":"closed","template":"","meta":{"_et_pb_use_builder":"on","_et_pb_old_content":"","_et_gb_content_width":"","footnotes":""},"class_list":["post-35095","page","type-page","status-publish","has-post-thumbnail","hentry"],"yoast_head":"<!-- This site is optimized with the Yoast SEO plugin v27.4 - https:\/\/yoast.com\/product\/yoast-seo-wordpress\/ -->\n<title>Fundaci\u00f3n Adventum Onlus<\/title>\n<meta name=\"description\" content=\"La Fundaci\u00f3n ADVENTUM se cre\u00f3 para educar en la legalidad, formar a los j\u00f3venes en el uso responsable del dinero y ofrecer una soluci\u00f3n concreta a quienes tienen dificultades.\" \/>\n<meta name=\"robots\" content=\"index, follow, max-snippet:-1, max-image-preview:large, max-video-preview:-1\" \/>\n<link rel=\"canonical\" href=\"https:\/\/adventum.org\/es\/contacte-con\/\" \/>\n<meta property=\"og:locale\" content=\"es_ES\" \/>\n<meta property=\"og:type\" content=\"article\" \/>\n<meta property=\"og:title\" content=\"Fundaci\u00f3n Adventum Onlus\" \/>\n<meta property=\"og:description\" content=\"La Fundaci\u00f3n ADVENTUM se cre\u00f3 para educar en la legalidad, formar a los j\u00f3venes en el uso responsable del dinero y ofrecer una soluci\u00f3n concreta a quienes tienen dificultades.\" \/>\n<meta property=\"og:url\" content=\"https:\/\/adventum.org\/es\/contacte-con\/\" \/>\n<meta property=\"og:site_name\" content=\"Fondazione Adventum - Solidariet\u00e0 Antisura\" \/>\n<meta property=\"article:modified_time\" content=\"2025-12-01T12:10:49+00:00\" \/>\n<meta property=\"og:image\" content=\"http:\/\/www.adventum.org\/wp-content\/uploads\/2015\/01\/logo-adventum-350.jpg\" \/>\n<meta name=\"twitter:card\" content=\"summary_large_image\" \/>\n<meta name=\"twitter:label1\" content=\"Tiempo de lectura\" \/>\n\t<meta name=\"twitter:data1\" content=\"5 minutos\" \/>\n<script type=\"application\/ld+json\" class=\"yoast-schema-graph\">{\"@context\":\"https:\\\/\\\/schema.org\",\"@graph\":[{\"@type\":\"WebPage\",\"@id\":\"https:\\\/\\\/adventum.org\\\/es\\\/contacte-con\\\/\",\"url\":\"https:\\\/\\\/adventum.org\\\/es\\\/contacte-con\\\/\",\"name\":\"Fundaci\u00f3n Adventum Onlus\",\"isPartOf\":{\"@id\":\"https:\\\/\\\/adventum.org\\\/es\\\/#website\"},\"primaryImageOfPage\":{\"@id\":\"https:\\\/\\\/adventum.org\\\/es\\\/contacte-con\\\/#primaryimage\"},\"image\":{\"@id\":\"https:\\\/\\\/adventum.org\\\/es\\\/contacte-con\\\/#primaryimage\"},\"thumbnailUrl\":\"https:\\\/\\\/adventum.org\\\/wp-content\\\/uploads\\\/2015\\\/01\\\/logo-adventum-350.jpg\",\"datePublished\":\"2020-08-18T13:45:49+00:00\",\"dateModified\":\"2025-12-01T12:10:49+00:00\",\"description\":\"La Fundaci\u00f3n ADVENTUM se cre\u00f3 para educar en la legalidad, formar a los j\u00f3venes en el uso responsable del dinero y ofrecer una soluci\u00f3n concreta a quienes tienen dificultades.\",\"breadcrumb\":{\"@id\":\"https:\\\/\\\/adventum.org\\\/es\\\/contacte-con\\\/#breadcrumb\"},\"inLanguage\":\"es\",\"potentialAction\":[{\"@type\":\"ReadAction\",\"target\":[\"https:\\\/\\\/adventum.org\\\/es\\\/contacte-con\\\/\"]}]},{\"@type\":\"ImageObject\",\"inLanguage\":\"es\",\"@id\":\"https:\\\/\\\/adventum.org\\\/es\\\/contacte-con\\\/#primaryimage\",\"url\":\"https:\\\/\\\/adventum.org\\\/wp-content\\\/uploads\\\/2015\\\/01\\\/logo-adventum-350.jpg\",\"contentUrl\":\"https:\\\/\\\/adventum.org\\\/wp-content\\\/uploads\\\/2015\\\/01\\\/logo-adventum-350.jpg\",\"width\":400,\"height\":160},{\"@type\":\"BreadcrumbList\",\"@id\":\"https:\\\/\\\/adventum.org\\\/es\\\/contacte-con\\\/#breadcrumb\",\"itemListElement\":[{\"@type\":\"ListItem\",\"position\":1,\"name\":\"Home\",\"item\":\"https:\\\/\\\/adventum.org\\\/es\\\/\"},{\"@type\":\"ListItem\",\"position\":2,\"name\":\"Contacte con\"}]},{\"@type\":\"WebSite\",\"@id\":\"https:\\\/\\\/adventum.org\\\/es\\\/#website\",\"url\":\"https:\\\/\\\/adventum.org\\\/es\\\/\",\"name\":\"Fondazione Adventum - Solidariet\u00e0 Antisura\",\"description\":\"Prevenzione usura e indebitamento da prestiti\",\"potentialAction\":[{\"@type\":\"SearchAction\",\"target\":{\"@type\":\"EntryPoint\",\"urlTemplate\":\"https:\\\/\\\/adventum.org\\\/es\\\/?s={search_term_string}\"},\"query-input\":{\"@type\":\"PropertyValueSpecification\",\"valueRequired\":true,\"valueName\":\"search_term_string\"}}],\"inLanguage\":\"es\"}]}<\/script>\n<!-- \/ Yoast SEO plugin. -->","yoast_head_json":{"title":"Fundaci\u00f3n Adventum Onlus","description":"La Fundaci\u00f3n ADVENTUM se cre\u00f3 para educar en la legalidad, formar a los j\u00f3venes en el uso responsable del dinero y ofrecer una soluci\u00f3n concreta a quienes tienen dificultades.","robots":{"index":"index","follow":"follow","max-snippet":"max-snippet:-1","max-image-preview":"max-image-preview:large","max-video-preview":"max-video-preview:-1"},"canonical":"https:\/\/adventum.org\/es\/contacte-con\/","og_locale":"es_ES","og_type":"article","og_title":"Fundaci\u00f3n Adventum Onlus","og_description":"La Fundaci\u00f3n ADVENTUM se cre\u00f3 para educar en la legalidad, formar a los j\u00f3venes en el uso responsable del dinero y ofrecer una soluci\u00f3n concreta a quienes tienen dificultades.","og_url":"https:\/\/adventum.org\/es\/contacte-con\/","og_site_name":"Fondazione Adventum - Solidariet\u00e0 Antisura","article_modified_time":"2025-12-01T12:10:49+00:00","og_image":[{"url":"http:\/\/www.adventum.org\/wp-content\/uploads\/2015\/01\/logo-adventum-350.jpg","type":"","width":"","height":""}],"twitter_card":"summary_large_image","twitter_misc":{"Tiempo de lectura":"5 minutos"},"schema":{"@context":"https:\/\/schema.org","@graph":[{"@type":"WebPage","@id":"https:\/\/adventum.org\/es\/contacte-con\/","url":"https:\/\/adventum.org\/es\/contacte-con\/","name":"Fundaci\u00f3n Adventum Onlus","isPartOf":{"@id":"https:\/\/adventum.org\/es\/#website"},"primaryImageOfPage":{"@id":"https:\/\/adventum.org\/es\/contacte-con\/#primaryimage"},"image":{"@id":"https:\/\/adventum.org\/es\/contacte-con\/#primaryimage"},"thumbnailUrl":"https:\/\/adventum.org\/wp-content\/uploads\/2015\/01\/logo-adventum-350.jpg","datePublished":"2020-08-18T13:45:49+00:00","dateModified":"2025-12-01T12:10:49+00:00","description":"La Fundaci\u00f3n ADVENTUM se cre\u00f3 para educar en la legalidad, formar a los j\u00f3venes en el uso responsable del dinero y ofrecer una soluci\u00f3n concreta a quienes tienen dificultades.","breadcrumb":{"@id":"https:\/\/adventum.org\/es\/contacte-con\/#breadcrumb"},"inLanguage":"es","potentialAction":[{"@type":"ReadAction","target":["https:\/\/adventum.org\/es\/contacte-con\/"]}]},{"@type":"ImageObject","inLanguage":"es","@id":"https:\/\/adventum.org\/es\/contacte-con\/#primaryimage","url":"https:\/\/adventum.org\/wp-content\/uploads\/2015\/01\/logo-adventum-350.jpg","contentUrl":"https:\/\/adventum.org\/wp-content\/uploads\/2015\/01\/logo-adventum-350.jpg","width":400,"height":160},{"@type":"BreadcrumbList","@id":"https:\/\/adventum.org\/es\/contacte-con\/#breadcrumb","itemListElement":[{"@type":"ListItem","position":1,"name":"Home","item":"https:\/\/adventum.org\/es\/"},{"@type":"ListItem","position":2,"name":"Contacte con"}]},{"@type":"WebSite","@id":"https:\/\/adventum.org\/es\/#website","url":"https:\/\/adventum.org\/es\/","name":"Fondazione Adventum - Solidariet\u00e0 Antisura","description":"Prevenzione usura e indebitamento da prestiti","potentialAction":[{"@type":"SearchAction","target":{"@type":"EntryPoint","urlTemplate":"https:\/\/adventum.org\/es\/?s={search_term_string}"},"query-input":{"@type":"PropertyValueSpecification","valueRequired":true,"valueName":"search_term_string"}}],"inLanguage":"es"}]}},"_links":{"self":[{"href":"https:\/\/adventum.org\/es\/wp-json\/wp\/v2\/pages\/35095","targetHints":{"allow":["GET"]}}],"collection":[{"href":"https:\/\/adventum.org\/es\/wp-json\/wp\/v2\/pages"}],"about":[{"href":"https:\/\/adventum.org\/es\/wp-json\/wp\/v2\/types\/page"}],"author":[{"embeddable":true,"href":"https:\/\/adventum.org\/es\/wp-json\/wp\/v2\/users\/12"}],"replies":[{"embeddable":true,"href":"https:\/\/adventum.org\/es\/wp-json\/wp\/v2\/comments?post=35095"}],"version-history":[{"count":6,"href":"https:\/\/adventum.org\/es\/wp-json\/wp\/v2\/pages\/35095\/revisions"}],"predecessor-version":[{"id":37411,"href":"https:\/\/adventum.org\/es\/wp-json\/wp\/v2\/pages\/35095\/revisions\/37411"}],"wp:featuredmedia":[{"embeddable":true,"href":"https:\/\/adventum.org\/es\/wp-json\/wp\/v2\/media\/34048"}],"wp:attachment":[{"href":"https:\/\/adventum.org\/es\/wp-json\/wp\/v2\/media?parent=35095"}],"curies":[{"name":"wp","href":"https:\/\/api.w.org\/{rel}","templated":true}]}}