{"id":35063,"date":"2020-08-11T14:54:21","date_gmt":"2020-08-11T12:54:21","guid":{"rendered":"https:\/\/adventum.org\/servicios\/como-acceder\/"},"modified":"2023-04-17T09:42:21","modified_gmt":"2023-04-17T07:42:21","slug":"como-acceder","status":"publish","type":"page","link":"https:\/\/adventum.org\/es\/servicios\/como-acceder\/","title":{"rendered":"C\u00f3mo acceder"},"content":{"rendered":"<p>[et_pb_section fb_built=\u00bb1&#8243; _builder_version=\u00bb4.16&#8243; _module_preset=\u00bbdefault\u00bb da_disable_devices=\u00bboff|off|off\u00bb global_colors_info=\u00bb{}\u00bb da_is_popup=\u00bboff\u00bb da_exit_intent=\u00bboff\u00bb da_has_close=\u00bbon\u00bb da_alt_close=\u00bboff\u00bb da_dark_close=\u00bboff\u00bb da_not_modal=\u00bbon\u00bb da_is_singular=\u00bboff\u00bb da_with_loader=\u00bboff\u00bb da_has_shadow=\u00bbon\u00bb][\/et_pb_section][et_pb_section fb_built=\u00bb1&#8243; _builder_version=\u00bb4.16&#8243; _module_preset=\u00bbdefault\u00bb da_disable_devices=\u00bboff|off|off\u00bb global_colors_info=\u00bb{}\u00bb da_is_popup=\u00bboff\u00bb da_exit_intent=\u00bboff\u00bb da_has_close=\u00bbon\u00bb da_alt_close=\u00bboff\u00bb da_dark_close=\u00bboff\u00bb da_not_modal=\u00bbon\u00bb da_is_singular=\u00bboff\u00bb da_with_loader=\u00bboff\u00bb da_has_shadow=\u00bbon\u00bb][et_pb_row _builder_version=\u00bb4.16&#8243; _module_preset=\u00bbdefault\u00bb global_colors_info=\u00bb{}\u00bb][et_pb_column type=\u00bb4_4&#8243; _builder_version=\u00bb4.16&#8243; _module_preset=\u00bbdefault\u00bb global_colors_info=\u00bb{}\u00bb][et_pb_text _builder_version=\u00bb4.20.2&#8243; _module_preset=\u00bbdefault\u00bb text_font_size=\u00bb30px\u00bb hover_enabled=\u00bb0&#8243; global_colors_info=\u00bb{}\u00bb text_text_color=\u00bb#d39e00&#8243; sticky_enabled=\u00bb0&#8243;]<\/p>\n<h1 style=\"text-align: center; font-size: 2em;\"><span style=\"color: #d39e00;\"><strong>C\u00f3mo acceder<\/strong><br \/><\/span><\/h1>\n<p>[\/et_pb_text][et_pb_text _builder_version=\u00bb4.16&#8243; _module_preset=\u00bbdefault\u00bb custom_margin=\u00bb||0px|||\u00bb global_colors_info=\u00bb{}\u00bb]<\/p>\n<p>&#8211; El interesado se pone en contacto telef\u00f3nico con el <strong>servicio de escucha<\/strong> y, si se cumplen las condiciones m\u00ednimas, se le invita a una entrevista.<\/p>\n<p>&#8211; Durante la reuni\u00f3n, el usuario cuenta su historia y expone su <strong>situaci\u00f3n de endeudamiento<\/strong> a los operadores, que eval\u00faan con \u00e9l los recursos disponibles para salir de ella.<\/p>\n<p>&#8211; De conformidad con  <strong>L. 108\/96<\/strong>cuando la situaci\u00f3n es irrecuperable desde cualquier punto de vista, usted ayuda al usuario a preparar los documentos para la<strong>obtener un pr\u00e9stamo bancario<\/strong>  destinado a cerrar deudas y siempre que, con esta operaci\u00f3n, una mensualidad vuelva a ser sostenible en el tiempo.<\/p>\n<p>&#8211; Una vez cumplimentada la solicitud, un comit\u00e9 t\u00e9cnico especial de Adventum (la <strong>Comisi\u00f3n para la Concesi\u00f3n de Pr\u00e9stamos<\/strong> &#8211; CCP) eval\u00faa la solicitud y la aprueba, y luego la transmite a la investigaci\u00f3n bancaria propiamente dicha en la entidad bancaria afiliada. La CCP examina la solicitud bas\u00e1ndose en los criterios de m\u00e9rito indicados por el <strong>Ministerio de Econom\u00eda y<\/strong> Hacienda.<\/p>\n<p>&#8211; Tras la oportuna investigaci\u00f3n, el banco se pone en contacto con el solicitante y el avalista para que firmen los documentos necesarios para<strong>suscribir el<\/strong> pr\u00e9stamo.<\/p>\n<p>&#8211; Advetum ordena al banco que pague sus deudas seg\u00fan los acuerdos pactados con los acreedores.<\/p>\n<p>&#8211; De <strong>este modo, el solicitante \u00abvuelve a entrar\u00bb en el circuito bancario<\/strong> y celebra un contrato con el banco.<\/p>\n<p>[\/et_pb_text][\/et_pb_column][\/et_pb_row][\/et_pb_section][et_pb_section fb_built=\u00bb1&#8243; custom_padding_last_edited=\u00bbon|desktop\u00bb admin_label=\u00bbsection\u00bb _builder_version=\u00bb4.16&#8243; background_color=\u00bb#ECF1F5&#8243; background_image=\u00bbhttps:\/\/adventum.s3.eu-west-1.amazonaws.com\/wp-content\/uploads\/2021\/01\/Risorsa-3-8.png\u00bb custom_padding_tablet=\u00bb50px|0|50px|0&#8243; custom_padding_phone=\u00bb\u00bb animation_style=\u00bbfade\u00bb da_disable_devices=\u00bboff|off|off\u00bb padding_mobile=\u00bboff\u00bb saved_tabs=\u00bball\u00bb global_colors_info=\u00bb{}\u00bb da_is_popup=\u00bboff\u00bb da_exit_intent=\u00bboff\u00bb da_has_close=\u00bbon\u00bb da_alt_close=\u00bboff\u00bb da_dark_close=\u00bboff\u00bb da_not_modal=\u00bbon\u00bb da_is_singular=\u00bboff\u00bb da_with_loader=\u00bboff\u00bb da_has_shadow=\u00bbon\u00bb][et_pb_row column_structure=\u00bb3_5,2_5&#8243; padding_mobile=\u00bboff\u00bb column_padding_mobile=\u00bbon\u00bb admin_label=\u00bbfila\u00bb _builder_version=\u00bb4.16&#8243; background_size=\u00bbinitial\u00bb background_position=\u00bbtop_left\u00bb background_repeat=\u00bbrepeat\u00bb max_width=\u00bb878px\u00bb global_colors_info=\u00bb{}\u00bb][et_pb_column type=\u00bb3_5&#8243; _builder_version=\u00bb4.16&#8243; custom_padding=\u00bb|||\u00bb global_colors_info=\u00bb{}\u00bb custom_padding__hover=\u00bb|||\u00bb][et_pb_video src=\u00bbhttps:\/\/youtu.be\/S_R5o3oyjc8&#8243; _builder_version=\u00bb4.16&#8243; _module_preset=\u00bbdefault\u00bb global_colors_info=\u00bb{}\u00bb][\/et_pb_video][\/et_pb_column][et_pb_column type=\u00bb2_5&#8243; _builder_version=\u00bb4.16&#8243; custom_padding=\u00bb|||\u00bb global_colors_info=\u00bb{}\u00bb custom_padding__hover=\u00bb|||\u00bb][et_pb_text _builder_version=\u00bb4.16&#8243; _module_preset=\u00bbdefault\u00bb text_font=\u00bbOpen Sans|600|||||||\u00bb text_font_size=\u00bb19px\u00bb text_line_height=\u00bb1em\u00bb width_tablet=\u00bb\u00bb width_phone=\u00bb\u00bb width_last_edited=\u00bbon|desktop\u00bb module_alignment=\u00bbcenter\u00bb text_font_size_tablet=\u00bb17px\u00bb text_font_size_phone=\u00bb16px\u00bb text_font_size_last_edited=\u00bbon|tablet\u00bb global_colors_info=\u00bb{}\u00bb]<\/p>\n<p>M\u00e1s informaci\u00f3n sobre la <strong>Fundaci\u00f3n Adventum<\/strong>, sus actividades y los servicios gratuitos que ofrece.<\/p>\n<p>Vea los v\u00eddeos para saber m\u00e1s.<\/p>\n<p>Si se encuentra en una situaci\u00f3n de <strong>sobreendeudamiento<\/strong> o si cree que la \u00fanica soluci\u00f3n es un usurero, p\u00f3ngase en contacto con nosotros. Podemos darle <strong>apoyo concreto<\/strong> y <strong>jur\u00eddico<\/strong> para resolver sus problemas.<\/p>\n<p>[\/et_pb_text][\/et_pb_column][\/et_pb_row][\/et_pb_section][et_pb_section fb_built=\u00bb1&#8243; _builder_version=\u00bb4.16&#8243; _module_preset=\u00bbdefault\u00bb da_disable_devices=\u00bboff|off|off\u00bb global_colors_info=\u00bb{}\u00bb da_is_popup=\u00bboff\u00bb da_exit_intent=\u00bboff\u00bb da_has_close=\u00bbon\u00bb da_alt_close=\u00bboff\u00bb da_dark_close=\u00bboff\u00bb da_not_modal=\u00bbon\u00bb da_is_singular=\u00bboff\u00bb da_with_loader=\u00bboff\u00bb da_has_shadow=\u00bbon\u00bb][et_pb_row _builder_version=\u00bb4.16&#8243; _module_preset=\u00bbdefault\u00bb global_colors_info=\u00bb{}\u00bb][et_pb_column type=\u00bb4_4&#8243; _builder_version=\u00bb4.16&#8243; _module_preset=\u00bbdefault\u00bb global_colors_info=\u00bb{}\u00bb][et_pb_image src=\u00bbhttps:\/\/adventum.s3.eu-west-1.amazonaws.com\/wp-content\/uploads\/2020\/08\/Icone.png\u00bb title_text=\u00bbIconos\u00bb _builder_version=\u00bb4.16&#8243; _module_preset=\u00bbdefault\u00bb custom_padding=\u00bb||100px|||\u00bb global_colors_info=\u00bb{}\u00bb][\/et_pb_image][et_pb_text _builder_version=\u00bb4.20.2&#8243; _module_preset=\u00bbdefault\u00bb text_font_size=\u00bb30px\u00bb text_line_height=\u00bb1em\u00bb min_height=\u00bb13px\u00bb hover_enabled=\u00bb0&#8243; global_colors_info=\u00bb{}\u00bb sticky_enabled=\u00bb0&#8243;]<\/p>\n<h1 style=\"text-align: center; font-size: 2em;\"><span style=\"color: #D39E00;\"><strong>Qui\u00e9n puede beneficiarse<\/strong><br \/>\n<\/span><\/h1>\n<p>[\/et_pb_text][et_pb_text _builder_version=\u00bb4.16&#8243; _module_preset=\u00bbdefault\u00bb custom_margin=\u00bb1px|||||\u00bb custom_padding=\u00bb3px||100px|||\u00bb global_colors_info=\u00bb{}\u00bb]<\/p>\n<p class=\"p1\">&#8211;<strong>Particulares<\/strong>, trabajadores por cuenta ajena y pensionistas (NO empresas que pueden consultar la Lista de Confidi que han recibido fondos en virtud del art\u00edculo 15 de la Ley 108\/96).<\/p>\n<p class=\"p1\">&#8211;<strong>Personas no bancarizadas<\/strong> (a las que los bancos y\/o las instituciones financieras no conceden cr\u00e9ditos)<\/p>\n<p class=\"p1\">&#8211;<strong>Personas dispuestas a afrontar su situaci\u00f3n de endeudamiento<\/strong>, con transparencia y sinceridad, junto con la Fundaci\u00f3n (NO solicitudes de <i>dinero en efectivo)<\/i>.<\/p>\n<p>[\/et_pb_text][\/et_pb_column][\/et_pb_row][\/et_pb_section][et_pb_section fb_built=\u00bb1&#8243; _builder_version=\u00bb4.16&#8243; _module_preset=\u00bbdefault\u00bb da_disable_devices=\u00bboff|off|off\u00bb global_colors_info=\u00bb{}\u00bb da_is_popup=\u00bboff\u00bb da_exit_intent=\u00bboff\u00bb da_has_close=\u00bbon\u00bb da_alt_close=\u00bboff\u00bb da_dark_close=\u00bboff\u00bb da_not_modal=\u00bbon\u00bb da_is_singular=\u00bboff\u00bb da_with_loader=\u00bboff\u00bb da_has_shadow=\u00bbon\u00bb][et_pb_row _builder_version=\u00bb4.16&#8243; _module_preset=\u00bbdefault\u00bb global_colors_info=\u00bb{}\u00bb][et_pb_column type=\u00bb4_4&#8243; _builder_version=\u00bb4.16&#8243; _module_preset=\u00bbdefault\u00bb global_colors_info=\u00bb{}\u00bb][et_pb_text _builder_version=\u00bb4.20.2&#8243; _module_preset=\u00bbdefault\u00bb text_font_size=\u00bb30px\u00bb min_height=\u00bb13px\u00bb hover_enabled=\u00bb0&#8243; global_colors_info=\u00bb{}\u00bb sticky_enabled=\u00bb0&#8243;]<\/p>\n<h1 style=\"text-align: center; font-size: 2em;\"><span style=\"color: #D39E00;\"><strong>Criterios de m\u00e9rito<\/strong><br \/>\n<\/span><\/h1>\n<p>[\/et_pb_text][et_pb_text _builder_version=\u00bb4.16&#8243; _module_preset=\u00bbdefault\u00bb custom_margin=\u00bb1px||100px|||\u00bb global_colors_info=\u00bb{}\u00bb]<\/p>\n<p>Los criterios de m\u00e9rito son los establecidos por el Ministerio de Econom\u00eda y Hacienda para la valoraci\u00f3n del expediente y son:<\/p>\n<p>&#8211; <strong>Estado<\/strong> real <strong>de necesidad del<\/strong> solicitante;<\/p>\n<p>&#8211; <strong>Gravedad del motivo de endeudamiento<\/strong> en relaci\u00f3n con el estado de necesidad;<\/p>\n<p>&#8211; <strong>Capacidad de reembolso<\/strong> basada en los ingresos y\/o los activos;<\/p>\n<p>&#8211; <strong>Perspectivas<\/strong> fundadas <strong>de apartar a la persona endeudada de la usura<\/strong>.<\/p>\n<p>[\/et_pb_text][\/et_pb_column][\/et_pb_row][\/et_pb_section]<\/p>\n","protected":false},"excerpt":{"rendered":"<p>Una situaci\u00f3n de sobreendeudamiento y la denegaci\u00f3n de un pr\u00e9stamo bancario pueden llevarte a caer en la usura. En Adventum podemos ayudarle a saber c\u00f3mo acceder.<\/p>\n","protected":false},"author":12,"featured_media":34790,"parent":35058,"menu_order":0,"comment_status":"open","ping_status":"open","template":"","meta":{"_et_pb_use_builder":"on","_et_pb_old_content":"","_et_gb_content_width":"","footnotes":""},"class_list":["post-35063","page","type-page","status-publish","has-post-thumbnail","hentry"],"yoast_head":"<!-- This site is optimized with the Yoast SEO plugin v27.4 - https:\/\/yoast.com\/product\/yoast-seo-wordpress\/ -->\n<title>Fundaci\u00f3n Adventum Onlus<\/title>\n<meta name=\"description\" content=\"La Fundaci\u00f3n ADVENTUM se cre\u00f3 para educar en la legalidad, formar a los j\u00f3venes en el uso responsable del dinero y ofrecer una soluci\u00f3n concreta a quienes tienen dificultades.\" \/>\n<meta name=\"robots\" content=\"index, follow, max-snippet:-1, max-image-preview:large, max-video-preview:-1\" \/>\n<link rel=\"canonical\" href=\"https:\/\/adventum.org\/es\/servicios\/como-acceder\/\" \/>\n<meta property=\"og:locale\" content=\"es_ES\" \/>\n<meta property=\"og:type\" content=\"article\" \/>\n<meta property=\"og:title\" content=\"Fundaci\u00f3n Adventum Onlus\" \/>\n<meta property=\"og:description\" content=\"Una situaci\u00f3n de sobreendeudamiento y la denegaci\u00f3n de un pr\u00e9stamo bancario pueden llevarte a caer en la usura. En Adventum podemos ayudarle a saber c\u00f3mo acceder.\" \/>\n<meta property=\"og:url\" content=\"https:\/\/adventum.org\/es\/servicios\/como-acceder\/\" \/>\n<meta property=\"og:site_name\" content=\"Fondazione Adventum - Solidariet\u00e0 Antisura\" \/>\n<meta property=\"article:modified_time\" content=\"2023-04-17T07:42:21+00:00\" \/>\n<meta property=\"og:image\" content=\"https:\/\/adventum.s3.eu-west-1.amazonaws.com\/wp-content\/uploads\/2021\/12\/krakenimages-Y5bvRlcCx8k-unsplash-scaled.jpg\" \/>\n<meta name=\"twitter:card\" content=\"summary_large_image\" \/>\n<meta name=\"twitter:description\" content=\"Una situaci\u00f3n de sobreendeudamiento y la denegaci\u00f3n de un pr\u00e9stamo bancario pueden llevarte a caer en la usura. En Adventum podemos ayudarle a saber c\u00f3mo acceder.\" \/>\n<meta name=\"twitter:image\" content=\"https:\/\/adventum.s3.eu-west-1.amazonaws.com\/wp-content\/uploads\/2021\/12\/krakenimages-Y5bvRlcCx8k-unsplash-scaled.jpg\" \/>\n<meta name=\"twitter:label1\" content=\"Tiempo de lectura\" \/>\n\t<meta name=\"twitter:data1\" content=\"6 minutos\" \/>\n<script type=\"application\/ld+json\" class=\"yoast-schema-graph\">{\"@context\":\"https:\\\/\\\/schema.org\",\"@graph\":[{\"@type\":\"WebPage\",\"@id\":\"https:\\\/\\\/adventum.org\\\/es\\\/servicios\\\/como-acceder\\\/\",\"url\":\"https:\\\/\\\/adventum.org\\\/es\\\/servicios\\\/como-acceder\\\/\",\"name\":\"Fundaci\u00f3n Adventum Onlus\",\"isPartOf\":{\"@id\":\"https:\\\/\\\/adventum.org\\\/es\\\/#website\"},\"primaryImageOfPage\":{\"@id\":\"https:\\\/\\\/adventum.org\\\/es\\\/servicios\\\/como-acceder\\\/#primaryimage\"},\"image\":{\"@id\":\"https:\\\/\\\/adventum.org\\\/es\\\/servicios\\\/como-acceder\\\/#primaryimage\"},\"thumbnailUrl\":\"https:\\\/\\\/adventum.org\\\/wp-content\\\/uploads\\\/2021\\\/12\\\/krakenimages-Y5bvRlcCx8k-unsplash-scaled.jpg\",\"datePublished\":\"2020-08-11T12:54:21+00:00\",\"dateModified\":\"2023-04-17T07:42:21+00:00\",\"description\":\"La Fundaci\u00f3n ADVENTUM se cre\u00f3 para educar en la legalidad, formar a los j\u00f3venes en el uso responsable del dinero y ofrecer una soluci\u00f3n concreta a quienes tienen dificultades.\",\"breadcrumb\":{\"@id\":\"https:\\\/\\\/adventum.org\\\/es\\\/servicios\\\/como-acceder\\\/#breadcrumb\"},\"inLanguage\":\"es\",\"potentialAction\":[{\"@type\":\"ReadAction\",\"target\":[\"https:\\\/\\\/adventum.org\\\/es\\\/servicios\\\/como-acceder\\\/\"]}]},{\"@type\":\"ImageObject\",\"inLanguage\":\"es\",\"@id\":\"https:\\\/\\\/adventum.org\\\/es\\\/servicios\\\/como-acceder\\\/#primaryimage\",\"url\":\"https:\\\/\\\/adventum.org\\\/wp-content\\\/uploads\\\/2021\\\/12\\\/krakenimages-Y5bvRlcCx8k-unsplash-scaled.jpg\",\"contentUrl\":\"https:\\\/\\\/adventum.org\\\/wp-content\\\/uploads\\\/2021\\\/12\\\/krakenimages-Y5bvRlcCx8k-unsplash-scaled.jpg\",\"width\":2560,\"height\":2045},{\"@type\":\"BreadcrumbList\",\"@id\":\"https:\\\/\\\/adventum.org\\\/es\\\/servicios\\\/como-acceder\\\/#breadcrumb\",\"itemListElement\":[{\"@type\":\"ListItem\",\"position\":1,\"name\":\"Home\",\"item\":\"https:\\\/\\\/adventum.org\\\/es\\\/inicio\\\/\"},{\"@type\":\"ListItem\",\"position\":2,\"name\":\"Servicios\",\"item\":\"https:\\\/\\\/adventum.org\\\/es\\\/servicios\\\/\"},{\"@type\":\"ListItem\",\"position\":3,\"name\":\"C\u00f3mo acceder\"}]},{\"@type\":\"WebSite\",\"@id\":\"https:\\\/\\\/adventum.org\\\/es\\\/#website\",\"url\":\"https:\\\/\\\/adventum.org\\\/es\\\/\",\"name\":\"Fondazione Adventum - Solidariet\u00e0 Antisura\",\"description\":\"Prevenzione usura e indebitamento da prestiti\",\"potentialAction\":[{\"@type\":\"SearchAction\",\"target\":{\"@type\":\"EntryPoint\",\"urlTemplate\":\"https:\\\/\\\/adventum.org\\\/es\\\/?s={search_term_string}\"},\"query-input\":{\"@type\":\"PropertyValueSpecification\",\"valueRequired\":true,\"valueName\":\"search_term_string\"}}],\"inLanguage\":\"es\"}]}<\/script>\n<!-- \/ Yoast SEO plugin. -->","yoast_head_json":{"title":"Fundaci\u00f3n Adventum Onlus","description":"La Fundaci\u00f3n ADVENTUM se cre\u00f3 para educar en la legalidad, formar a los j\u00f3venes en el uso responsable del dinero y ofrecer una soluci\u00f3n concreta a quienes tienen dificultades.","robots":{"index":"index","follow":"follow","max-snippet":"max-snippet:-1","max-image-preview":"max-image-preview:large","max-video-preview":"max-video-preview:-1"},"canonical":"https:\/\/adventum.org\/es\/servicios\/como-acceder\/","og_locale":"es_ES","og_type":"article","og_title":"Fundaci\u00f3n Adventum Onlus","og_description":"Una situaci\u00f3n de sobreendeudamiento y la denegaci\u00f3n de un pr\u00e9stamo bancario pueden llevarte a caer en la usura. En Adventum podemos ayudarle a saber c\u00f3mo acceder.","og_url":"https:\/\/adventum.org\/es\/servicios\/como-acceder\/","og_site_name":"Fondazione Adventum - Solidariet\u00e0 Antisura","article_modified_time":"2023-04-17T07:42:21+00:00","og_image":[{"url":"https:\/\/adventum.s3.eu-west-1.amazonaws.com\/wp-content\/uploads\/2021\/12\/krakenimages-Y5bvRlcCx8k-unsplash-scaled.jpg","type":"","width":"","height":""}],"twitter_card":"summary_large_image","twitter_description":"Una situaci\u00f3n de sobreendeudamiento y la denegaci\u00f3n de un pr\u00e9stamo bancario pueden llevarte a caer en la usura. En Adventum podemos ayudarle a saber c\u00f3mo acceder.","twitter_image":"https:\/\/adventum.s3.eu-west-1.amazonaws.com\/wp-content\/uploads\/2021\/12\/krakenimages-Y5bvRlcCx8k-unsplash-scaled.jpg","twitter_misc":{"Tiempo de lectura":"6 minutos"},"schema":{"@context":"https:\/\/schema.org","@graph":[{"@type":"WebPage","@id":"https:\/\/adventum.org\/es\/servicios\/como-acceder\/","url":"https:\/\/adventum.org\/es\/servicios\/como-acceder\/","name":"Fundaci\u00f3n Adventum Onlus","isPartOf":{"@id":"https:\/\/adventum.org\/es\/#website"},"primaryImageOfPage":{"@id":"https:\/\/adventum.org\/es\/servicios\/como-acceder\/#primaryimage"},"image":{"@id":"https:\/\/adventum.org\/es\/servicios\/como-acceder\/#primaryimage"},"thumbnailUrl":"https:\/\/adventum.org\/wp-content\/uploads\/2021\/12\/krakenimages-Y5bvRlcCx8k-unsplash-scaled.jpg","datePublished":"2020-08-11T12:54:21+00:00","dateModified":"2023-04-17T07:42:21+00:00","description":"La Fundaci\u00f3n ADVENTUM se cre\u00f3 para educar en la legalidad, formar a los j\u00f3venes en el uso responsable del dinero y ofrecer una soluci\u00f3n concreta a quienes tienen dificultades.","breadcrumb":{"@id":"https:\/\/adventum.org\/es\/servicios\/como-acceder\/#breadcrumb"},"inLanguage":"es","potentialAction":[{"@type":"ReadAction","target":["https:\/\/adventum.org\/es\/servicios\/como-acceder\/"]}]},{"@type":"ImageObject","inLanguage":"es","@id":"https:\/\/adventum.org\/es\/servicios\/como-acceder\/#primaryimage","url":"https:\/\/adventum.org\/wp-content\/uploads\/2021\/12\/krakenimages-Y5bvRlcCx8k-unsplash-scaled.jpg","contentUrl":"https:\/\/adventum.org\/wp-content\/uploads\/2021\/12\/krakenimages-Y5bvRlcCx8k-unsplash-scaled.jpg","width":2560,"height":2045},{"@type":"BreadcrumbList","@id":"https:\/\/adventum.org\/es\/servicios\/como-acceder\/#breadcrumb","itemListElement":[{"@type":"ListItem","position":1,"name":"Home","item":"https:\/\/adventum.org\/es\/inicio\/"},{"@type":"ListItem","position":2,"name":"Servicios","item":"https:\/\/adventum.org\/es\/servicios\/"},{"@type":"ListItem","position":3,"name":"C\u00f3mo acceder"}]},{"@type":"WebSite","@id":"https:\/\/adventum.org\/es\/#website","url":"https:\/\/adventum.org\/es\/","name":"Fondazione Adventum - Solidariet\u00e0 Antisura","description":"Prevenzione usura e indebitamento da prestiti","potentialAction":[{"@type":"SearchAction","target":{"@type":"EntryPoint","urlTemplate":"https:\/\/adventum.org\/es\/?s={search_term_string}"},"query-input":{"@type":"PropertyValueSpecification","valueRequired":true,"valueName":"search_term_string"}}],"inLanguage":"es"}]}},"_links":{"self":[{"href":"https:\/\/adventum.org\/es\/wp-json\/wp\/v2\/pages\/35063","targetHints":{"allow":["GET"]}}],"collection":[{"href":"https:\/\/adventum.org\/es\/wp-json\/wp\/v2\/pages"}],"about":[{"href":"https:\/\/adventum.org\/es\/wp-json\/wp\/v2\/types\/page"}],"author":[{"embeddable":true,"href":"https:\/\/adventum.org\/es\/wp-json\/wp\/v2\/users\/12"}],"replies":[{"embeddable":true,"href":"https:\/\/adventum.org\/es\/wp-json\/wp\/v2\/comments?post=35063"}],"version-history":[{"count":0,"href":"https:\/\/adventum.org\/es\/wp-json\/wp\/v2\/pages\/35063\/revisions"}],"up":[{"embeddable":true,"href":"https:\/\/adventum.org\/es\/wp-json\/wp\/v2\/pages\/35058"}],"wp:featuredmedia":[{"embeddable":true,"href":"https:\/\/adventum.org\/es\/wp-json\/wp\/v2\/media\/34790"}],"wp:attachment":[{"href":"https:\/\/adventum.org\/es\/wp-json\/wp\/v2\/media?parent=35063"}],"curies":[{"name":"wp","href":"https:\/\/api.w.org\/{rel}","templated":true}]}}