{"id":35056,"date":"2020-08-13T12:00:19","date_gmt":"2020-08-13T10:00:19","guid":{"rendered":"https:\/\/adventum.org\/iniciativas\/"},"modified":"2023-04-17T09:42:20","modified_gmt":"2023-04-17T07:42:20","slug":"iniciativas","status":"publish","type":"page","link":"https:\/\/adventum.org\/es\/iniciativas\/","title":{"rendered":"Iniciativas"},"content":{"rendered":"<p>[et_pb_section fb_built=\u00bb1&#8243; fullwidth=\u00bbon\u00bb _builder_version=\u00bb4.16&#8243; da_disable_devices=\u00bboff|off|off\u00bb global_colors_info=\u00bb{}\u00bb da_is_popup=\u00bboff\u00bb da_exit_intent=\u00bboff\u00bb da_has_close=\u00bbon\u00bb da_alt_close=\u00bboff\u00bb da_dark_close=\u00bboff\u00bb da_not_modal=\u00bbon\u00bb da_is_singular=\u00bboff\u00bb da_with_loader=\u00bboff\u00bb da_has_shadow=\u00bbon\u00bb][et_pb_fullwidth_code _builder_version=\u00bb4.16&#8243; global_colors_info=\u00bb{}\u00bb]\n\t\t\t\t<p class=\"rs-p-wp-fix\"><\/p>\n\t\t\t\t<sr7-module data-alias=\"iniziative-slider\" data-id=\"6\" id=\"SR7_6_1\" class=\"rs-ov-hidden\" data-version=\"6.7.51\">\n\t\t\t\t\t<sr7-adjuster><\/sr7-adjuster>\n\t\t\t\t\t<sr7-content>\n\t\t\t\t\t\t<sr7-slide id=\"SR7_6_1-11\" data-key=\"11\">\n\t\t\t\t\t\t\t<sr7-bg id=\"SR7_6_1-11-5\" class=\"sr7-layer\"><noscript><img decoding=\"async\" src=\"https:\/\/adventum.s3.eu-west-1.amazonaws.com\/wp-content\/uploads\/2020\/08\/banner-iniziative-griglia-pois.png\" alt=\"\" title=\"banner-iniziative-griglia-pois\"><\/noscript><\/sr7-bg>\n\t\t\t\t\t\t<\/sr7-slide>\n\t\t\t\t\t\t<sr7-slide id=\"SR7_6_1-45\" data-key=\"45\">\n\t\t\t\t\t\t<\/sr7-slide>\n\t\t\t\t\t<\/sr7-content>\n\t\t\t\t\t<image_lists style=\"display:none\">\n\t\t\t\t\t\t<img data-src=\"\/\/adventum.s3.eu-west-1.amazonaws.com\/wp-content\/uploads\/2020\/08\/banner-iniziative-logo.png\" data-libid=\"29790\" data-lib=\"medialibrary\" title=\"banner-iniziative-logo\" width=\"0\" height=\"0\" data-dbsrc=\"Ly9hZHZlbnR1bS5zMy5ldS13ZXN0LTEuYW1hem9uYXdzLmNvbS93cC1jb250ZW50L3VwbG9hZHMvMjAyMC8wOC9iYW5uZXItaW5pemlhdGl2ZS1sb2dvLnBuZw==\"\/>\n\t\t\t\t\t\t<img data-src=\"\/\/adventum.s3.eu-west-1.amazonaws.com\/wp-content\/uploads\/2020\/08\/banner-iniziative-griglia-pois.png\" data-libid=\"30953\" data-lib=\"medialibrary\" title=\"banner-iniziative-griglia-pois\" width=\"0\" height=\"0\" data-dbsrc=\"Ly9hZHZlbnR1bS5zMy5ldS13ZXN0LTEuYW1hem9uYXdzLmNvbS93cC1jb250ZW50L3VwbG9hZHMvMjAyMC8wOC9iYW5uZXItaW5pemlhdGl2ZS1ncmlnbGlhLXBvaXMucG5n\"\/>\n\t\t\t\t\t<\/image_lists>\n\t\t\t\t<\/sr7-module>\n\t\t\t\t<script>\n\t\t\t\t\twindow.SR7 ??={};SR7.PMH ??={}; SR7.PMH[\"SR7_6_1\"] = {cn:100,state:false,fn: function() { if (window._tpt!==undefined && window._tpt.prepareModuleHeight !== undefined) {  _tpt.prepareModuleHeight({id:\"SR7_6_1\",el:[351,351,768,960,720],type:'standard',shdw:'0',gh:[351,351,,,],gw:[1240,1240,1024,778,480],vpt:['-200px'],size:{fullWidth:true, fullHeight:false},mh:'0',onh:0,onw:0,bg:{color:'{\"orig\":\"transparent\",\"type\":\"solid\",\"string\":\"transparent\"}'},plType:'0',plColor:'#FFFFFF'});   SR7.PMH[\"SR7_6_1\"].state=true;} else if(SR7.PMH[\"SR7_6_1\"].cn-->0)\tsetTimeout( SR7.PMH[\"SR7_6_1\"].fn,19);}};SR7.PMH[\"SR7_6_1\" ].fn();\n\t\t\t\t<\/script>\n[\/et_pb_fullwidth_code][\/et_pb_section][et_pb_section fb_built=\u00bb1&#8243; custom_padding_last_edited=\u00bbon|desktop\u00bb disabled_on=\u00bboff|off|off\u00bb admin_label=\u00bbSezione\u00bb _builder_version=\u00bb4.17.6&#8243; background_image=\u00bbhttps:\/\/adventum.s3.eu-west-1.amazonaws.com\/wp-content\/uploads\/2020\/07\/Risorsa-1-8.png\u00bb custom_margin=\u00bb20px||||false|false\u00bb custom_padding=\u00bb35px|0px|10px|0px|false|false\u00bb custom_padding_tablet=\u00bb50px|0|50px|0&#8243; custom_padding_phone=\u00bb\u00bb animation_style=\u00bbfade\u00bb animation_direction=\u00bbleft\u00bb da_disable_devices=\u00bboff|off|off\u00bb global_colors_info=\u00bb{}\u00bb da_is_popup=\u00bboff\u00bb da_exit_intent=\u00bboff\u00bb da_has_close=\u00bbon\u00bb da_alt_close=\u00bboff\u00bb da_dark_close=\u00bboff\u00bb da_not_modal=\u00bbon\u00bb da_is_singular=\u00bboff\u00bb da_with_loader=\u00bboff\u00bb da_has_shadow=\u00bbon\u00bb][et_pb_row padding_mobile=\u00bboff\u00bb column_padding_mobile=\u00bbon\u00bb admin_label=\u00bbL\u00ednea\u00bb _builder_version=\u00bb4.16&#8243; background_size=\u00bbinitial\u00bb background_position=\u00bbtop_left\u00bb background_repeat=\u00bbrepeat\u00bb global_colors_info=\u00bb{}\u00bb][et_pb_column type=\u00bb4_4&#8243; _builder_version=\u00bb4.16&#8243; custom_padding=\u00bb|||\u00bb global_colors_info=\u00bb{}\u00bb custom_padding__hover=\u00bb|||\u00bb][et_pb_icon font_icon=\u00bb\uf085||fa||900&#8243; icon_color=\u00bb#D49E00&#8243; icon_width=\u00bb108px\u00bb _builder_version=\u00bb4.17.6&#8243; _module_preset=\u00bbdefault\u00bb global_colors_info=\u00bb{}\u00bb][\/et_pb_icon][\/et_pb_column][\/et_pb_row][et_pb_row _builder_version=\u00bb4.16&#8243; _module_preset=\u00bbdefault\u00bb global_colors_info=\u00bb{}\u00bb][et_pb_column type=\u00bb4_4&#8243; _builder_version=\u00bb4.16&#8243; _module_preset=\u00bbdefault\u00bb global_colors_info=\u00bb{}\u00bb][et_pb_text content_last_edited=\u00bboff|desktop\u00bb _builder_version=\u00bb4.17.6&#8243; text_text_color=\u00bb#000000&#8243; text_font_size=\u00bb26px\u00bb text_orientation=\u00bbcenter\u00bb width_tablet=\u00bb\u00bb width_phone=\u00bb\u00bb width_last_edited=\u00bbon|phone\u00bb module_alignment=\u00bbcenter\u00bb custom_margin=\u00bb||3px|||\u00bb text_font_size_tablet=\u00bb\u00bb text_font_size_phone=\u00bb20px\u00bb text_font_size_last_edited=\u00bbon|phone\u00bb global_colors_info=\u00bb{}\u00bb]<\/p>\n<h1 style=\"text-align: center; font-size: 2em;\"><span style=\"color: #000000;\">Secci\u00f3n de eventos en mantenimiento<br \/><\/span><\/h1>\n<p>[\/et_pb_text][\/et_pb_column][\/et_pb_row][\/et_pb_section][et_pb_section fb_built=\u00bb1&#8243; custom_padding_last_edited=\u00bbon|desktop\u00bb disabled_on=\u00bbon|on|on\u00bb admin_label=\u00bbsection\u00bb _builder_version=\u00bb4.19.5&#8243; background_color=\u00bbrgba(0,0,0,0)\u00bb background_enable_image=\u00bboff\u00bb custom_padding=\u00bb26px||4px||false|false\u00bb custom_padding_tablet=\u00bb50px|0|50px|0&#8243; custom_padding_phone=\u00bb\u00bb animation_style=\u00bbfade\u00bb hover_enabled=\u00bb0&#8243; da_disable_devices=\u00bboff|off|off\u00bb global_colors_info=\u00bb{}\u00bb disabled=\u00bbon\u00bb sticky_enabled=\u00bb0&#8243; da_is_popup=\u00bboff\u00bb da_exit_intent=\u00bboff\u00bb da_has_close=\u00bbon\u00bb da_alt_close=\u00bboff\u00bb da_dark_close=\u00bboff\u00bb da_not_modal=\u00bbon\u00bb da_is_singular=\u00bboff\u00bb da_with_loader=\u00bboff\u00bb da_has_shadow=\u00bbon\u00bb][et_pb_row disabled_on=\u00bboff|off|off\u00bb _builder_version=\u00bb4.19.5&#8243; _module_preset=\u00bbdefault\u00bb hover_enabled=\u00bb0&#8243; global_colors_info=\u00bb{}\u00bb sticky_enabled=\u00bb0&#8243;][et_pb_column type=\u00bb4_4&#8243; _builder_version=\u00bb4.16&#8243; _module_preset=\u00bbdefault\u00bb global_colors_info=\u00bb{}\u00bb][et_pb_blog fullwidth=\u00bboff\u00bb post_type=\u00bbtribe_events\u00bb posts_number=\u00bb40&#8243; meta_date=\u00bbj M &#8211; Y\u00bb show_author=\u00bboff\u00bb show_excerpt=\u00bboff\u00bb use_overlay=\u00bbon\u00bb overlay_icon_color=\u00bb#00556C\u00bb hover_overlay_color=\u00bbrgba(255,204,51,0.7)\u00bb masonry_tile_background_color=\u00bbRGBA(255,255,255,0)\u00bb show_thumbnail_last_edited=\u00bboff|tablet\u00bb overlay_icon_color_tablet=\u00bb#00556C\u00bb overlay_icon_color_phone=\u00bb#00556C\u00bb overlay_icon_color_last_edited=\u00bbon|phone\u00bb _builder_version=\u00bb4.19.5&#8243; _module_preset=\u00bbf04e3e4c-a36c-435f-a0c9-22fb39e89caa\u00bb header_font=\u00bbPoppins|600|||||||\u00bb header_text_color=\u00bb#444444&#8243; header_font_size=\u00bb21px\u00bb body_font=\u00bbOpen Sans||||||||\u00bb body_font_size=\u00bb19px\u00bb meta_font=\u00bb||||||||\u00bb meta_text_color=\u00bb#444444&#8243; pagination_text_color=\u00bb#D49E00&#8243; background_color=\u00bbRGBA(255,255,255,0)\u00bb width=\u00bb100%\u00bb max_width=\u00bb100%\u00bb hover_enabled=\u00bb0&#8243; meta_font_tablet=\u00bb||||||||\u00bb meta_font_phone=\u00bb||||||||\u00bb meta_font_last_edited=\u00bbon|phone\u00bb border_width_all=\u00bb0px\u00bb border_color_all=\u00bbRGBA(255,255,255,0)\u00bb border_style_all=\u00bbnone\u00bb border_radii_tablet=\u00bb\u00bb border_radii_phone=\u00bbon||||\u00bb border_radii_last_edited=\u00bbon|desktop\u00bb border_radii_image=\u00bbon|0px|0px|0px|0px\u00bb border_color_all_image=\u00bbRGBA(255,255,255,0)\u00bb border_radii_image_tablet=\u00bbon|16px|16px|16px|16px\u00bb border_radii_image_phone=\u00bbon||||\u00bb border_radii_image_last_edited=\u00bboff|desktop\u00bb border_width_all_image_tablet=\u00bb\u00bb border_width_all_image_phone=\u00bb0px\u00bb border_width_all_image_last_edited=\u00bbon|phone\u00bb box_shadow_style_image=\u00bbpreset1&#8243; box_shadow_spread_image=\u00bb-5px\u00bb box_shadow_color_image=\u00bb#444444&#8243; global_colors_info=\u00bb{}\u00bb border_width_all_image__hover_enabled=\u00bboff|desktop\u00bb border_width_all_image__hover=\u00bb0px\u00bb border_radii_image__hover_enabled=\u00bboff|desktop\u00bb border_radii_image__hover=\u00bbon||||\u00bb border_radii__hover_enabled=\u00bbon|hover\u00bb sticky_enabled=\u00bb0&#8243;][\/et_pb_blog][\/et_pb_column][\/et_pb_row][et_pb_row disabled_on=\u00bbon|on|on\u00bb admin_label=\u00bbfila\u00bb _builder_version=\u00bb4.16&#8243; width=\u00bb85%\u00bb module_alignment=\u00bbcenter\u00bb disabled=\u00bbon\u00bb global_colors_info=\u00bb{}\u00bb][et_pb_column type=\u00bb4_4&#8243; _builder_version=\u00bb4.16&#8243; custom_padding=\u00bb|||\u00bb global_colors_info=\u00bb{}\u00bb custom_padding__hover=\u00bb|||\u00bb][et_pb_text admin_label=\u00bbText\u00bb _builder_version=\u00bb4.16&#8243; text_text_color=\u00bb#000000&#8243; text_line_height=\u00bb1.9em\u00bb background_size=\u00bbinitial\u00bb background_position=\u00bbtop_left\u00bb background_repeat=\u00bbrepeat\u00bb background_layout=\u00bbdark\u00bb global_colors_info=\u00bb{}\u00bb]<\/p>\n<p style=\"text-align: left;\">[events-calendar-templates category=\u00bball\u00bb template=\u00bbdefault\u00bb style=\u00bbstyle-1&#8243; date_format=\u00bbdefault\u00bb start_date=\u00bb\u00bb end_date=\u00bb\u00bb\u00bb <span>limit=\u00bb20&#8243;<\/span> order=\u00bbDESC\u00bb hide-venue=\u00bbno\u00bb time=\u00bbpast\u00bb socialshare=\u00bbno\u00bb]<\/p>\n<p>[\/et_pb_text][et_pb_text admin_label=\u00bbText\u00bb _builder_version=\u00bb4.16&#8243; text_text_color=\u00bb#000000&#8243; text_line_height=\u00bb1.9em\u00bb background_size=\u00bbinitial\u00bb background_position=\u00bbtop_left\u00bb background_repeat=\u00bbrepeat\u00bb background_layout=\u00bbdark\u00bb global_colors_info=\u00bb{}\u00bb][\/et_pb_text][\/et_pb_column][\/et_pb_row][\/et_pb_section]<\/p>\n","protected":false},"excerpt":{"rendered":"<p>\n\t\t\t\t<p class=\"rs-p-wp-fix\"><\/p>\n\t\t\t\t<sr7-module data-alias=\"iniziative-slider\" data-id=\"6\" id=\"SR7_6_2\" class=\"rs-ov-hidden\" data-version=\"6.7.51\">\n\t\t\t\t\t<sr7-adjuster><\/sr7-adjuster>\n\t\t\t\t\t<sr7-content>\n\t\t\t\t\t\t<sr7-slide id=\"SR7_6_2-11\" data-key=\"11\">\n\t\t\t\t\t\t\t<sr7-bg id=\"SR7_6_2-11-5\" class=\"sr7-layer\"><noscript><img decoding=\"async\" src=\"https:\/\/adventum.s3.eu-west-1.amazonaws.com\/wp-content\/uploads\/2020\/08\/banner-iniziative-griglia-pois.png\" alt=\"\" title=\"banner-iniziative-griglia-pois\"><\/noscript><\/sr7-bg>\n\t\t\t\t\t\t<\/sr7-slide>\n\t\t\t\t\t\t<sr7-slide id=\"SR7_6_2-45\" data-key=\"45\">\n\t\t\t\t\t\t<\/sr7-slide>\n\t\t\t\t\t<\/sr7-content>\n\t\t\t\t\t<image_lists style=\"display:none\">\n\t\t\t\t\t\t<img data-src=\"\/\/adventum.s3.eu-west-1.amazonaws.com\/wp-content\/uploads\/2020\/08\/banner-iniziative-logo.png\" data-libid=\"29790\" data-lib=\"medialibrary\" title=\"banner-iniziative-logo\" width=\"0\" height=\"0\" data-dbsrc=\"Ly9hZHZlbnR1bS5zMy5ldS13ZXN0LTEuYW1hem9uYXdzLmNvbS93cC1jb250ZW50L3VwbG9hZHMvMjAyMC8wOC9iYW5uZXItaW5pemlhdGl2ZS1sb2dvLnBuZw==\"\/>\n\t\t\t\t\t\t<img data-src=\"\/\/adventum.s3.eu-west-1.amazonaws.com\/wp-content\/uploads\/2020\/08\/banner-iniziative-griglia-pois.png\" data-libid=\"30953\" data-lib=\"medialibrary\" title=\"banner-iniziative-griglia-pois\" width=\"0\" height=\"0\" data-dbsrc=\"Ly9hZHZlbnR1bS5zMy5ldS13ZXN0LTEuYW1hem9uYXdzLmNvbS93cC1jb250ZW50L3VwbG9hZHMvMjAyMC8wOC9iYW5uZXItaW5pemlhdGl2ZS1ncmlnbGlhLXBvaXMucG5n\"\/>\n\t\t\t\t\t<\/image_lists>\n\t\t\t\t<\/sr7-module>\n\t\t\t\t<script>\n\t\t\t\t\twindow.SR7 ??={};SR7.PMH ??={}; SR7.PMH[\"SR7_6_2\"] = {cn:100,state:false,fn: function() { if (window._tpt!==undefined && window._tpt.prepareModuleHeight !== undefined) {  _tpt.prepareModuleHeight({id:\"SR7_6_2\",el:[351,351,768,960,720],type:'standard',shdw:'0',gh:[351,351,,,],gw:[1240,1240,1024,778,480],vpt:['-200px'],size:{fullWidth:true, fullHeight:false},mh:'0',onh:0,onw:0,bg:{color:'{\"orig\":\"transparent\",\"type\":\"solid\",\"string\":\"transparent\"}'},plType:'0',plColor:'#FFFFFF'});   SR7.PMH[\"SR7_6_2\"].state=true;} else if(SR7.PMH[\"SR7_6_2\"].cn-->0)\tsetTimeout( SR7.PMH[\"SR7_6_2\"].fn,19);}};SR7.PMH[\"SR7_6_2\" ].fn();\n\t\t\t\t<\/script>\nSecci\u00f3n de eventos en mantenimiento[events-calendar-templates category=\u00bball\u00bb template=\u00bbdefault\u00bb style=\u00bbstyle-1&#8243; date_format=\u00bbdefault\u00bb start_date=\u00bb\u00bb end_date=\u00bb\u00bb\u00bb limit=\u00bb20&#8243; order=\u00bbDESC\u00bb hide-venue=\u00bbno\u00bb time=\u00bbpast\u00bb socialshare=\u00bbno\u00bb]<\/p>\n","protected":false},"author":12,"featured_media":34048,"parent":0,"menu_order":0,"comment_status":"open","ping_status":"closed","template":"","meta":{"_et_pb_use_builder":"on","_et_pb_old_content":"","_et_gb_content_width":"","footnotes":""},"class_list":["post-35056","page","type-page","status-publish","has-post-thumbnail","hentry"],"yoast_head":"<!-- This site is optimized with the Yoast SEO plugin v27.4 - https:\/\/yoast.com\/product\/yoast-seo-wordpress\/ -->\n<title>Fundaci\u00f3n Adventum Onlus<\/title>\n<meta name=\"description\" content=\"La Fundaci\u00f3n ADVENTUM se cre\u00f3 para educar en la legalidad, formar a los j\u00f3venes en el uso responsable del dinero y ofrecer una soluci\u00f3n concreta a quienes tienen dificultades.\" \/>\n<meta name=\"robots\" content=\"index, follow, max-snippet:-1, max-image-preview:large, max-video-preview:-1\" \/>\n<link rel=\"canonical\" href=\"https:\/\/adventum.org\/es\/iniciativas\/\" \/>\n<meta property=\"og:locale\" content=\"es_ES\" \/>\n<meta property=\"og:type\" content=\"article\" \/>\n<meta property=\"og:title\" content=\"Fundaci\u00f3n Adventum Onlus\" \/>\n<meta property=\"og:description\" content=\"La Fundaci\u00f3n ADVENTUM se cre\u00f3 para educar en la legalidad, formar a los j\u00f3venes en el uso responsable del dinero y ofrecer una soluci\u00f3n concreta a quienes tienen dificultades.\" \/>\n<meta property=\"og:url\" content=\"https:\/\/adventum.org\/es\/iniciativas\/\" \/>\n<meta property=\"og:site_name\" content=\"Fondazione Adventum - Solidariet\u00e0 Antisura\" \/>\n<meta property=\"article:modified_time\" content=\"2023-04-17T07:42:20+00:00\" \/>\n<meta property=\"og:image\" content=\"http:\/\/www.adventum.org\/wp-content\/uploads\/2015\/01\/logo-adventum-350.jpg\" \/>\n<meta name=\"twitter:card\" content=\"summary_large_image\" \/>\n<meta name=\"twitter:label1\" content=\"Tiempo de lectura\" \/>\n\t<meta name=\"twitter:data1\" content=\"4 minutos\" \/>\n<script type=\"application\/ld+json\" class=\"yoast-schema-graph\">{\"@context\":\"https:\\\/\\\/schema.org\",\"@graph\":[{\"@type\":\"WebPage\",\"@id\":\"https:\\\/\\\/adventum.org\\\/es\\\/iniciativas\\\/\",\"url\":\"https:\\\/\\\/adventum.org\\\/es\\\/iniciativas\\\/\",\"name\":\"Fundaci\u00f3n Adventum Onlus\",\"isPartOf\":{\"@id\":\"https:\\\/\\\/adventum.org\\\/es\\\/#website\"},\"primaryImageOfPage\":{\"@id\":\"https:\\\/\\\/adventum.org\\\/es\\\/iniciativas\\\/#primaryimage\"},\"image\":{\"@id\":\"https:\\\/\\\/adventum.org\\\/es\\\/iniciativas\\\/#primaryimage\"},\"thumbnailUrl\":\"https:\\\/\\\/adventum.org\\\/wp-content\\\/uploads\\\/2015\\\/01\\\/logo-adventum-350.jpg\",\"datePublished\":\"2020-08-13T10:00:19+00:00\",\"dateModified\":\"2023-04-17T07:42:20+00:00\",\"description\":\"La Fundaci\u00f3n ADVENTUM se cre\u00f3 para educar en la legalidad, formar a los j\u00f3venes en el uso responsable del dinero y ofrecer una soluci\u00f3n concreta a quienes tienen dificultades.\",\"breadcrumb\":{\"@id\":\"https:\\\/\\\/adventum.org\\\/es\\\/iniciativas\\\/#breadcrumb\"},\"inLanguage\":\"es\",\"potentialAction\":[{\"@type\":\"ReadAction\",\"target\":[\"https:\\\/\\\/adventum.org\\\/es\\\/iniciativas\\\/\"]}]},{\"@type\":\"ImageObject\",\"inLanguage\":\"es\",\"@id\":\"https:\\\/\\\/adventum.org\\\/es\\\/iniciativas\\\/#primaryimage\",\"url\":\"https:\\\/\\\/adventum.org\\\/wp-content\\\/uploads\\\/2015\\\/01\\\/logo-adventum-350.jpg\",\"contentUrl\":\"https:\\\/\\\/adventum.org\\\/wp-content\\\/uploads\\\/2015\\\/01\\\/logo-adventum-350.jpg\",\"width\":400,\"height\":160},{\"@type\":\"BreadcrumbList\",\"@id\":\"https:\\\/\\\/adventum.org\\\/es\\\/iniciativas\\\/#breadcrumb\",\"itemListElement\":[{\"@type\":\"ListItem\",\"position\":1,\"name\":\"Home\",\"item\":\"https:\\\/\\\/adventum.org\\\/es\\\/\"},{\"@type\":\"ListItem\",\"position\":2,\"name\":\"Iniciativas\"}]},{\"@type\":\"WebSite\",\"@id\":\"https:\\\/\\\/adventum.org\\\/es\\\/#website\",\"url\":\"https:\\\/\\\/adventum.org\\\/es\\\/\",\"name\":\"Fondazione Adventum - Solidariet\u00e0 Antisura\",\"description\":\"Prevenzione usura e indebitamento da prestiti\",\"potentialAction\":[{\"@type\":\"SearchAction\",\"target\":{\"@type\":\"EntryPoint\",\"urlTemplate\":\"https:\\\/\\\/adventum.org\\\/es\\\/?s={search_term_string}\"},\"query-input\":{\"@type\":\"PropertyValueSpecification\",\"valueRequired\":true,\"valueName\":\"search_term_string\"}}],\"inLanguage\":\"es\"}]}<\/script>\n<!-- \/ Yoast SEO plugin. -->","yoast_head_json":{"title":"Fundaci\u00f3n Adventum Onlus","description":"La Fundaci\u00f3n ADVENTUM se cre\u00f3 para educar en la legalidad, formar a los j\u00f3venes en el uso responsable del dinero y ofrecer una soluci\u00f3n concreta a quienes tienen dificultades.","robots":{"index":"index","follow":"follow","max-snippet":"max-snippet:-1","max-image-preview":"max-image-preview:large","max-video-preview":"max-video-preview:-1"},"canonical":"https:\/\/adventum.org\/es\/iniciativas\/","og_locale":"es_ES","og_type":"article","og_title":"Fundaci\u00f3n Adventum Onlus","og_description":"La Fundaci\u00f3n ADVENTUM se cre\u00f3 para educar en la legalidad, formar a los j\u00f3venes en el uso responsable del dinero y ofrecer una soluci\u00f3n concreta a quienes tienen dificultades.","og_url":"https:\/\/adventum.org\/es\/iniciativas\/","og_site_name":"Fondazione Adventum - Solidariet\u00e0 Antisura","article_modified_time":"2023-04-17T07:42:20+00:00","og_image":[{"url":"http:\/\/www.adventum.org\/wp-content\/uploads\/2015\/01\/logo-adventum-350.jpg","type":"","width":"","height":""}],"twitter_card":"summary_large_image","twitter_misc":{"Tiempo de lectura":"4 minutos"},"schema":{"@context":"https:\/\/schema.org","@graph":[{"@type":"WebPage","@id":"https:\/\/adventum.org\/es\/iniciativas\/","url":"https:\/\/adventum.org\/es\/iniciativas\/","name":"Fundaci\u00f3n Adventum Onlus","isPartOf":{"@id":"https:\/\/adventum.org\/es\/#website"},"primaryImageOfPage":{"@id":"https:\/\/adventum.org\/es\/iniciativas\/#primaryimage"},"image":{"@id":"https:\/\/adventum.org\/es\/iniciativas\/#primaryimage"},"thumbnailUrl":"https:\/\/adventum.org\/wp-content\/uploads\/2015\/01\/logo-adventum-350.jpg","datePublished":"2020-08-13T10:00:19+00:00","dateModified":"2023-04-17T07:42:20+00:00","description":"La Fundaci\u00f3n ADVENTUM se cre\u00f3 para educar en la legalidad, formar a los j\u00f3venes en el uso responsable del dinero y ofrecer una soluci\u00f3n concreta a quienes tienen dificultades.","breadcrumb":{"@id":"https:\/\/adventum.org\/es\/iniciativas\/#breadcrumb"},"inLanguage":"es","potentialAction":[{"@type":"ReadAction","target":["https:\/\/adventum.org\/es\/iniciativas\/"]}]},{"@type":"ImageObject","inLanguage":"es","@id":"https:\/\/adventum.org\/es\/iniciativas\/#primaryimage","url":"https:\/\/adventum.org\/wp-content\/uploads\/2015\/01\/logo-adventum-350.jpg","contentUrl":"https:\/\/adventum.org\/wp-content\/uploads\/2015\/01\/logo-adventum-350.jpg","width":400,"height":160},{"@type":"BreadcrumbList","@id":"https:\/\/adventum.org\/es\/iniciativas\/#breadcrumb","itemListElement":[{"@type":"ListItem","position":1,"name":"Home","item":"https:\/\/adventum.org\/es\/"},{"@type":"ListItem","position":2,"name":"Iniciativas"}]},{"@type":"WebSite","@id":"https:\/\/adventum.org\/es\/#website","url":"https:\/\/adventum.org\/es\/","name":"Fondazione Adventum - Solidariet\u00e0 Antisura","description":"Prevenzione usura e indebitamento da prestiti","potentialAction":[{"@type":"SearchAction","target":{"@type":"EntryPoint","urlTemplate":"https:\/\/adventum.org\/es\/?s={search_term_string}"},"query-input":{"@type":"PropertyValueSpecification","valueRequired":true,"valueName":"search_term_string"}}],"inLanguage":"es"}]}},"_links":{"self":[{"href":"https:\/\/adventum.org\/es\/wp-json\/wp\/v2\/pages\/35056","targetHints":{"allow":["GET"]}}],"collection":[{"href":"https:\/\/adventum.org\/es\/wp-json\/wp\/v2\/pages"}],"about":[{"href":"https:\/\/adventum.org\/es\/wp-json\/wp\/v2\/types\/page"}],"author":[{"embeddable":true,"href":"https:\/\/adventum.org\/es\/wp-json\/wp\/v2\/users\/12"}],"replies":[{"embeddable":true,"href":"https:\/\/adventum.org\/es\/wp-json\/wp\/v2\/comments?post=35056"}],"version-history":[{"count":0,"href":"https:\/\/adventum.org\/es\/wp-json\/wp\/v2\/pages\/35056\/revisions"}],"wp:featuredmedia":[{"embeddable":true,"href":"https:\/\/adventum.org\/es\/wp-json\/wp\/v2\/media\/34048"}],"wp:attachment":[{"href":"https:\/\/adventum.org\/es\/wp-json\/wp\/v2\/media?parent=35056"}],"curies":[{"name":"wp","href":"https:\/\/api.w.org\/{rel}","templated":true}]}}