{"id":35046,"date":"2018-05-29T15:10:25","date_gmt":"2018-05-29T13:10:25","guid":{"rendered":"https:\/\/adventum.org\/galletas\/"},"modified":"2023-04-17T09:42:17","modified_gmt":"2023-04-17T07:42:17","slug":"galletas","status":"publish","type":"page","link":"https:\/\/adventum.org\/es\/galletas\/","title":{"rendered":"Galletas"},"content":{"rendered":"<p>[et_pb_section fb_built=\u00bb1&#8243; admin_label=\u00bbsection\u00bb _builder_version=\u00bb4.16&#8243; da_disable_devices=\u00bboff|off|off\u00bb global_colors_info=\u00bb{}\u00bb da_is_popup=\u00bboff\u00bb da_exit_intent=\u00bboff\u00bb da_has_close=\u00bbon\u00bb da_alt_close=\u00bboff\u00bb da_dark_close=\u00bboff\u00bb da_not_modal=\u00bbon\u00bb da_is_singular=\u00bboff\u00bb da_with_loader=\u00bboff\u00bb da_has_shadow=\u00bbon\u00bb][et_pb_row admin_label=\u00bbfila\u00bb _builder_version=\u00bb4.16&#8243; background_size=\u00bbinitial\u00bb background_position=\u00bbtop_left\u00bb background_repeat=\u00bbrepeat\u00bb global_colors_info=\u00bb{}\u00bb][et_pb_column type=\u00bb4_4&#8243; _builder_version=\u00bb4.16&#8243; custom_padding=\u00bb|||\u00bb global_colors_info=\u00bb{}\u00bb custom_padding__hover=\u00bb|||\u00bb][et_pb_text admin_label=\u00bbText\u00bb _builder_version=\u00bb4.17.6&#8243; background_size=\u00bbinitial\u00bb background_position=\u00bbtop_left\u00bb background_repeat=\u00bbrepeat\u00bb global_colors_info=\u00bb{}\u00bb]<\/p>\n<h1 style=\"text-align: center;\"><span style=\"font-family: inherit;\">POL\u00cdTICA DE COOKIES<\/span><\/h1>\n<p><strong>QU\u00c9 SON LAS \u00abCOOKIES<\/strong><br \/>Una cookie es un elemento textual que se instala en el navegador s\u00f3lo previa autorizaci\u00f3n. Las cookies tienen la funci\u00f3n de agilizar el an\u00e1lisis del tr\u00e1fico web o se\u00f1alar cu\u00e1ndo se visita un sitio espec\u00edfico y permiten a las aplicaciones web enviar informaci\u00f3n a usuarios individuales.<\/p>\n<p>&nbsp;<\/p>\n<p><strong>COOKIES DEL NAVEGADOR<\/strong><br \/>Nuestro sitio puede utilizar \u00abcookies\u00bb para mejorar la experiencia del usuario. El navegador web del usuario guarda estas cookies en su disco duro para hacer un seguimiento de la visita.<br \/>Los usuarios pueden optar por configurar su navegador para que rechace las cookies o para que les avise cuando se env\u00eden cookies.<br \/>Si se configuran estas opciones, es posible que algunas partes del Sitio no funcionen correctamente.<\/p>\n<p>&nbsp;<\/p>\n<p><strong>QU\u00c9 COOKIES UTILIZA ESTE SITIO WEB Y C\u00d3MO DENEGAR EL CONSENTIMIENTO A LAS COOKIES DE TERCEROS<\/strong><\/p>\n<p><strong>Cookies t\u00e9cnicas y de estad\u00edsticas agregadas; las cookies utilizadas se dividen en:<\/strong><\/p>\n<p>Actividades estrictamente necesarias para el funcionamiento (Cookies t\u00e9cnicas):<br \/>Este sitio utiliza cookies para guardar la sesi\u00f3n del Usuario y realizar otras actividades estrictamente necesarias para su funcionamiento, por ejemplo, en relaci\u00f3n con la distribuci\u00f3n del tr\u00e1fico.<\/p>\n<p><strong>Guardar preferencias, optimizaci\u00f3n y estad\u00edsticas<\/strong><\/p>\n<p>Este sitio utiliza cookies para guardar las preferencias de navegaci\u00f3n y optimizar la experiencia de navegaci\u00f3n del Usuario. Estas cookies incluyen las destinadas a conocer el n\u00famero y origen de los visitantes, para la gesti\u00f3n de estad\u00edsticas por parte del propietario del sitio.<\/p>\n<p><strong>Estad\u00edsticas<\/strong><\/p>\n<p>Los servicios contenidos en esta secci\u00f3n permiten al Responsable del Tratamiento supervisar y analizar los datos de tr\u00e1fico y sirven para realizar un seguimiento del comportamiento del Usuario.<\/p>\n<p><strong>Matomo<\/strong><br \/>Este sitio utiliza Matomo para analizar el tr\u00e1fico y ayudarnos a mejorar su experiencia de usuario.<\/p>\n<p>Procesamos su direcci\u00f3n de correo electr\u00f3nico y su direcci\u00f3n IP, y las cookies se almacenan en su navegador durante 13 meses. Estos datos s\u00f3lo los procesamos nosotros y nuestra plataforma de alojamiento web.<\/p>\n<blockquote><\/blockquote>\n<p><strong>Otros tipos de cookies o herramientas de terceros que puedan utilizarlas<\/strong><\/p>\n<p>Algunos de los servicios recopilan estad\u00edsticas de forma agregada y pueden no requerir el consentimiento del Usuario o ser gestionados directamente por el Responsable del Tratamiento sin ayuda de terceros.<\/p>\n<p>Si las herramientas a continuaci\u00f3n incluyen servicios operados por terceros, \u00e9stos pueden llevar a cabo actividades de seguimiento del Usuario. Para obtener informaci\u00f3n detallada al respecto, consulte las pol\u00edticas de privacidad de los servicios mencionados.<\/p>\n<p><strong>Interacci\u00f3n con redes sociales y plataformas externas<\/strong><\/p>\n<p>Estos servicios permiten interactuar con redes sociales, u otras plataformas externas, directamente desde las p\u00e1ginas de la Aplicaci\u00f3n. Las interacciones y la informaci\u00f3n adquirida por esta Aplicaci\u00f3n est\u00e1n sujetas en cada caso a la configuraci\u00f3n de privacidad del Usuario relativa a cada red social.<\/p>\n<p>Si se instala un servicio de interacci\u00f3n con redes sociales, es posible que, aunque los Usuarios no utilicen el servicio, \u00e9ste recopile datos de tr\u00e1fico relativos a las p\u00e1ginas en las que est\u00e1 instalado.<\/p>\n<p><strong>  Tweets de Twitter y widgets sociales (Twitter)<\/strong><\/p>\n<p>El bot\u00f3n Tweet y los widgets sociales de Twitter son servicios para interactuar con la red social Twitter, proporcionados por Twitter Inc. Datos personales recogidos: cookies y datos de uso.<\/p>\n<p>Lugar de procesamiento: EE.UU. &#8211; <a href=\"http:\/\/twitter.com\/privacy\">Pol\u00edtica de privacidad<\/a><a href=\"https:\/\/twitter.com\/it\/privacy\">(https:\/\/twitter.com\/it\/privacy)<\/a><\/p>\n<p><strong>Bot\u00f3n \u00abMe gusta\u00bb de Facebook y widgets sociales (Facebook)<\/strong><\/p>\n<p>El bot\u00f3n \u00abMe gusta\u00bb de Facebook y los widgets sociales son servicios de interacci\u00f3n con la red social Facebook, prestados por Facebook, Inc. Datos personales recogidos: cookies y datos de uso.<\/p>\n<p>Lugar de procesamiento: EE.UU. &#8211; <a href=\"http:\/\/twitter.com\/privacy\">Pol\u00edtica de privacidad<\/a><a href=\"https:\/\/www.facebook.com\/privacy\/explanation\">(https:\/\/www.facebook.com\/privacy\/explanation)<\/a><\/p>\n<p>Mostrar contenidos de plataformas externas<\/p>\n<p>Estos servicios permiten visualizar contenidos alojados en plataformas externas directamente desde las p\u00e1ginas de esta Aplicaci\u00f3n e interactuar con ellos.<\/p>\n<p><strong>Widget de v\u00eddeo de YouTube (Google)<\/strong><\/p>\n<p>Youtube es un servicio de visualizaci\u00f3n de contenidos de v\u00eddeo operado por Google Inc. que permite a esta Aplicaci\u00f3n integrar dicho contenido en sus p\u00e1ginas. Datos personales recogidos: cookies y datos de uso.<\/p>\n<p>Lugar de procesamiento: EE.UU. &#8211; <a href=\"http:\/\/twitter.com\/privacy\">Pol\u00edtica de privacidad<\/a><a href=\"http:\/\/www.google.it\/intl\/it\/policies\/privacy\/\">(http:\/\/www.google.it\/intl\/it\/policies\/privacy\/)<\/a><\/p>\n<p>&nbsp;<\/p>\n<p><strong>CONFIGURACI\u00d3N DEL NAVEGADOR: C\u00d3MO CONTROLAR LAS COOKIES<br \/><\/strong>La secci\u00f3n \u00abAyuda\u00bb del navegador del usuario deber\u00eda poder ayudarle a gestionar la configuraci\u00f3n de las cookies. Si no desea recibir cookies, puede cambiar su navegador para que se le informe cuando se env\u00eden. Tambi\u00e9n es posible eliminar las cookies ya almacenadas, en cualquier momento, a trav\u00e9s de la configuraci\u00f3n del navegador.<\/p>\n<p><strong>Internet Explorer<\/strong><br \/><strong><a href=\"https:\/\/support.microsoft.com\/it-it\/help\/17442\/windows-internet-explorer-delete-manage-cookies\">https:\/\/support.microsoft.com\/it-it\/help\/17442\/windows-internet-explorer-delete-manage-cookies<\/a><\/strong><br \/><strong><strong>Google Chrome<\/strong><\/strong><br \/><strong><a href=\"https:\/\/support.google.com\/chrome\/answer\/95647?hl=it&amp;p=cpn_cookies\">https:\/\/support.google.com\/chrome\/answer\/95647?hl=it&amp;p=cpn_cookies<\/a><\/strong><br \/>strong&gt;Mozilla Firefox<br \/><strong><a href=\"https:\/\/support.mozilla.org\/it\/kb\/Attivare%20e%20disattivare%20i%20cookie\">https:\/\/support.mozilla.org\/it\/kb\/Attivare%20e%20disattivare%20i%20cookie<\/a><\/strong><br \/><strong>Safari de Apple<\/strong><br \/><strong><a href=\"https:\/\/support.apple.com\/kb\/PH19214?viewlocale=it_IT&amp;locale=en_US\">https:\/\/support.apple.com\/kb\/PH19214?viewlocale=it_IT&amp;locale=en_US<\/a><\/strong><\/p>\n<p>&nbsp;<\/p>\n<p><strong><a href=\"https:\/\/adventum.org\/es\/politica-de-privacidad\/\" target=\"_blank\" rel=\"noopener noreferrer\">Lea la Pol\u00edtica de privacidad<\/a><\/strong><\/p>\n<p>[\/et_pb_text][\/et_pb_column][\/et_pb_row][\/et_pb_section]<\/p>\n","protected":false},"excerpt":{"rendered":"<p>POL\u00cdTICA DE COOKIES QU\u00c9 SON LAS \u00abCOOKIESUna cookie es un elemento textual que se instala en el navegador s\u00f3lo previa autorizaci\u00f3n. Las cookies tienen la funci\u00f3n de agilizar el an\u00e1lisis [&hellip;]<\/p>\n","protected":false},"author":12,"featured_media":0,"parent":0,"menu_order":0,"comment_status":"closed","ping_status":"closed","template":"","meta":{"_et_pb_use_builder":"on","_et_pb_old_content":"","_et_gb_content_width":"","footnotes":""},"class_list":["post-35046","page","type-page","status-publish","hentry"],"yoast_head":"<!-- This site is optimized with the Yoast SEO plugin v27.4 - https:\/\/yoast.com\/product\/yoast-seo-wordpress\/ -->\n<title>Galletas - Fondazione Adventum - Solidariet\u00e0 Antisura<\/title>\n<meta name=\"robots\" content=\"index, follow, max-snippet:-1, max-image-preview:large, max-video-preview:-1\" \/>\n<link rel=\"canonical\" href=\"https:\/\/adventum.org\/es\/galletas\/\" \/>\n<meta property=\"og:locale\" content=\"es_ES\" \/>\n<meta property=\"og:type\" content=\"article\" \/>\n<meta property=\"og:title\" content=\"Galletas - Fondazione Adventum - Solidariet\u00e0 Antisura\" \/>\n<meta property=\"og:description\" content=\"POL\u00cdTICA DE COOKIES QU\u00c9 SON LAS &quot;COOKIESUna cookie es un elemento textual que se instala en el navegador s\u00f3lo previa autorizaci\u00f3n. Las cookies tienen la funci\u00f3n de agilizar el an\u00e1lisis [&hellip;]\" \/>\n<meta property=\"og:url\" content=\"https:\/\/adventum.org\/es\/galletas\/\" \/>\n<meta property=\"og:site_name\" content=\"Fondazione Adventum - Solidariet\u00e0 Antisura\" \/>\n<meta property=\"article:modified_time\" content=\"2023-04-17T07:42:17+00:00\" \/>\n<meta property=\"og:image\" content=\"https:\/\/adventum.s3.eu-west-1.amazonaws.com\/wp-content\/uploads\/2021\/12\/visual-stories-micheile-ZVprbBmT8QA-unsplash-1.jpg\" \/>\n\t<meta property=\"og:image:width\" content=\"1920\" \/>\n\t<meta property=\"og:image:height\" content=\"1280\" \/>\n\t<meta property=\"og:image:type\" content=\"image\/jpeg\" \/>\n<meta name=\"twitter:card\" content=\"summary_large_image\" \/>\n<meta name=\"twitter:label1\" content=\"Tiempo de lectura\" \/>\n\t<meta name=\"twitter:data1\" content=\"5 minutos\" \/>\n<script type=\"application\/ld+json\" class=\"yoast-schema-graph\">{\"@context\":\"https:\\\/\\\/schema.org\",\"@graph\":[{\"@type\":\"WebPage\",\"@id\":\"https:\\\/\\\/adventum.org\\\/es\\\/galletas\\\/\",\"url\":\"https:\\\/\\\/adventum.org\\\/es\\\/galletas\\\/\",\"name\":\"Galletas - Fondazione Adventum - Solidariet\u00e0 Antisura\",\"isPartOf\":{\"@id\":\"https:\\\/\\\/adventum.org\\\/es\\\/#website\"},\"datePublished\":\"2018-05-29T13:10:25+00:00\",\"dateModified\":\"2023-04-17T07:42:17+00:00\",\"breadcrumb\":{\"@id\":\"https:\\\/\\\/adventum.org\\\/es\\\/galletas\\\/#breadcrumb\"},\"inLanguage\":\"es\",\"potentialAction\":[{\"@type\":\"ReadAction\",\"target\":[\"https:\\\/\\\/adventum.org\\\/es\\\/galletas\\\/\"]}]},{\"@type\":\"BreadcrumbList\",\"@id\":\"https:\\\/\\\/adventum.org\\\/es\\\/galletas\\\/#breadcrumb\",\"itemListElement\":[{\"@type\":\"ListItem\",\"position\":1,\"name\":\"Home\",\"item\":\"https:\\\/\\\/adventum.org\\\/es\\\/\"},{\"@type\":\"ListItem\",\"position\":2,\"name\":\"Galletas\"}]},{\"@type\":\"WebSite\",\"@id\":\"https:\\\/\\\/adventum.org\\\/es\\\/#website\",\"url\":\"https:\\\/\\\/adventum.org\\\/es\\\/\",\"name\":\"Fondazione Adventum - Solidariet\u00e0 Antisura\",\"description\":\"Prevenzione usura e indebitamento da prestiti\",\"potentialAction\":[{\"@type\":\"SearchAction\",\"target\":{\"@type\":\"EntryPoint\",\"urlTemplate\":\"https:\\\/\\\/adventum.org\\\/es\\\/?s={search_term_string}\"},\"query-input\":{\"@type\":\"PropertyValueSpecification\",\"valueRequired\":true,\"valueName\":\"search_term_string\"}}],\"inLanguage\":\"es\"}]}<\/script>\n<!-- \/ Yoast SEO plugin. -->","yoast_head_json":{"title":"Galletas - Fondazione Adventum - Solidariet\u00e0 Antisura","robots":{"index":"index","follow":"follow","max-snippet":"max-snippet:-1","max-image-preview":"max-image-preview:large","max-video-preview":"max-video-preview:-1"},"canonical":"https:\/\/adventum.org\/es\/galletas\/","og_locale":"es_ES","og_type":"article","og_title":"Galletas - Fondazione Adventum - Solidariet\u00e0 Antisura","og_description":"POL\u00cdTICA DE COOKIES QU\u00c9 SON LAS \"COOKIESUna cookie es un elemento textual que se instala en el navegador s\u00f3lo previa autorizaci\u00f3n. Las cookies tienen la funci\u00f3n de agilizar el an\u00e1lisis [&hellip;]","og_url":"https:\/\/adventum.org\/es\/galletas\/","og_site_name":"Fondazione Adventum - Solidariet\u00e0 Antisura","article_modified_time":"2023-04-17T07:42:17+00:00","og_image":[{"width":1920,"height":1280,"url":"https:\/\/adventum.s3.eu-west-1.amazonaws.com\/wp-content\/uploads\/2021\/12\/visual-stories-micheile-ZVprbBmT8QA-unsplash-1.jpg","type":"image\/jpeg"}],"twitter_card":"summary_large_image","twitter_misc":{"Tiempo de lectura":"5 minutos"},"schema":{"@context":"https:\/\/schema.org","@graph":[{"@type":"WebPage","@id":"https:\/\/adventum.org\/es\/galletas\/","url":"https:\/\/adventum.org\/es\/galletas\/","name":"Galletas - Fondazione Adventum - Solidariet\u00e0 Antisura","isPartOf":{"@id":"https:\/\/adventum.org\/es\/#website"},"datePublished":"2018-05-29T13:10:25+00:00","dateModified":"2023-04-17T07:42:17+00:00","breadcrumb":{"@id":"https:\/\/adventum.org\/es\/galletas\/#breadcrumb"},"inLanguage":"es","potentialAction":[{"@type":"ReadAction","target":["https:\/\/adventum.org\/es\/galletas\/"]}]},{"@type":"BreadcrumbList","@id":"https:\/\/adventum.org\/es\/galletas\/#breadcrumb","itemListElement":[{"@type":"ListItem","position":1,"name":"Home","item":"https:\/\/adventum.org\/es\/"},{"@type":"ListItem","position":2,"name":"Galletas"}]},{"@type":"WebSite","@id":"https:\/\/adventum.org\/es\/#website","url":"https:\/\/adventum.org\/es\/","name":"Fondazione Adventum - Solidariet\u00e0 Antisura","description":"Prevenzione usura e indebitamento da prestiti","potentialAction":[{"@type":"SearchAction","target":{"@type":"EntryPoint","urlTemplate":"https:\/\/adventum.org\/es\/?s={search_term_string}"},"query-input":{"@type":"PropertyValueSpecification","valueRequired":true,"valueName":"search_term_string"}}],"inLanguage":"es"}]}},"_links":{"self":[{"href":"https:\/\/adventum.org\/es\/wp-json\/wp\/v2\/pages\/35046","targetHints":{"allow":["GET"]}}],"collection":[{"href":"https:\/\/adventum.org\/es\/wp-json\/wp\/v2\/pages"}],"about":[{"href":"https:\/\/adventum.org\/es\/wp-json\/wp\/v2\/types\/page"}],"author":[{"embeddable":true,"href":"https:\/\/adventum.org\/es\/wp-json\/wp\/v2\/users\/12"}],"replies":[{"embeddable":true,"href":"https:\/\/adventum.org\/es\/wp-json\/wp\/v2\/comments?post=35046"}],"version-history":[{"count":0,"href":"https:\/\/adventum.org\/es\/wp-json\/wp\/v2\/pages\/35046\/revisions"}],"wp:attachment":[{"href":"https:\/\/adventum.org\/es\/wp-json\/wp\/v2\/media?parent=35046"}],"curies":[{"name":"wp","href":"https:\/\/api.w.org\/{rel}","templated":true}]}}