{"id":35035,"date":"2015-07-22T14:11:14","date_gmt":"2015-07-22T12:11:14","guid":{"rendered":"https:\/\/adventum.org\/politica-de-privacidad\/"},"modified":"2023-04-17T09:42:12","modified_gmt":"2023-04-17T07:42:12","slug":"politica-de-privacidad","status":"publish","type":"page","link":"https:\/\/adventum.org\/es\/politica-de-privacidad\/","title":{"rendered":"Pol\u00edtica de privacidad"},"content":{"rendered":"<p>[et_pb_section fb_built=\u00bb1&#8243; _builder_version=\u00bb4.16&#8243; da_disable_devices=\u00bboff|off|off\u00bb global_colors_info=\u00bb{}\u00bb da_is_popup=\u00bboff\u00bb da_exit_intent=\u00bboff\u00bb da_has_close=\u00bbon\u00bb da_alt_close=\u00bboff\u00bb da_dark_close=\u00bboff\u00bb da_not_modal=\u00bbon\u00bb da_is_singular=\u00bboff\u00bb da_with_loader=\u00bboff\u00bb da_has_shadow=\u00bbon\u00bb][et_pb_row _builder_version=\u00bb4.16&#8243; background_size=\u00bbinitial\u00bb background_position=\u00bbtop_left\u00bb background_repeat=\u00bbrepeat\u00bb global_colors_info=\u00bb{}\u00bb][et_pb_column type=\u00bb4_4&#8243; _builder_version=\u00bb4.16&#8243; custom_padding=\u00bb|||\u00bb global_colors_info=\u00bb{}\u00bb custom_padding__hover=\u00bb|||\u00bb][et_pb_text _builder_version=\u00bb4.16&#8243; background_size=\u00bbinitial\u00bb background_position=\u00bbtop_left\u00bb background_repeat=\u00bbrepeat\u00bb use_border_color=\u00bboff\u00bb border_color=\u00bb#ffffff\u00bb border_style=\u00bbsolid\u00bb global_colors_info=\u00bb{}\u00bb]<\/p>\n<p style=\"padding-left: 160px;\"><strong>  POL\u00cdTICA DE PRIVACIDAD<\/strong><br \/><span><strong>  www.adventum.org<\/strong><\/span><\/p>\n<p style=\"padding-left: 160px;\"><strong>Informaci\u00f3n <\/strong><strong>sobre la protecci\u00f3n de datos personales <\/strong><strong>de conformidad con los art\u00edculos 13 y 14 del Reglamento (UE) 2016\/679)<\/strong><\/p>\n<p><strong> <\/strong><\/p>\n<p><strong>Fundaci\u00f3n Adventum Onlus<\/strong> con domicilio social en Via G. Savonarola 39 00195 Roma &#8211; E-mail:  <a href=\"mailto:privacy@avventisti.it\">privacy@avventisti.it<\/a>, (en lo sucesivo denominado \u00ab<strong>Adventum<\/strong>\u00bb o el \u00ab<strong>Responsable del<\/strong>tratamiento\u00bb), en su calidad de <strong>Responsable del<\/strong> tratamiento, proporciona a continuaci\u00f3n la informaci\u00f3n com\u00fan al tratamiento de datos personales efectuado en el marco de su sitio institucional, accesible por v\u00eda electr\u00f3nica desde la direcci\u00f3n <span><br \/>\n  <strong>www.adventum.org<\/strong><br \/>\n<\/span> (en lo sucesivo, el<strong>\u00abSitio<\/strong>\u00ab).<\/p>\n<p>A este respecto, cabe se\u00f1alar que la informaci\u00f3n se facilita \u00fanicamente para el Sitio y no para otros <em>sitios web<\/em> que puedan consultarse a trav\u00e9s de <em>enlaces de<\/em> hipertexto o <em>widgets<\/em> (p. ej.  <em>redes sociales<\/em>) publicadas en el Sitio, pero referidas a recursos ajenos al dominio del Responsable o al tratamiento que pueda resultar del env\u00edo voluntario de mensajes.<\/p>\n<p><strong> <\/strong><\/p>\n<ol>\n<li><strong> <\/strong><strong>Categor\u00edas de interesados y datos personales tratados<\/strong><\/li>\n<\/ol>\n<p>El Responsable del Tratamiento trata los datos personales de las personas f\u00edsicas (identificadas o identificables) que visitan y consultan el Sitio o que realizan voluntariamente acciones de interacci\u00f3n con el Responsable del Tratamiento (en adelante,<strong>los \u00abUsuarios<\/strong>\u00ab).<\/p>\n<p>Los datos personales tratados son:<\/p>\n<ol>\n<li><em> <\/em><em>Datos de navegaci\u00f3n<\/em>: en el curso de su actividad normal, los sistemas inform\u00e1ticos y los procedimientos de software utilizados para operar el Sitio adquieren ciertos datos personales, cuya <strong>transmisi\u00f3n est\u00e1 impl\u00edcita<\/strong> en el uso de los protocolos de comunicaci\u00f3n de Internet. Esta categor\u00eda de datos incluye: las direcciones IP o los nombres de dominio de los ordenadores y terminales utilizados por los usuarios, las direcciones de notaci\u00f3n URI\/URL (Uniform Resource Identifier\/Locator) de los recursos solicitados, la hora de la solicitud, el m\u00e9todo utilizado para enviar la solicitud al servidor, el tama\u00f1o del archivo obtenido como respuesta, el c\u00f3digo num\u00e9rico que indica el estado de la respuesta dada por el servidor (correcto, error,  <em>etc.<\/em>) y otros par\u00e1metros relacionados con el sistema operativo y el entorno inform\u00e1tico de los usuarios;<\/li>\n<li><em> <\/em><em>Datos comunicados<\/em>: el env\u00edo facultativo, expl\u00edcito y voluntario de mensajes mediante la cumplimentaci\u00f3n y remisi\u00f3n de  <em>formulario  <\/em>en el Sitio y\/o a las direcciones de contacto del Responsable del tratamiento o a los perfiles\/p\u00e1ginas institucionales en las redes sociales (cuando se prevea esta posibilidad) conlleva la adquisici\u00f3n de los datos de contacto del Usuario necesarios para responder, as\u00ed como de cualquier otro y posible dato personal incluido en la  <em>formulario  <\/em>de registro o en las comunicaciones. Se publicar\u00e1 informaci\u00f3n espec\u00edfica en las p\u00e1ginas del Sitio que contengan el <em>formulario<\/em> o se establezcan para la prestaci\u00f3n de determinados servicios.<\/li>\n<li><em> <\/em><em>Cookies y otros sistemas de seguimiento<\/em>: para m\u00e1s informaci\u00f3n sobre el tipo de cookies utilizadas, su uso y sus finalidades, consulte la <a href=\"https:\/\/adventum.org\/cookie\/\">pol\u00edtica de cookies del sitio<\/a> (en adelante, todos los<strong>\u00abDatos Personales<\/strong>\u00ab).<\/li>\n<\/ol>\n<p>&nbsp;<\/p>\n<ol start=\"2\">\n<li><strong> <\/strong><strong>Finalidad del tratamiento y bases jur\u00eddicas:<\/strong><\/li>\n<\/ol>\n<p>El Responsable del Tratamiento trata los Datos Personales recogidos en el contexto del Sitio para los fines y con arreglo a las bases jur\u00eddicas que se indican en el cuadro siguiente:<\/p>\n<p>&nbsp;<\/p>\n<table width=\"662\">\n<tbody>\n<tr>\n<td width=\"21\">\n<p>&nbsp;<\/p>\n<\/td>\n<td width=\"376\">\n<p><strong><u>\u00bfCu\u00e1les son las FINALIDADES del tratamiento?<\/u><\/strong><\/p>\n<\/td>\n<td width=\"265\">\n<p><strong><u>\u00bfCu\u00e1les son los FUNDAMENTOS JUR\u00cdDICOS del tratamiento?<\/u><\/strong><\/p>\n<p><u> <\/u><\/p>\n<\/td>\n<\/tr>\n<tr>\n<td width=\"21\">\n<p><strong>a.  <\/strong> <\/p>\n<\/td>\n<td width=\"376\">\n<p>Cumplimiento de una obligaci\u00f3n legal relacionada con disposiciones civiles, fiscales y administrativas, legislaci\u00f3n comunitaria, normas, c\u00f3digos o procedimientos aprobados por las Autoridades y otras Instituciones competentes, as\u00ed como atender a los requerimientos de las autoridades administrativas o judiciales competentes y, en general, de los sujetos p\u00fablicos en cumplimiento de las formalidades legales.<\/p>\n<\/td>\n<td width=\"265\">\n<p>Cumplimiento de una obligaci\u00f3n legal a la que est\u00e9 sujeto el Responsable del tratamiento.<\/p>\n<\/td>\n<\/tr>\n<tr>\n<td width=\"21\">\n<p><strong>b.  <\/strong> <\/p>\n<\/td>\n<td width=\"376\">\n<p>Hacer valer y defender sus derechos, incluso mediante iniciativas extrajudiciales y tambi\u00e9n a trav\u00e9s de terceros, as\u00ed como prevenir y detectar actividades fraudulentas o usos indebidos del Sitio (con fines potencialmente delictivos, como usurpaci\u00f3n de identidad, delitos inform\u00e1ticos, <em>etc.<\/em>).<\/p>\n<\/td>\n<td width=\"265\">\n<p>Persecuci\u00f3n del inter\u00e9s leg\u00edtimo del Responsable del Tratamiento.<\/p>\n<\/td>\n<\/tr>\n<tr>\n<td width=\"21\">\n<p><strong>c.  <\/strong> <\/p>\n<\/td>\n<td width=\"376\">\n<p>Permitir a los Usuarios acceder y navegar por el Sitio de forma \u00f3ptima y gestionar las solicitudes recibidas a trav\u00e9s del Sitio.<\/p>\n<\/td>\n<td width=\"265\">\n<p>Ejecuci\u00f3n de medidas precontractuales adoptadas a petici\u00f3n del Usuario.<\/p>\n<p>&nbsp;<\/p>\n<\/td>\n<\/tr>\n<tr>\n<td width=\"21\">\n<p><strong>d.  <\/strong> <\/p>\n<\/td>\n<td width=\"376\">\n<p>Limitado a los datos de navegaci\u00f3n de los usuarios  <em>sub  <\/em>apartado 1, letra a)<em>,<\/em>  con fines de seguridad de los sistemas del Propietario y para obtener informaci\u00f3n estad\u00edstica sobre el uso del Sitio (como las p\u00e1ginas m\u00e1s visitadas del Sitio, el tiempo medio de permanencia en cada p\u00e1gina), as\u00ed como para supervisar y administrar el funcionamiento del Sitio y mejorar los servicios prestados.<\/p>\n<\/td>\n<td width=\"265\">\n<p>Persecuci\u00f3n del inter\u00e9s leg\u00edtimo del Responsable del Tratamiento.<\/p>\n<\/td>\n<\/tr>\n<tr>\n<td width=\"21\">\n<p><strong>e.  <\/strong> <\/p>\n<\/td>\n<td width=\"376\">\n<p>Gestionar la secci\u00f3n de contacto del sitio y, por tanto, responder a las solicitudes de los usuarios recibidas rellenando el formulario correspondiente o enviando comunicaciones a la direcci\u00f3n de correo electr\u00f3nico del Responsable del tratamiento.<\/p>\n<\/td>\n<td width=\"265\">\n<p>Ejecuci\u00f3n de medidas precontractuales adoptadas a petici\u00f3n del Usuario.<\/p>\n<\/td>\n<\/tr>\n<tr>\n<td width=\"21\">\n<p><strong>f.<\/strong> <\/p>\n<\/td>\n<td width=\"376\">\n<p>Informar al usuario sobre todas las actividades de car\u00e1cter popular, cultural, religioso, informativo por correo electr\u00f3nico (e-mail) y\/o cualquier otro dato de contacto facilitado por el usuario.<\/p>\n<\/td>\n<td width=\"265\">\n<p>Consentimiento expreso del Usuario (manifestado al cumplimentar voluntariamente el <em>formulario\/casilla<\/em> correspondiente para solicitar la direcci\u00f3n de correo electr\u00f3nico), que podr\u00e1 ser revocado en cualquier momento de conformidad con el apartado 8 del presente aviso.<\/p>\n<\/td>\n<\/tr>\n<tr>\n<td width=\"21\">\n<p><strong>g.  <\/strong> <\/p>\n<\/td>\n<td width=\"376\">\n<p>Para la comunicaci\u00f3n de sus datos personales a terceros como Asociaciones, Onlus, Entes Eclesi\u00e1sticos, Fundaciones vinculadas a la<strong>Uni\u00f3n Italiana de Iglesias Cristianas Adventistas del S\u00e9ptimo D\u00eda<\/strong> que organizan actividades participativas, comunitarias, de voluntariado.<\/p>\n<\/td>\n<td width=\"265\">\n<p>Consentimiento expreso del Usuario, que podr\u00e1 ser revocado en cualquier momento de conformidad con el apartado 8 del presente aviso.<\/p>\n<\/td>\n<\/tr>\n<\/tbody>\n<\/table>\n<p><strong> <\/strong><\/p>\n<ol start=\"3\">\n<li><strong> <\/strong><strong>Divulgaci\u00f3n obligatoria de los datos solicitados y consecuencias de la no divulgaci\u00f3n<\/strong><\/li>\n<\/ol>\n<p>Salvo lo especificado para los datos de navegaci\u00f3n (y, en el  <em>pol\u00edtica<\/em>, para la gesti\u00f3n de  <em>cookies<\/em>), los usuarios son libres de facilitar sus datos personales (a trav\u00e9s de  <em>formulario<\/em> -en las p\u00e1ginas que lo permitan- o por otros medios a los contactos del Responsable del Tratamiento) para enviar solicitudes de informaci\u00f3n o recibir comunicaciones sobre todas las actividades de car\u00e1cter popular, cultural, religioso o de culto<\/p>\n<p>Se entiende que el hecho de no proporcionarlos, aunque sea parcialmente, puede impedir que el Responsable del Tratamiento lleve a cabo las actividades de solicitud y comunicaci\u00f3n del Usuario, as\u00ed como el cumplimiento de cualesquiera obligaciones relacionadas.<\/p>\n<p>&nbsp;<\/p>\n<ol start=\"4\">\n<li><strong> <\/strong><strong>Modalidades de tratamiento<\/strong><\/li>\n<\/ol>\n<p>Los Datos Personales ser\u00e1n tratados mediante herramientas automatizadas tanto manuales como inform\u00e1ticas exclusivamente por personas autorizadas y especialmente formadas.<\/p>\n<ol start=\"5\">\n<li><strong> <\/strong><strong>Destinatarios\/categor\u00edas de destinatarios de los datos personales  <\/strong><\/li>\n<\/ol>\n<p>Para los fines establecidos en el presente aviso, los Datos Personales de los Usuarios podr\u00e1n ser divulgados:<\/p>\n<ul>\n<li>las personas autorizadas a tratar los datos por el responsable del tratamiento (empleados o colaboradores);<\/li>\n<li>terceros proveedores de servicios al Responsable del Tratamiento (incluidos proveedores de servicios inform\u00e1ticos, proveedores de alojamiento, editores web, as\u00ed como empresas o personas que presten servicios jur\u00eddicos y de seguros) que actuar\u00e1n como encargados del tratamiento de datos, en su caso;<\/li>\n<li>a empresas y terceros profesionales designados para hacer valer derechos, intereses, reclamaciones del titular derivados de la relaci\u00f3n con los Usuarios;<\/li>\n<li>a las Administraciones del Estado, autoridades judiciales o administrativas, entidades p\u00fablicas y privadas, incluso como resultado de inspecciones y auditor\u00edas;<\/li>\n<li>a personas que puedan acceder a los datos en virtud de disposiciones legales o reglamentarias secundarias o de la UE.<\/li>\n<li>a terceros como Asociaciones, Onlus, Organismos Eclesi\u00e1sticos, Fundaciones vinculadas a la Uni\u00f3n Italiana de Iglesias Cristianas Adventistas del S\u00e9ptimo D\u00eda<\/li>\n<\/ul>\n<p>S\u00f3lo se indica la categor\u00eda de los destinatarios, ya que est\u00e1 sujeta a una actualizaci\u00f3n continua. Para conocer la lista actualizada de destinatarios, los Usuarios pueden ponerse en contacto directamente con el Responsable del tratamiento escribiendo a los datos de contacto indicados en la secci\u00f3n 9 del presente aviso.<\/p>\n<ol start=\"6\">\n<li><strong> <\/strong><strong>Periodos de conservaci\u00f3n de datos personales  <\/strong><\/li>\n<\/ol>\n<p>Los Datos Personales ser\u00e1n conservados por el Responsable del Tratamiento durante el tiempo estrictamente necesario para la finalidad para la que fueron recabados; en concreto, el Responsable del Tratamiento conservar\u00e1<\/p>\n<ul>\n<li>Los datos de navegaci\u00f3n de los usuarios (a los que se hace referencia en el apartado 1, letra a)) mientras dure la sesi\u00f3n de navegaci\u00f3n y, en cualquier caso, durante un m\u00e1ximo de siete d\u00edas, salvo en caso de fallos del sistema, en cuyo caso se almacenar\u00e1n hasta que se resuelva el problema;<\/li>\n<li>los datos comunicados por los Usuarios (indicados en el p\u00e1rrafo 1(b)):<\/li>\n<\/ul>\n<ol>\n<li><em> <\/em>con respecto a los datos personales comunicados mediante la cumplimentaci\u00f3n de formularios en el sitio web, durante el tiempo necesario para tramitar la solicitud correspondiente;<\/li>\n<li><em> <\/em>con respecto a los datos personales para la finalidad indicada en el apartado 2 letra f), hasta que el Usuario revoque su consentimiento;<\/li>\n<\/ol>\n<ul>\n<li><em> <\/em>con respecto a los datos personales para la finalidad indicada en el apartado 2 letra g), durante un plazo m\u00e1ximo de 24 meses o hasta que el Usuario retire su consentimiento;<\/li>\n<li>Datos personales cuyo tratamiento es necesario en relaci\u00f3n con obligaciones legales mientras dure la ley;<\/li>\n<\/ul>\n<p>y en todo caso, a los efectos previstos en la letra b) del apartado 2, por un plazo m\u00e1ximo igual al plazo de prescripci\u00f3n de las acciones correspondientes incrementado en un plazo prudencial de seis meses, con el fin de garantizar el derecho de defensa del Titular frente a posibles litigios futuros en v\u00eda judicial o administrativa.<\/p>\n<p>En todos los casos, una vez transcurridos los plazos respectivos, todos los Datos Personales ser\u00e1n eliminados o anonimizados. Esto se entiende sin perjuicio de que los plazos indicados puedan ampliarse en los casos en que se requiera el almacenamiento durante un per\u00edodo m\u00e1s largo en caso de litigio, a petici\u00f3n de las autoridades competentes o en virtud de la legislaci\u00f3n aplicable.<\/p>\n<ol start=\"7\">\n<li><strong> <\/strong><strong>Transferencia<\/strong><strong> de datos personales a un tercer pa\u00eds u organizaci\u00f3n internacional <\/strong> <\/li>\n<\/ol>\n<p>En el \u00e1mbito de los fines mencionados, es posible que sus datos se transfieran a pa\u00edses de la UE.<\/p>\n<ol start=\"8\">\n<li><strong> <\/strong><strong>Derechos  <\/strong><\/li>\n<\/ol>\n<p>Los usuarios pueden ejercer los siguientes derechos frente al Responsable del Tratamiento si se dan las circunstancias:<\/p>\n<ul>\n<li><strong>Derecho de acceso<\/strong>: permite a los usuarios obtener del responsable del tratamiento confirmaci\u00f3n de si se est\u00e1n tratando o no datos personales que les conciernen y, en caso afirmativo, obtener acceso a sus datos personales;<\/li>\n<li><strong>Derecho de rectificaci\u00f3n<\/strong>: permite a los Usuarios obtener la rectificaci\u00f3n\/integraci\u00f3n de Datos Personales inexactos\/completos;<\/li>\n<li><strong>Derecho de supresi\u00f3n<\/strong>: permite a los usuarios obtener, en los casos previstos por la ley, la supresi\u00f3n de sus datos personales;<\/li>\n<li><strong>Derecho de limitaci\u00f3n del tratamiento<\/strong>: permite a los Usuarios obtener, en los casos previstos en el Art. 18(1) del GDPR, la restricci\u00f3n (es decir, marcar los datos personales almacenados con el objetivo de limitar su tratamiento en el futuro) del tratamiento de sus datos personales;<\/li>\n<li><strong>Derecho a la portabilidad de los datos<\/strong>permite al usuario -en los casos en que el tratamiento se efect\u00fae por medios automatizados sobre la base jur\u00eddica del contrato o del consentimiento- recibir en un formato estructurado, de uso com\u00fan y lectura mec\u00e1nica, limitado a los datos facilitados al responsable del tratamiento, los datos personales que le conciernan y, asimismo, el derecho a transmitir dichos datos a otro responsable del tratamiento.<\/li>\n<\/ul>\n<p>Adem\u00e1s, los Usuarios tienen derecho:<\/p>\n<ul>\n<li><strong>oponerse<\/strong> al tratamiento de sus Datos Personales para los fines indicados en el apartado 2;<\/li>\n<li><strong>revocar, en cualquier momento, el consentimiento <\/strong>para los fines establecidos en la letra f) del apartado 2;<\/li>\n<li>as\u00ed como, si consideran que el tratamiento de los Datos Personales que les conciernen realizado a trav\u00e9s de este Sitio infringe el GDPR, <strong>a presentar una reclamaci\u00f3n<\/strong> de conformidad con el Art. 77 del RGPD, a la autoridad nacional de control del Estado miembro de la Uni\u00f3n Europea en el que el interesado tenga su residencia habitual o su lugar de trabajo o en el que se haya producido la presunta vulneraci\u00f3n de su derecho (si ese Estado es Italia, la persona a la que puede dirigirse es la Autoridad Italiana de Protecci\u00f3n de Datos).  <strong>o para emprender las<\/strong> acciones <strong>legales pertinentes<\/strong> (art\u00edculo 79 del RGPD).<\/li>\n<\/ul>\n<ol start=\"9\">\n<li><strong> <\/strong><strong>P\u00f3ngase en contacto con  <\/strong><\/li>\n<\/ol>\n<p>Para ejercer todos los derechos, el interesado puede presentar una solicitud especial poni\u00e9ndose en contacto con el Responsable del Tratamiento de las siguientes maneras:<\/p>\n<ul>\n<li>por correo al domicilio social de la <strong>Fundaci\u00f3n Adventum Onlus<\/strong> Via G. Savonarola 39 00195 Roma;<\/li>\n<li>enviando un correo electr\u00f3nico a la direcci\u00f3n <strong>ordinaria <\/strong><a href=\"mailto:privacy@avventisti.it\">privacy@avventisti.it<\/a><\/li>\n<li><strong><\/strong><strong>Modificaciones<\/strong><\/li>\n<\/ul>\n<p>Esta pol\u00edtica de privacidad se actualiz\u00f3 el 21\/07\/2022<\/p>\n<p>El Responsable del Tratamiento se reserva el derecho a modificar total o parcialmente este aviso o a actualizar su contenido, por ejemplo, debido a cambios en la legislaci\u00f3n aplicable. Por lo tanto, se invita al Usuario a consultar peri\u00f3dicamente el aviso informativo para conocer la \u00faltima versi\u00f3n actualizada, de modo que siempre est\u00e9 informado sobre la forma en que se recopilan y utilizan los Datos Personales.<\/p>\n<p>_____________<\/p>\n<p>Versi\u00f3n 21 de julio de 2022<\/p>\n<p>[\/et_pb_text][\/et_pb_column][\/et_pb_row][\/et_pb_section]<\/p>\n","protected":false},"excerpt":{"rendered":"<p>POL\u00cdTICA DE PRIVACIDAD www.adventum.org Informaci\u00f3n sobre la protecci\u00f3n de datos personales de conformidad con los art\u00edculos 13 y 14 del Reglamento (UE) 2016\/679) Fundaci\u00f3n Adventum Onlus con domicilio social en [&hellip;]<\/p>\n","protected":false},"author":12,"featured_media":0,"parent":0,"menu_order":0,"comment_status":"open","ping_status":"open","template":"","meta":{"_et_pb_use_builder":"on","_et_pb_old_content":"","_et_gb_content_width":"","footnotes":""},"class_list":["post-35035","page","type-page","status-publish","hentry"],"yoast_head":"<!-- This site is optimized with the Yoast SEO plugin v27.4 - https:\/\/yoast.com\/product\/yoast-seo-wordpress\/ -->\n<title>Pol\u00edtica de privacidad - Fondazione Adventum - Solidariet\u00e0 Antisura<\/title>\n<meta name=\"robots\" content=\"index, follow, max-snippet:-1, max-image-preview:large, max-video-preview:-1\" \/>\n<link rel=\"canonical\" href=\"https:\/\/adventum.org\/es\/politica-de-privacidad\/\" \/>\n<meta property=\"og:locale\" content=\"es_ES\" \/>\n<meta property=\"og:type\" content=\"article\" \/>\n<meta property=\"og:title\" content=\"Pol\u00edtica de privacidad - Fondazione Adventum - Solidariet\u00e0 Antisura\" \/>\n<meta property=\"og:description\" content=\"POL\u00cdTICA DE PRIVACIDAD www.adventum.org Informaci\u00f3n sobre la protecci\u00f3n de datos personales de conformidad con los art\u00edculos 13 y 14 del Reglamento (UE) 2016\/679) Fundaci\u00f3n Adventum Onlus con domicilio social en [&hellip;]\" \/>\n<meta property=\"og:url\" content=\"https:\/\/adventum.org\/es\/politica-de-privacidad\/\" \/>\n<meta property=\"og:site_name\" content=\"Fondazione Adventum - Solidariet\u00e0 Antisura\" \/>\n<meta property=\"article:modified_time\" content=\"2023-04-17T07:42:12+00:00\" \/>\n<meta property=\"og:image\" content=\"https:\/\/adventum.s3.eu-west-1.amazonaws.com\/wp-content\/uploads\/2021\/12\/visual-stories-micheile-ZVprbBmT8QA-unsplash-1.jpg\" \/>\n\t<meta property=\"og:image:width\" content=\"1920\" \/>\n\t<meta property=\"og:image:height\" content=\"1280\" \/>\n\t<meta property=\"og:image:type\" content=\"image\/jpeg\" \/>\n<meta name=\"twitter:card\" content=\"summary_large_image\" \/>\n<meta name=\"twitter:label1\" content=\"Tiempo de lectura\" \/>\n\t<meta name=\"twitter:data1\" content=\"12 minutos\" \/>\n<script type=\"application\/ld+json\" class=\"yoast-schema-graph\">{\"@context\":\"https:\\\/\\\/schema.org\",\"@graph\":[{\"@type\":\"WebPage\",\"@id\":\"https:\\\/\\\/adventum.org\\\/es\\\/politica-de-privacidad\\\/\",\"url\":\"https:\\\/\\\/adventum.org\\\/es\\\/politica-de-privacidad\\\/\",\"name\":\"Pol\u00edtica de privacidad - Fondazione Adventum - Solidariet\u00e0 Antisura\",\"isPartOf\":{\"@id\":\"https:\\\/\\\/adventum.org\\\/es\\\/#website\"},\"datePublished\":\"2015-07-22T12:11:14+00:00\",\"dateModified\":\"2023-04-17T07:42:12+00:00\",\"breadcrumb\":{\"@id\":\"https:\\\/\\\/adventum.org\\\/es\\\/politica-de-privacidad\\\/#breadcrumb\"},\"inLanguage\":\"es\",\"potentialAction\":[{\"@type\":\"ReadAction\",\"target\":[\"https:\\\/\\\/adventum.org\\\/es\\\/politica-de-privacidad\\\/\"]}]},{\"@type\":\"BreadcrumbList\",\"@id\":\"https:\\\/\\\/adventum.org\\\/es\\\/politica-de-privacidad\\\/#breadcrumb\",\"itemListElement\":[{\"@type\":\"ListItem\",\"position\":1,\"name\":\"Home\",\"item\":\"https:\\\/\\\/adventum.org\\\/es\\\/\"},{\"@type\":\"ListItem\",\"position\":2,\"name\":\"Pol\u00edtica de privacidad\"}]},{\"@type\":\"WebSite\",\"@id\":\"https:\\\/\\\/adventum.org\\\/es\\\/#website\",\"url\":\"https:\\\/\\\/adventum.org\\\/es\\\/\",\"name\":\"Fondazione Adventum - Solidariet\u00e0 Antisura\",\"description\":\"Prevenzione usura e indebitamento da prestiti\",\"potentialAction\":[{\"@type\":\"SearchAction\",\"target\":{\"@type\":\"EntryPoint\",\"urlTemplate\":\"https:\\\/\\\/adventum.org\\\/es\\\/?s={search_term_string}\"},\"query-input\":{\"@type\":\"PropertyValueSpecification\",\"valueRequired\":true,\"valueName\":\"search_term_string\"}}],\"inLanguage\":\"es\"}]}<\/script>\n<!-- \/ Yoast SEO plugin. -->","yoast_head_json":{"title":"Pol\u00edtica de privacidad - Fondazione Adventum - Solidariet\u00e0 Antisura","robots":{"index":"index","follow":"follow","max-snippet":"max-snippet:-1","max-image-preview":"max-image-preview:large","max-video-preview":"max-video-preview:-1"},"canonical":"https:\/\/adventum.org\/es\/politica-de-privacidad\/","og_locale":"es_ES","og_type":"article","og_title":"Pol\u00edtica de privacidad - Fondazione Adventum - Solidariet\u00e0 Antisura","og_description":"POL\u00cdTICA DE PRIVACIDAD www.adventum.org Informaci\u00f3n sobre la protecci\u00f3n de datos personales de conformidad con los art\u00edculos 13 y 14 del Reglamento (UE) 2016\/679) Fundaci\u00f3n Adventum Onlus con domicilio social en [&hellip;]","og_url":"https:\/\/adventum.org\/es\/politica-de-privacidad\/","og_site_name":"Fondazione Adventum - Solidariet\u00e0 Antisura","article_modified_time":"2023-04-17T07:42:12+00:00","og_image":[{"width":1920,"height":1280,"url":"https:\/\/adventum.s3.eu-west-1.amazonaws.com\/wp-content\/uploads\/2021\/12\/visual-stories-micheile-ZVprbBmT8QA-unsplash-1.jpg","type":"image\/jpeg"}],"twitter_card":"summary_large_image","twitter_misc":{"Tiempo de lectura":"12 minutos"},"schema":{"@context":"https:\/\/schema.org","@graph":[{"@type":"WebPage","@id":"https:\/\/adventum.org\/es\/politica-de-privacidad\/","url":"https:\/\/adventum.org\/es\/politica-de-privacidad\/","name":"Pol\u00edtica de privacidad - Fondazione Adventum - Solidariet\u00e0 Antisura","isPartOf":{"@id":"https:\/\/adventum.org\/es\/#website"},"datePublished":"2015-07-22T12:11:14+00:00","dateModified":"2023-04-17T07:42:12+00:00","breadcrumb":{"@id":"https:\/\/adventum.org\/es\/politica-de-privacidad\/#breadcrumb"},"inLanguage":"es","potentialAction":[{"@type":"ReadAction","target":["https:\/\/adventum.org\/es\/politica-de-privacidad\/"]}]},{"@type":"BreadcrumbList","@id":"https:\/\/adventum.org\/es\/politica-de-privacidad\/#breadcrumb","itemListElement":[{"@type":"ListItem","position":1,"name":"Home","item":"https:\/\/adventum.org\/es\/"},{"@type":"ListItem","position":2,"name":"Pol\u00edtica de privacidad"}]},{"@type":"WebSite","@id":"https:\/\/adventum.org\/es\/#website","url":"https:\/\/adventum.org\/es\/","name":"Fondazione Adventum - Solidariet\u00e0 Antisura","description":"Prevenzione usura e indebitamento da prestiti","potentialAction":[{"@type":"SearchAction","target":{"@type":"EntryPoint","urlTemplate":"https:\/\/adventum.org\/es\/?s={search_term_string}"},"query-input":{"@type":"PropertyValueSpecification","valueRequired":true,"valueName":"search_term_string"}}],"inLanguage":"es"}]}},"_links":{"self":[{"href":"https:\/\/adventum.org\/es\/wp-json\/wp\/v2\/pages\/35035","targetHints":{"allow":["GET"]}}],"collection":[{"href":"https:\/\/adventum.org\/es\/wp-json\/wp\/v2\/pages"}],"about":[{"href":"https:\/\/adventum.org\/es\/wp-json\/wp\/v2\/types\/page"}],"author":[{"embeddable":true,"href":"https:\/\/adventum.org\/es\/wp-json\/wp\/v2\/users\/12"}],"replies":[{"embeddable":true,"href":"https:\/\/adventum.org\/es\/wp-json\/wp\/v2\/comments?post=35035"}],"version-history":[{"count":0,"href":"https:\/\/adventum.org\/es\/wp-json\/wp\/v2\/pages\/35035\/revisions"}],"wp:attachment":[{"href":"https:\/\/adventum.org\/es\/wp-json\/wp\/v2\/media?parent=35035"}],"curies":[{"name":"wp","href":"https:\/\/api.w.org\/{rel}","templated":true}]}}