{"id":35020,"date":"2017-01-30T14:49:57","date_gmt":"2017-01-30T13:49:57","guid":{"rendered":"https:\/\/adventum.org\/presupuesto-mensual\/"},"modified":"2023-04-17T09:42:06","modified_gmt":"2023-04-17T07:42:06","slug":"presupuesto-mensual","status":"publish","type":"page","link":"https:\/\/adventum.org\/es\/presupuesto-mensual\/","title":{"rendered":"Presupuesto mensual"},"content":{"rendered":"<p>[et_pb_section fb_built=\u00bb1&#8243; custom_padding_last_edited=\u00bbon|desktop\u00bb disabled_on=\u00bboff|off|off\u00bb admin_label=\u00bbTestata\u00bb _builder_version=\u00bb3.22&#8243; background_color=\u00bb#36566f\u00bb background_image=\u00bbhttp:\/\/www.adventum.org\/wp-content\/uploads\/2015\/06\/storia_Andreina.jpg\u00bb custom_padding_tablet=\u00bb50px|0|50px|0&#8243; custom_padding_phone=\u00bb\u00bb padding_mobile=\u00bboff\u00bb global_colors_info=\u00bb{}\u00bb min_height=\u00bb356.1px\u00bb][et_pb_row padding_mobile=\u00bbon\u00bb column_padding_mobile=\u00bbon\u00bb admin_label=\u00bbfila\u00bb _builder_version=\u00bb3.25&#8243; background_size=\u00bbinitial\u00bb background_position=\u00bbtop_left\u00bb background_repeat=\u00bbrepeat\u00bb custom_margin=\u00bb8%||10%|\u00bb custom_padding=\u00bb||0px|\u00bb custom_width_px=\u00bb980px\u00bb global_colors_info=\u00bb{}\u00bb column_structure=\u00bb1_2,1_2&#8243;][et_pb_column type=\u00bb1_2&#8243; _builder_version=\u00bb3.25&#8243; custom_padding=\u00bb|||\u00bb global_colors_info=\u00bb{}\u00bb custom_padding__hover=\u00bb|||\u00bb][\/et_pb_column][et_pb_column type=\u00bb1_2&#8243; _builder_version=\u00bb3.25&#8243; custom_padding=\u00bb|||\u00bb global_colors_info=\u00bb{}\u00bb custom_padding__hover=\u00bb|||\u00bb][et_pb_text admin_label=\u00bbText\u00bb _builder_version=\u00bb3.27.4&#8243; text_font=\u00bbRoboto Light||||\u00bb text_text_color=\u00bb#673ab7&#8243; text_font_size=\u00bb24&#8243; background_size=\u00bbinitial\u00bb background_position=\u00bbtop_left\u00bb background_repeat=\u00bbrepeat\u00bb custom_margin=\u00bb||0px|\u00bb custom_css_main_element=\u00bbfont-weight:300;\u00bb global_colors_info=\u00bb{}\u00bb]\u00a0<br \/>\n[\/et_pb_text][et_pb_text admin_label=\u00bbTitolo\u00bb _builder_version=\u00bb4.10.6&#8243; text_font=\u00bbYeseva One||||||||\u00bb text_text_color=\u00bb#ffffff\u00bb text_font_size=\u00bb46px\u00bb text_line_height=\u00bb1.1em\u00bb background_color=\u00bbrgba(54,86,111,0.7)\u00bb background_size=\u00bbinitial\u00bb background_position=\u00bbtop_left\u00bb background_repeat=\u00bbrepeat\u00bb background_layout=\u00bbdark\u00bb max_width=\u00bb98%\u00bb custom_margin=\u00bb24px||0px|\u00bb custom_padding=\u00bb10px|10px|10px|10px\u00bb hover_enabled=\u00bb0&#8243; text_font_size_phone=\u00bb36&#8243; custom_css_main_element=\u00bbfont-weight:300;\u00bb global_colors_info=\u00bb{}\u00bb sticky_enabled=\u00bb0&#8243;]<\/p>\n<p>presupuesto mensual y<br \/>resumen de DEUDAS<\/p>\n<p>[\/et_pb_text][et_pb_text admin_label=\u00bbText\u00bb _builder_version=\u00bb3.27.4&#8243; text_font=\u00bbRoboto||||\u00bb text_text_color=\u00bb#673ab7&#8243; text_font_size=\u00bb20&#8243; text_letter_spacing=\u00bb1px\u00bb text_line_height=\u00bb1.1em\u00bb background_size=\u00bbinitial\u00bb background_position=\u00bbtop_left\u00bb background_repeat=\u00bbrepeat\u00bb custom_margin=\u00bb48px|||\u00bb text_font_size_phone=\u00bb16&#8243; global_colors_info=\u00bb{}\u00bb]\u00a0<br \/>\n[\/et_pb_text][\/et_pb_column][\/et_pb_row][\/et_pb_section][et_pb_section fb_built=\u00bb1&#8243; custom_padding_last_edited=\u00bbon|desktop\u00bb disabled_on=\u00bboff|off|off\u00bb admin_label=\u00bbSezione\u00bb _builder_version=\u00bb3.22&#8243; custom_padding=\u00bb35px|0px|35px|0px\u00bb custom_padding_tablet=\u00bb50px|0|50px|0&#8243; custom_padding_phone=\u00bb\u00bb padding_mobile=\u00bboff\u00bb global_colors_info=\u00bb{}\u00bb custom_margin=\u00bb0px|||||\u00bb][et_pb_row padding_mobile=\u00bboff\u00bb column_padding_mobile=\u00bbon\u00bb admin_label=\u00bbL\u00ednea\u00bb _builder_version=\u00bb3.25&#8243; background_size=\u00bbinitial\u00bb background_position=\u00bbtop_left\u00bb background_repeat=\u00bbrepeat\u00bb global_colors_info=\u00bb{}\u00bb column_structure=\u00bb2_3,1_3&#8243;][et_pb_column type=\u00bb2_3&#8243; _builder_version=\u00bb3.25&#8243; custom_padding=\u00bb|||\u00bb global_colors_info=\u00bb{}\u00bb custom_padding__hover=\u00bb|||\u00bb][et_pb_text admin_label=\u00bbTesto\u00bb _builder_version=\u00bb4.10.6&#8243; text_font=\u00bbYeseva One||||||||\u00bb text_text_color=\u00bb#d49e00&#8243; text_font_size=\u00bb28px\u00bb text_line_height=\u00bb1.3em\u00bb header_font_size=\u00bb28px\u00bb background_size=\u00bbinitial\u00bb background_position=\u00bbtop_left\u00bb background_repeat=\u00bbrepeat\u00bb hover_enabled=\u00bb0&#8243; global_colors_info=\u00bb{}\u00bb sticky_enabled=\u00bb0&#8243;]<\/p>\n<p>La Fundaci\u00f3n Adventum previene el riesgo de usura apoyando a las personas con dificultades econ\u00f3micas.<\/p>\n<p>[\/et_pb_text][\/et_pb_column][et_pb_column type=\u00bb1_3&#8243; _builder_version=\u00bb3.25&#8243; custom_padding=\u00bb|||\u00bb global_colors_info=\u00bb{}\u00bb custom_padding__hover=\u00bb|||\u00bb][et_pb_button button_url=\u00bb@ET-DC@eyJkeW5hbWljIjp0cnVlLCJjb250ZW50IjoicG9zdF9saW5rX3VybF9wYWdlIiwic2V0dGluZ3MiOnsicG9zdF9pZCI6IjMwMjMwIn19@\u00bb button_text=\u00bbDONAR AHORA\u00bb button_alignment=\u00bbleft\u00bb _builder_version=\u00bb4.5.6&#8243; _dynamic_attributes=\u00bbbutton_url\u00bb custom_button=\u00bbon\u00bb button_text_size=\u00bb22px\u00bb button_text_color=\u00bb#ffffff\u00bb button_bg_color=\u00bb#195570&#8243; button_border_width=\u00bb0px\u00bb button_border_radius=\u00bb100px\u00bb button_font=\u00bb|||on|||||\u00bb button_icon=\u00bb%%28%%\u00bb background_layout=\u00bbdark\u00bb button_bg_color_tablet=\u00bb\u00bb button_bg_color_phone=\u00bb\u00bb button_bg_color_last_edited=\u00bbon|desktop\u00bb global_colors_info=\u00bb{}\u00bb button_bg_color__hover_enabled=\u00bbon|hover\u00bb button_bg_color__hover=\u00bb#E89F00&#8243; button_bg_enable_color__hover=\u00bbon\u00bb][\/et_pb_button][\/et_pb_column][\/et_pb_row][\/et_pb_section][et_pb_section fb_built=\u00bb1&#8243; admin_label=\u00bbsection\u00bb _builder_version=\u00bb4.10.6&#8243; hover_enabled=\u00bb0&#8243; global_colors_info=\u00bb{}\u00bb background_enable_color=\u00bboff\u00bb title_text=\u00bbRisorsa 1-8&#8243; background_image=\u00bbhttps:\/\/adventum.s3.eu-west-1.amazonaws.com\/wp-content\/uploads\/2020\/07\/Risorsa-1-8.png\u00bb sticky_enabled=\u00bb0&#8243;][et_pb_row admin_label=\u00bbfila\u00bb _builder_version=\u00bb3.25&#8243; background_size=\u00bbinitial\u00bb background_position=\u00bbtop_left\u00bb background_repeat=\u00bbrepeat\u00bb global_colors_info=\u00bb{}\u00bb][et_pb_column type=\u00bb4_4&#8243; _builder_version=\u00bb3.25&#8243; custom_padding=\u00bb|||\u00bb global_colors_info=\u00bb{}\u00bb custom_padding__hover=\u00bb|||\u00bb][et_pb_text admin_label=\u00bbTesto\u00bb _builder_version=\u00bb4.10.6&#8243; background_size=\u00bbinitial\u00bb background_position=\u00bbtop_left\u00bb background_repeat=\u00bbrepeat\u00bb background_layout=\u00bbdark\u00bb hover_enabled=\u00bb0&#8243; global_colors_info=\u00bb{}\u00bb text_text_color=\u00bb#000000&#8243; sticky_enabled=\u00bb0&#8243;]<\/p>\n<p>Para evaluar mejor su situaci\u00f3n de endeudamiento, le invitamos a descargar las hojas que figuran a continuaci\u00f3n para hacer un<strong>\u00ab<\/strong><strong>BALANCE<\/strong>DE<strong>DEUDAS<\/strong>\u00bb y un<strong>\u00abBALANCE MENSUAL<\/strong>\u00bb entre los ingresos y los gastos de su familia.<\/p>\n<p>[\/et_pb_text][\/et_pb_column][\/et_pb_row][et_pb_row admin_label=\u00bbfila\u00bb _builder_version=\u00bb3.25&#8243; background_size=\u00bbinitial\u00bb background_position=\u00bbtop_left\u00bb background_repeat=\u00bbrepeat\u00bb global_colors_info=\u00bb{}\u00bb column_structure=\u00bb1_2,1_2&#8243;][et_pb_column type=\u00bb1_2&#8243; _builder_version=\u00bb3.25&#8243; custom_padding=\u00bb|||\u00bb global_colors_info=\u00bb{}\u00bb custom_padding__hover=\u00bb|||\u00bb][et_pb_image src=\u00bbhttp:\/\/www.adventum.org\/wp-content\/uploads\/2017\/01\/riepilogo-debiti.png\u00bb alt=\u00bbResumen de la deuda\u00bb align=\u00bbcenter\u00bb align_tablet=\u00bbcenter\u00bb align_last_edited=\u00bbon|desktop\u00bb admin_label=\u00bbImmagine\u00bb _builder_version=\u00bb3.23&#8243; animation=\u00bboff\u00bb global_colors_info=\u00bb{}\u00bb] [\/et_pb_image][\/et_pb_column][et_pb_column type=\u00bb1_2&#8243; _builder_version=\u00bb3.25&#8243; custom_padding=\u00bb|||\u00bb global_colors_info=\u00bb{}\u00bb custom_padding__hover=\u00bb|||\u00bb][et_pb_text admin_label=\u00bbTesto\u00bb _builder_version=\u00bb4.10.6&#8243; background_size=\u00bbinitial\u00bb background_position=\u00bbtop_left\u00bb background_repeat=\u00bbrepeat\u00bb background_layout=\u00bbdark\u00bb hover_enabled=\u00bb0&#8243; global_colors_info=\u00bb{}\u00bb text_text_color=\u00bb#000000&#8243; sticky_enabled=\u00bb0&#8243;]<\/p>\n<p>Para completar el  <strong>RESUMEN DE DEUDAS<\/strong> debe indicar el  <strong>tipo de deuda<\/strong> (por ejemplo, pr\u00e9stamo hipotecario, descubierto, pr\u00e9stamo, cesi\u00f3n de V\u00b0, etc.) y la  <strong>motivo<\/strong> por el que se contrajo <strong>o surgi\u00f3<\/strong> la deuda; el  <strong>acreedor <\/strong>(por ejemplo, banco, compa\u00f1\u00eda financiera, INPS, tasas e impuestos varios, alquiler, servicios p\u00fablicos, deudas con familiares\/amigos\/empleador, etc.); el<strong>importe original<\/strong> y el<strong>importe residual<\/strong>; la <strong>fecha de inicio de la deuda<\/strong>; su <strong>duraci\u00f3n<\/strong>; <strong>los atrasos<\/strong>; la <strong>cuota mensual<\/strong>.<\/p>\n<p>[\/et_pb_text][\/et_pb_column][\/et_pb_row][et_pb_row admin_label=\u00bbfila\u00bb _builder_version=\u00bb3.25&#8243; background_size=\u00bbinitial\u00bb background_position=\u00bbtop_left\u00bb background_repeat=\u00bbrepeat\u00bb global_colors_info=\u00bb{}\u00bb column_structure=\u00bb1_2,1_2&#8243;][et_pb_column type=\u00bb1_2&#8243; _builder_version=\u00bb3.25&#8243; custom_padding=\u00bb|||\u00bb global_colors_info=\u00bb{}\u00bb custom_padding__hover=\u00bb|||\u00bb][et_pb_text admin_label=\u00bbTesto\u00bb _builder_version=\u00bb4.10.6&#8243; background_size=\u00bbinitial\u00bb background_position=\u00bbtop_left\u00bb background_repeat=\u00bbrepeat\u00bb background_layout=\u00bbdark\u00bb hover_enabled=\u00bb0&#8243; global_colors_info=\u00bb{}\u00bb text_text_color=\u00bb#000000&#8243; sticky_enabled=\u00bb0&#8243;]<\/p>\n<p>Para hacer el  <strong>PRESUPUESTO MENSUAL <\/strong>que debe indicar,  <strong>en<\/strong> <strong>ingresos<\/strong>, el  <strong>principal ingreso<\/strong>, el<strong>posible segundo ingreso<\/strong>, el  <strong>ingresos de los hijos<\/strong>,  <strong>otros ingresos<\/strong> y  <strong>cualquier otro ingreso<\/strong>;  <strong>en los gastos<\/strong> debe, en cambio, indicar la parte mensual de la<strong>alquiler<\/strong> o el  <strong>hipoteca<\/strong>, la cuota mensual del  <strong>servicios p\u00fablicos<\/strong>, gastos de  <strong>alimentos<\/strong>, la  <strong>combustible<\/strong>, la cuota mensual del  y\/o el <strong>sello<\/strong> <strong>seguro<\/strong> del coche, la cuota mensual del  <strong>escuela\/<\/strong><strong>universidad<\/strong>, <strong>retenci\u00f3n del V\u00b0<\/strong>, <strong>pr\u00e9stamo delegado<\/strong>, <strong>cuotas totales de pr\u00e9stamos<\/strong> y <strong>gastos diversos<\/strong>.<\/p>\n<p>[\/et_pb_text][\/et_pb_column][et_pb_column type=\u00bb1_2&#8243; _builder_version=\u00bb3.25&#8243; custom_padding=\u00bb|||\u00bb global_colors_info=\u00bb{}\u00bb custom_padding__hover=\u00bb|||\u00bb][et_pb_image src=\u00bbhttp:\/\/www.adventum.org\/wp-content\/uploads\/2017\/01\/bilancio-mensile.png\u00bb alt=\u00bbResumen de la deuda\u00bb align=\u00bbcenter\u00bb align_tablet=\u00bbcenter\u00bb align_last_edited=\u00bbon|desktop\u00bb admin_label=\u00bbImmagine\u00bb _builder_version=\u00bb3.23&#8243; animation=\u00bboff\u00bb global_colors_info=\u00bb{}\u00bb] [\/et_pb_image][\/et_pb_column][\/et_pb_row][et_pb_row admin_label=\u00bbfila\u00bb _builder_version=\u00bb3.25&#8243; background_size=\u00bbinitial\u00bb background_position=\u00bbtop_left\u00bb background_repeat=\u00bbrepeat\u00bb global_colors_info=\u00bb{}\u00bb column_structure=\u00bb1_2,1_2&#8243;][et_pb_column type=\u00bb1_2&#8243; _builder_version=\u00bb3.25&#8243; custom_padding=\u00bb|||\u00bb global_colors_info=\u00bb{}\u00bb custom_padding__hover=\u00bb|||\u00bb][et_pb_button button_url=\u00bbhttp:\/\/www.adventum.org\/wp-content\/uploads\/2017\/02\/Modulo-riepilogo-debiti-e-bilancio-mensile.pdf\u00bb url_new_window=\u00bbon\u00bb button_text=\u00bbDescargar\u00bb button_alignment=\u00bbcenter\u00bb admin_label=\u00bbbottone bilancio mensile\u00bb _builder_version=\u00bb4.10.6&#8243; custom_button=\u00bbon\u00bb button_text_size=\u00bb24px\u00bb button_letter_spacing=\u00bb4px\u00bb button_icon=\u00bbl\u00bb button_icon_color=\u00bb#FFFFFF\u00bb background_layout=\u00bbdark\u00bb hover_enabled=\u00bb0&#8243; button_text_color_hover=\u00bb#d49e00&#8243; button_letter_spacing_hover=\u00bb4px\u00bb global_colors_info=\u00bb{}\u00bb button_text_size__hover_enabled=\u00bboff\u00bb button_one_text_size__hover_enabled=\u00bboff\u00bb button_two_text_size__hover_enabled=\u00bboff\u00bb button_text_color__hover_enabled=\u00bbon|hover\u00bb button_text_color__hover=\u00bb#FFFFFF\u00bb button_one_text_color__hover_enabled=\u00bboff\u00bb button_two_text_color__hover_enabled=\u00bboff\u00bb button_border_width__hover_enabled=\u00bboff\u00bb button_one_border_width__hover_enabled=\u00bboff\u00bb button_two_border_width__hover_enabled=\u00bboff\u00bb button_border_color__hover_enabled=\u00bboff\u00bb button_one_border_color__hover_enabled=\u00bboff\u00bb button_two_border_color__hover_enabled=\u00bboff\u00bb button_border_radius__hover_enabled=\u00bboff\u00bb button_one_border_radius__hover_enabled=\u00bboff\u00bb button_two_border_radius__hover_enabled=\u00bboff\u00bb button_letter_spacing__hover_enabled=\u00bbon\u00bb button_letter_spacing__hover=\u00bb0px\u00bb button_one_letter_spacing__hover_enabled=\u00bboff\u00bb button_two_letter_spacing__hover_enabled=\u00bboff\u00bb button_bg_color__hover_enabled=\u00bboff\u00bb button_one_bg_color__hover_enabled=\u00bboff\u00bb button_two_bg_color__hover_enabled=\u00bboff\u00bb sticky_enabled=\u00bb0&#8243; button_text_color=\u00bb#FFFFFF\u00bb button_border_width=\u00bb0px\u00bb button_border_radius=\u00bb27px\u00bb] [\/et_pb_button][\/et_pb_column][et_pb_column type=\u00bb1_2&#8243; _builder_version=\u00bb3.25&#8243; custom_padding=\u00bb|||\u00bb global_colors_info=\u00bb{}\u00bb custom_padding__hover=\u00bb|||\u00bb][et_pb_text admin_label=\u00bbTesto\u00bb _builder_version=\u00bb4.10.6&#8243; background_size=\u00bbinitial\u00bb background_position=\u00bbtop_left\u00bb background_repeat=\u00bbrepeat\u00bb background_layout=\u00bbdark\u00bb hover_enabled=\u00bb0&#8243; global_colors_info=\u00bb{}\u00bb text_text_color=\u00bb#000000&#8243; sticky_enabled=\u00bb0&#8243;]<\/p>\n<p>El formulario descargable en PDF puede cumplimentarse con Adobe Acrobat o un programa similar.<\/p>\n<p>[\/et_pb_text][\/et_pb_column][\/et_pb_row][\/et_pb_section][et_pb_section fb_built=\u00bb1&#8243; admin_label=\u00bbsection\u00bb _builder_version=\u00bb3.22&#8243; global_colors_info=\u00bb{}\u00bb][et_pb_row admin_label=\u00bbfila\u00bb _builder_version=\u00bb3.25&#8243; background_size=\u00bbinitial\u00bb background_position=\u00bbtop_left\u00bb background_repeat=\u00bbrepeat\u00bb global_colors_info=\u00bb{}\u00bb][et_pb_column type=\u00bb4_4&#8243; _builder_version=\u00bb3.25&#8243; custom_padding=\u00bb|||\u00bb global_colors_info=\u00bb{}\u00bb custom_padding__hover=\u00bb|||\u00bb][et_pb_text admin_label=\u00bbTesto\u00bb _builder_version=\u00bb3.27.4&#8243; text_font_size=\u00bb27px\u00bb background_size=\u00bbinitial\u00bb background_position=\u00bbtop_left\u00bb background_repeat=\u00bbrepeat\u00bb max_width=\u00bb85%\u00bb global_colors_info=\u00bb{}\u00bb]Rellene <strong>todas las entradas<\/strong> de su HOJA DE DEUDAS y BALANCE MENSUAL y env\u00edelos a <a href=\"mailto:info@adventum.org\">info@adventum.org.<\/a> Evaluaremos juntos su situaci\u00f3n.<br \/>\n[\/et_pb_text][\/et_pb_column][\/et_pb_row][\/et_pb_section]<\/p>\n","protected":false},"excerpt":{"rendered":"<p>\u00a0 presupuesto mensual yresumen de DEUDAS\u00a0 La Fundaci\u00f3n Adventum previene el riesgo de usura apoyando a las personas con dificultades econ\u00f3micas.Para evaluar mejor su situaci\u00f3n de endeudamiento, le invitamos a [&hellip;]<\/p>\n","protected":false},"author":12,"featured_media":0,"parent":0,"menu_order":0,"comment_status":"closed","ping_status":"closed","template":"","meta":{"_et_pb_use_builder":"on","_et_pb_old_content":"","_et_gb_content_width":"","footnotes":""},"class_list":["post-35020","page","type-page","status-publish","hentry"],"yoast_head":"<!-- This site is optimized with the Yoast SEO plugin v27.5 - https:\/\/yoast.com\/product\/yoast-seo-wordpress\/ -->\n<title>Informe mensual - Fundaci\u00f3n Adventum Onlus<\/title>\n<meta name=\"description\" content=\"Para evaluar mejor su situaci\u00f3n de endeudamiento, le invitamos a hacer un &quot;RESUMEN DE DEUDAS&quot; y un &quot;BALANCE MENSUAL&quot; entre ingresos y gastos.\" \/>\n<meta name=\"robots\" content=\"index, follow, max-snippet:-1, max-image-preview:large, max-video-preview:-1\" \/>\n<link rel=\"canonical\" href=\"https:\/\/adventum.org\/es\/presupuesto-mensual\/\" \/>\n<meta property=\"og:locale\" content=\"es_ES\" \/>\n<meta property=\"og:type\" content=\"article\" \/>\n<meta property=\"og:title\" content=\"Informe mensual - Fundaci\u00f3n Adventum Onlus\" \/>\n<meta property=\"og:description\" content=\"Para evaluar mejor su situaci\u00f3n de endeudamiento, le invitamos a descargar las hojas que figuran a continuaci\u00f3n para hacer un &quot;BALANCE DE DEUDAS&quot; y un &quot;BALANCE MENSUAL&quot; entre los ingresos y los gastos de su familia.\" \/>\n<meta property=\"og:url\" content=\"https:\/\/adventum.org\/es\/presupuesto-mensual\/\" \/>\n<meta property=\"og:site_name\" content=\"Fondazione Adventum - Solidariet\u00e0 Antisura\" \/>\n<meta property=\"article:modified_time\" content=\"2023-04-17T07:42:06+00:00\" \/>\n<meta property=\"og:image\" content=\"http:\/\/www.adventum.org\/wp-content\/uploads\/2015\/06\/storia_Andreina.jpg\" \/>\n<meta name=\"twitter:card\" content=\"summary_large_image\" \/>\n<meta name=\"twitter:label1\" content=\"Tiempo de lectura\" \/>\n\t<meta name=\"twitter:data1\" content=\"8 minutos\" \/>\n<script type=\"application\/ld+json\" class=\"yoast-schema-graph\">{\"@context\":\"https:\\\/\\\/schema.org\",\"@graph\":[{\"@type\":\"WebPage\",\"@id\":\"https:\\\/\\\/adventum.org\\\/es\\\/presupuesto-mensual\\\/\",\"url\":\"https:\\\/\\\/adventum.org\\\/es\\\/presupuesto-mensual\\\/\",\"name\":\"Informe mensual - Fundaci\u00f3n Adventum Onlus\",\"isPartOf\":{\"@id\":\"https:\\\/\\\/adventum.org\\\/es\\\/#website\"},\"datePublished\":\"2017-01-30T13:49:57+00:00\",\"dateModified\":\"2023-04-17T07:42:06+00:00\",\"description\":\"Para evaluar mejor su situaci\u00f3n de endeudamiento, le invitamos a hacer un \\\"RESUMEN DE DEUDAS\\\" y un \\\"BALANCE MENSUAL\\\" entre ingresos y gastos.\",\"breadcrumb\":{\"@id\":\"https:\\\/\\\/adventum.org\\\/es\\\/presupuesto-mensual\\\/#breadcrumb\"},\"inLanguage\":\"es\",\"potentialAction\":[{\"@type\":\"ReadAction\",\"target\":[\"https:\\\/\\\/adventum.org\\\/es\\\/presupuesto-mensual\\\/\"]}]},{\"@type\":\"BreadcrumbList\",\"@id\":\"https:\\\/\\\/adventum.org\\\/es\\\/presupuesto-mensual\\\/#breadcrumb\",\"itemListElement\":[{\"@type\":\"ListItem\",\"position\":1,\"name\":\"Home\",\"item\":\"https:\\\/\\\/adventum.org\\\/es\\\/\"},{\"@type\":\"ListItem\",\"position\":2,\"name\":\"Presupuesto mensual\"}]},{\"@type\":\"WebSite\",\"@id\":\"https:\\\/\\\/adventum.org\\\/es\\\/#website\",\"url\":\"https:\\\/\\\/adventum.org\\\/es\\\/\",\"name\":\"Fondazione Adventum - Solidariet\u00e0 Antisura\",\"description\":\"Prevenzione usura e indebitamento da prestiti\",\"potentialAction\":[{\"@type\":\"SearchAction\",\"target\":{\"@type\":\"EntryPoint\",\"urlTemplate\":\"https:\\\/\\\/adventum.org\\\/es\\\/?s={search_term_string}\"},\"query-input\":{\"@type\":\"PropertyValueSpecification\",\"valueRequired\":true,\"valueName\":\"search_term_string\"}}],\"inLanguage\":\"es\"}]}<\/script>\n<!-- \/ Yoast SEO plugin. -->","yoast_head_json":{"title":"Informe mensual - Fundaci\u00f3n Adventum Onlus","description":"Para evaluar mejor su situaci\u00f3n de endeudamiento, le invitamos a hacer un \"RESUMEN DE DEUDAS\" y un \"BALANCE MENSUAL\" entre ingresos y gastos.","robots":{"index":"index","follow":"follow","max-snippet":"max-snippet:-1","max-image-preview":"max-image-preview:large","max-video-preview":"max-video-preview:-1"},"canonical":"https:\/\/adventum.org\/es\/presupuesto-mensual\/","og_locale":"es_ES","og_type":"article","og_title":"Informe mensual - Fundaci\u00f3n Adventum Onlus","og_description":"Para evaluar mejor su situaci\u00f3n de endeudamiento, le invitamos a descargar las hojas que figuran a continuaci\u00f3n para hacer un \"BALANCE DE DEUDAS\" y un \"BALANCE MENSUAL\" entre los ingresos y los gastos de su familia.","og_url":"https:\/\/adventum.org\/es\/presupuesto-mensual\/","og_site_name":"Fondazione Adventum - Solidariet\u00e0 Antisura","article_modified_time":"2023-04-17T07:42:06+00:00","og_image":[{"url":"http:\/\/www.adventum.org\/wp-content\/uploads\/2015\/06\/storia_Andreina.jpg","type":"","width":"","height":""}],"twitter_card":"summary_large_image","twitter_misc":{"Tiempo de lectura":"8 minutos"},"schema":{"@context":"https:\/\/schema.org","@graph":[{"@type":"WebPage","@id":"https:\/\/adventum.org\/es\/presupuesto-mensual\/","url":"https:\/\/adventum.org\/es\/presupuesto-mensual\/","name":"Informe mensual - Fundaci\u00f3n Adventum Onlus","isPartOf":{"@id":"https:\/\/adventum.org\/es\/#website"},"datePublished":"2017-01-30T13:49:57+00:00","dateModified":"2023-04-17T07:42:06+00:00","description":"Para evaluar mejor su situaci\u00f3n de endeudamiento, le invitamos a hacer un \"RESUMEN DE DEUDAS\" y un \"BALANCE MENSUAL\" entre ingresos y gastos.","breadcrumb":{"@id":"https:\/\/adventum.org\/es\/presupuesto-mensual\/#breadcrumb"},"inLanguage":"es","potentialAction":[{"@type":"ReadAction","target":["https:\/\/adventum.org\/es\/presupuesto-mensual\/"]}]},{"@type":"BreadcrumbList","@id":"https:\/\/adventum.org\/es\/presupuesto-mensual\/#breadcrumb","itemListElement":[{"@type":"ListItem","position":1,"name":"Home","item":"https:\/\/adventum.org\/es\/"},{"@type":"ListItem","position":2,"name":"Presupuesto mensual"}]},{"@type":"WebSite","@id":"https:\/\/adventum.org\/es\/#website","url":"https:\/\/adventum.org\/es\/","name":"Fondazione Adventum - Solidariet\u00e0 Antisura","description":"Prevenzione usura e indebitamento da prestiti","potentialAction":[{"@type":"SearchAction","target":{"@type":"EntryPoint","urlTemplate":"https:\/\/adventum.org\/es\/?s={search_term_string}"},"query-input":{"@type":"PropertyValueSpecification","valueRequired":true,"valueName":"search_term_string"}}],"inLanguage":"es"}]}},"_links":{"self":[{"href":"https:\/\/adventum.org\/es\/wp-json\/wp\/v2\/pages\/35020","targetHints":{"allow":["GET"]}}],"collection":[{"href":"https:\/\/adventum.org\/es\/wp-json\/wp\/v2\/pages"}],"about":[{"href":"https:\/\/adventum.org\/es\/wp-json\/wp\/v2\/types\/page"}],"author":[{"embeddable":true,"href":"https:\/\/adventum.org\/es\/wp-json\/wp\/v2\/users\/12"}],"replies":[{"embeddable":true,"href":"https:\/\/adventum.org\/es\/wp-json\/wp\/v2\/comments?post=35020"}],"version-history":[{"count":0,"href":"https:\/\/adventum.org\/es\/wp-json\/wp\/v2\/pages\/35020\/revisions"}],"wp:attachment":[{"href":"https:\/\/adventum.org\/es\/wp-json\/wp\/v2\/media?parent=35020"}],"curies":[{"name":"wp","href":"https:\/\/api.w.org\/{rel}","templated":true}]}}