{"id":35000,"date":"2017-09-19T08:17:29","date_gmt":"2017-09-19T06:17:29","guid":{"rendered":"https:\/\/adventum.org\/voluntarios\/"},"modified":"2023-04-17T09:42:02","modified_gmt":"2023-04-17T07:42:02","slug":"voluntarios","status":"publish","type":"page","link":"https:\/\/adventum.org\/es\/voluntarios\/","title":{"rendered":"Voluntarios"},"content":{"rendered":"<p>[et_pb_section fb_built=\u00bb1&#8243; background_color=\u00bb#36566f\u00bb disabled_on=\u00bboff|off|off\u00bb admin_label=\u00bbTestata\u00bb custom_padding_last_edited=\u00bbon|desktop\u00bb _builder_version=\u00bb3.0.75&#8243; background_image=\u00bbhttp:\/\/www.adventum.org\/wp-content\/uploads\/2017\/09\/volontari.jpg\u00bb custom_padding_tablet=\u00bb50px|0|50px|0&#8243; padding_mobile=\u00bboff\u00bb][et_pb_row custom_width_px=\u00bb980px\u00bb custom_padding=\u00bb||0px|\u00bb padding_mobile=\u00bbon\u00bb custom_margin=\u00bb8%||10%|\u00bb column_padding_mobile=\u00bbon\u00bb parallax_method_1=\u00bboff\u00bb parallax_method_2=\u00bboff\u00bb admin_label=\u00bbfila\u00bb _builder_version=\u00bb3.0.47&#8243; background_size=\u00bbinitial\u00bb background_position=\u00bbtop_left\u00bb background_repeat=\u00bbrepeat\u00bb][et_pb_column type=\u00bb1_2&#8243; _builder_version=\u00bb3.0.47&#8243; column_padding_mobile=\u00bbon\u00bb parallax=\u00bboff\u00bb parallax_method=\u00bboff\u00bb][\/et_pb_column][et_pb_column type=\u00bb1_2&#8243; _builder_version=\u00bb3.0.47&#8243; column_padding_mobile=\u00bbon\u00bb parallax=\u00bboff\u00bb parallax_method=\u00bboff\u00bb][et_pb_text admin_label=\u00bbText\u00bb _builder_version=\u00bb3.0.47&#8243; text_font=\u00bbRoboto Light||||\u00bb text_font_size=\u00bb24&#8243; text_text_color=\u00bb#673ab7&#8243; background_size=\u00bbinitial\u00bb background_position=\u00bbtop_left\u00bb background_repeat=\u00bbrepeat\u00bb custom_margin=\u00bb||0px|\u00bb custom_css_main_element=\u00bbfont-weight:300;\u00bb] [\/et_pb_text][et_pb_text background_layout=\u00bbdark\u00bb admin_label=\u00bbTitolo\u00bb _builder_version=\u00bb3.0.75&#8243; text_font=\u00bbRoboto Light||||\u00bb text_font_size=\u00bb46px\u00bb text_font_size_phone=\u00bb36&#8243; text_text_color=\u00bb#ffffff\u00bb text_line_height=\u00bb1.1em\u00bb background_color=\u00bbrgba(54,86,111,0.7)\u00bb background_size=\u00bbinitial\u00bb background_position=\u00bbtop_left\u00bb background_repeat=\u00bbrepeat\u00bb max_width=\u00bb98%\u00bb custom_margin=\u00bb24px||0px|\u00bb custom_padding=\u00bb10px|10px|10px|10px\u00bb custom_css_main_element=\u00bbfont-weight:300;\u00bb]<\/p>\n<p>VOLUNTARIOS<br \/>\nde ADVENTUM<\/p>\n<p>[\/et_pb_text][et_pb_text admin_label=\u00bbText\u00bb _builder_version=\u00bb3.0.47&#8243; text_font=\u00bbRoboto||||\u00bb text_font_size=\u00bb20&#8243; text_font_size_phone=\u00bb16&#8243; text_text_color=\u00bb#673ab7&#8243; text_letter_spacing=\u00bb1px\u00bb text_line_height=\u00bb1.1em\u00bb background_size=\u00bbinitial\u00bb background_position=\u00bbtop_left\u00bb background_repeat=\u00bbrepeat\u00bb custom_margin=\u00bb48px|||\u00bb] [\/et_pb_text][\/et_pb_column][\/et_pb_row][\/et_pb_section][et_pb_section fb_built=\u00bb1&#8243; admin_label=\u00bbsection\u00bb custom_padding_last_edited=\u00bbon|desktop\u00bb _builder_version=\u00bb3.0.47&#8243; custom_padding_tablet=\u00bb50px|0|50px|0&#8243; custom_css_after=\u00bbdisplay: block;||position: absolute;||content: \u00bb;||width: 40px;||height: 40px;||bottom: -20px;||left: 50%;||margin-left: -20px;||background-color: #fff;||-ms-transform: rotate(45deg);||-webkit-transform: rotate(45deg);||transform: rotate(45deg);||z-index: 1;||\u00bb padding_mobile=\u00bboff\u00bb][et_pb_row padding_mobile=\u00bboff\u00bb column_padding_mobile=\u00bbon\u00bb admin_label=\u00bbfila\u00bb _builder_version=\u00bb3.0.47&#8243; background_size=\u00bbinitial\u00bb background_position=\u00bbtop_left\u00bb background_repeat=\u00bbrepeat\u00bb][et_pb_column type=\u00bb4_4&#8243; _builder_version=\u00bb3.0.47&#8243; column_padding_mobile=\u00bbon\u00bb parallax=\u00bboff\u00bb parallax_method=\u00bbon\u00bb][et_pb_text admin_label=\u00bbMission breve\u00bb _builder_version=\u00bb3.0.75&#8243; text_line_height=\u00bb2em\u00bb header_font_size=\u00bb36px\u00bb background_size=\u00bbinitial\u00bb background_position=\u00bbtop_left\u00bb background_repeat=\u00bbrepeat\u00bb text_orientation=\u00bbcenter\u00bb module_alignment=\u00bbcenter\u00bb]<\/p>\n<h1>La Fundaci\u00f3n ADVENTUM ayuda a las personas con dificultades econ\u00f3micas a prevenir el riesgo de usura gracias a la labor de los voluntarios que ponen a su disposici\u00f3n sus competencias<\/h1>\n<p>[\/et_pb_text][\/et_pb_column][\/et_pb_row][et_pb_row padding_mobile=\u00bboff\u00bb column_padding_mobile=\u00bbon\u00bb admin_label=\u00bbfila\u00bb _builder_version=\u00bb3.0.47&#8243; background_size=\u00bbinitial\u00bb background_position=\u00bbtop_left\u00bb background_repeat=\u00bbrepeat\u00bb][et_pb_column type=\u00bb4_4&#8243; _builder_version=\u00bb3.0.47&#8243; column_padding_mobile=\u00bbon\u00bb parallax=\u00bboff\u00bb parallax_method=\u00bbon\u00bb][et_pb_text admin_label=\u00bbprevenzione rischio usura\u00bb _builder_version=\u00bb3.0.75&#8243; header_font=\u00bbOpen Sans Light||||\u00bb background_size=\u00bbinitial\u00bb background_position=\u00bbtop_left\u00bb background_repeat=\u00bbrepeat\u00bb text_orientation=\u00bbjustified\u00bb]<\/p>\n<h2 style=\"text-align: left;\"><strong>Voluntarios<\/strong><\/h2>\n<p style=\"text-align: justify;\">Los operadores voluntarios de la ventanilla decidieron aportar una contribuci\u00f3n sensible y activa en el \u00e1mbito de la prevenci\u00f3n de la usura en favor de una gesti\u00f3n sana del dinero.<\/p>\n<p style=\"text-align: justify;\">Las personas que acuden a un mostrador antiusura intentan en primer lugar contar su historia y arrojar luz sobre la dif\u00edcil situaci\u00f3n en la que se encuentran, o creen encontrarse.<\/p>\n<p style=\"text-align: justify;\">La actividad de escucha ofrecida por los operadores es ya una posibilidad de cambio para la persona; esta acci\u00f3n inicial puede ir seguida de una serie de encuentros y, cuando sea necesario, de un asesoramiento real por parte de los operadores; por \u00faltimo, si es necesario, la concesi\u00f3n de una garant\u00eda (gracias a los fondos de la Ley 108\/96 de la Fundaci\u00f3n ADVENTUM) destinada a sanear las deudas.<\/p>\n<p style=\"text-align: justify;\">La relaci\u00f3n que se establece entre los voluntarios y las personas que se ponen en contacto con el servicio de asistencia debe dar lugar a un verdadero pacto de transparencia y cooperaci\u00f3n mutuas.<\/p>\n<p style=\"text-align: justify;\">A trav\u00e9s de sus trabajadores voluntarios, la Fundaci\u00f3n ADVENTUM ofrece a las personas aisladas y sin recursos econ\u00f3micos la oportunidad de crecer profesional, cultural y moralmente para volver a enfrentarse a los retos de la vida con esperanza. Personal cualificado y voluntarios formados aportan sus conocimientos jur\u00eddicos, fiscales y bancarios para acompa\u00f1ar a los beneficiarios en su salida de la angustia econ\u00f3mica y psicol\u00f3gica.<\/p>\n<p style=\"text-align: justify;\">Adem\u00e1s de soluciones econ\u00f3micas, ADVENTUM ofrece asesoramiento jur\u00eddico, fiscal, bancario y apoyo moral a trav\u00e9s de los profesionales voluntarios del Ambulatorio Antiusura ONLUS de Roma.<\/p>\n<p>[\/et_pb_text][et_pb_text admin_label=\u00bbchiama\u00bb _builder_version=\u00bb3.0.47&#8243; background_size=\u00bbinitial\u00bb background_position=\u00bbtop_left\u00bb background_repeat=\u00bbrepeat\u00bb text_orientation=\u00bbcenter\u00bb module_alignment=\u00bbcenter\u00bb custom_padding=\u00bb20px|||\u00bb]<\/p>\n<h2>No caigas en manos de usureros. P\u00f3ngase en contacto con los voluntarios de la Fundaci\u00f3n ADVENTUM.<\/h2>\n<p>[\/et_pb_text][et_pb_button button_url=\u00bbhttp:\/\/www.adventum.org\/contatti\u00bb button_text=\u00bbESCRIBIR\u00bb button_alignment=\u00bbcenter\u00bb admin_label=\u00bbPulsante\u00bb _builder_version=\u00bb3.0.47&#8243; custom_button=\u00bbon\u00bb button_text_size=\u00bb20&#8243; button_text_color=\u00bb#ffffff\u00bb button_bg_color=\u00bb#d49e00&#8243; button_border_width=\u00bb0&#8243;] [\/et_pb_button][\/et_pb_column][\/et_pb_row][\/et_pb_section][et_pb_section fb_built=\u00bb1&#8243; background_color=\u00bb#3a5565&#8243; admin_label=\u00bbSezione\u00bb custom_padding_last_edited=\u00bbon|desktop\u00bb _builder_version=\u00bb3.0.47&#8243; custom_padding=\u00bb||0px|\u00bb custom_padding_tablet=\u00bb50px|0|50px|0&#8243; padding_mobile=\u00bboff\u00bb][et_pb_row custom_padding=\u00bb25px|0px|0px|0px\u00bb padding_mobile=\u00bboff\u00bb column_padding_mobile=\u00bbon\u00bb admin_label=\u00bbL\u00ednea\u00bb _builder_version=\u00bb3.0.47&#8243; background_size=\u00bbinitial\u00bb background_position=\u00bbtop_left\u00bb background_repeat=\u00bbrepeat\u00bb][et_pb_column type=\u00bb4_4&#8243; _builder_version=\u00bb3.0.47&#8243; column_padding_mobile=\u00bbon\u00bb parallax=\u00bboff\u00bb parallax_method=\u00bbon\u00bb][et_pb_text background_layout=\u00bbdark\u00bb admin_label=\u00bbintervento\u00bb module_id=\u00bbintervento\u00bb _builder_version=\u00bb3.0.95&#8243; background_size=\u00bbinitial\u00bb background_position=\u00bbtop_left\u00bb background_repeat=\u00bbrepeat\u00bb custom_margin=\u00bb30px||30px|\u00bb]<\/p>\n<h2 style=\"text-align: justify;\"><strong><span style=\"color: #c69d15;\">Hazte voluntario<\/span><\/strong><\/h2>\n<p style=\"text-align: justify;\">La Fundaci\u00f3n ADVENTUM busca constantemente voluntarios para formar a las sedes de Faenza y Parma y para crear otras sedes en todo el pa\u00eds.<\/p>\n<p style=\"text-align: justify;\"><strong>Los distintos voluntarios, una vez formados, deben ser autorizados por votaci\u00f3n del Consejo de Administraci\u00f3n de la Fundaci\u00f3n ADVENTUM.<\/strong><\/p>\n<p style=\"text-align: justify;\">Si desea solicitar ser uno de los voluntarios de ADVENTUM, rellene el siguiente formulario.<\/p>\n<p>[vfb id=\u00bb6&#8243;]<\/p>\n<p>[\/et_pb_text][\/et_pb_column][\/et_pb_row][\/et_pb_section][et_pb_section fb_built=\u00bb1&#8243; disabled_on=\u00bboff|off|off\u00bb admin_label=\u00bbSezione\u00bb custom_padding_last_edited=\u00bbon|desktop\u00bb _builder_version=\u00bb3.0.47&#8243; custom_padding=\u00bb35px|0px|35px|0px\u00bb custom_padding_tablet=\u00bb50px|0|50px|0&#8243; padding_mobile=\u00bboff\u00bb][et_pb_row padding_mobile=\u00bboff\u00bb column_padding_mobile=\u00bbon\u00bb admin_label=\u00bbL\u00ednea\u00bb _builder_version=\u00bb3.0.47&#8243; background_size=\u00bbinitial\u00bb background_position=\u00bbtop_left\u00bb background_repeat=\u00bbrepeat\u00bb][et_pb_column type=\u00bb2_3&#8243; _builder_version=\u00bb3.0.47&#8243; column_padding_mobile=\u00bbon\u00bb parallax=\u00bboff\u00bb parallax_method=\u00bbon\u00bb][et_pb_text admin_label=\u00bbTesto\u00bb _builder_version=\u00bb3.0.47&#8243; text_font=\u00bbOpen Sans Light||||\u00bb text_font_size=\u00bb24px\u00bb text_text_color=\u00bb#d49e00&#8243; text_line_height=\u00bb1.3em\u00bb header_font_size=\u00bb28px\u00bb background_size=\u00bbinitial\u00bb background_position=\u00bbtop_left\u00bb background_repeat=\u00bbrepeat\u00bb]<\/p>\n<p>La <strong>Fundaci\u00f3n ADVENTUM<\/strong> previene el riesgo de usura<br \/>\napoyar a las personas con dificultades econ\u00f3micas.<\/p>\n<p>[\/et_pb_text][\/et_pb_column][et_pb_column type=\u00bb1_3&#8243; _builder_version=\u00bb3.0.47&#8243; column_padding_mobile=\u00bbon\u00bb parallax=\u00bboff\u00bb parallax_method=\u00bbon\u00bb][et_pb_image src=\u00bbhttp:\/\/www.adventum.org\/wp-content\/uploads\/2015\/01\/adventum-dona-ora.png\u00bb alt=\u00bbDonar ahora\u00bb url=\u00bbhttp:\/\/www.adventum.org\/donazioni\/\u00bb admin_label=\u00bbImmagine\u00bb _builder_version=\u00bb3.0.69&#8243; animation=\u00bboff\u00bb] [\/et_pb_image][\/et_pb_column][\/et_pb_row][\/et_pb_section]<\/p>\n","protected":false},"excerpt":{"rendered":"<p>VOLUNTARIOS de ADVENTUM La Fundaci\u00f3n ADVENTUM ayuda a las personas con dificultades econ\u00f3micas a prevenir el riesgo de usura gracias a la labor de los voluntarios que ponen a su [&hellip;]<\/p>\n","protected":false},"author":12,"featured_media":0,"parent":0,"menu_order":0,"comment_status":"closed","ping_status":"closed","template":"","meta":{"_et_pb_use_builder":"on","_et_pb_old_content":"","_et_gb_content_width":"","footnotes":""},"class_list":["post-35000","page","type-page","status-publish","hentry"],"yoast_head":"<!-- This site is optimized with the Yoast SEO plugin v27.5 - https:\/\/yoast.com\/product\/yoast-seo-wordpress\/ -->\n<title>Voluntarios - Fondazione Adventum - Solidariet\u00e0 Antisura<\/title>\n<meta name=\"robots\" content=\"index, follow, max-snippet:-1, max-image-preview:large, max-video-preview:-1\" \/>\n<link rel=\"canonical\" href=\"https:\/\/adventum.org\/es\/voluntarios\/\" \/>\n<meta property=\"og:locale\" content=\"es_ES\" \/>\n<meta property=\"og:type\" content=\"article\" \/>\n<meta property=\"og:title\" content=\"Voluntarios - Fondazione Adventum - Solidariet\u00e0 Antisura\" \/>\n<meta property=\"og:description\" content=\"VOLUNTARIOS de ADVENTUM La Fundaci\u00f3n ADVENTUM ayuda a las personas con dificultades econ\u00f3micas a prevenir el riesgo de usura gracias a la labor de los voluntarios que ponen a su [&hellip;]\" \/>\n<meta property=\"og:url\" content=\"https:\/\/adventum.org\/es\/voluntarios\/\" \/>\n<meta property=\"og:site_name\" content=\"Fondazione Adventum - Solidariet\u00e0 Antisura\" \/>\n<meta property=\"article:modified_time\" content=\"2023-04-17T07:42:02+00:00\" \/>\n<meta property=\"og:image\" content=\"https:\/\/adventum.s3.eu-west-1.amazonaws.com\/wp-content\/uploads\/2021\/12\/visual-stories-micheile-ZVprbBmT8QA-unsplash-1.jpg\" \/>\n\t<meta property=\"og:image:width\" content=\"1920\" \/>\n\t<meta property=\"og:image:height\" content=\"1280\" \/>\n\t<meta property=\"og:image:type\" content=\"image\/jpeg\" \/>\n<meta name=\"twitter:card\" content=\"summary_large_image\" \/>\n<meta name=\"twitter:label1\" content=\"Tiempo de lectura\" \/>\n\t<meta name=\"twitter:data1\" content=\"6 minutos\" \/>\n<script type=\"application\/ld+json\" class=\"yoast-schema-graph\">{\"@context\":\"https:\\\/\\\/schema.org\",\"@graph\":[{\"@type\":\"WebPage\",\"@id\":\"https:\\\/\\\/adventum.org\\\/es\\\/voluntarios\\\/\",\"url\":\"https:\\\/\\\/adventum.org\\\/es\\\/voluntarios\\\/\",\"name\":\"Voluntarios - Fondazione Adventum - Solidariet\u00e0 Antisura\",\"isPartOf\":{\"@id\":\"https:\\\/\\\/adventum.org\\\/es\\\/#website\"},\"datePublished\":\"2017-09-19T06:17:29+00:00\",\"dateModified\":\"2023-04-17T07:42:02+00:00\",\"breadcrumb\":{\"@id\":\"https:\\\/\\\/adventum.org\\\/es\\\/voluntarios\\\/#breadcrumb\"},\"inLanguage\":\"es\",\"potentialAction\":[{\"@type\":\"ReadAction\",\"target\":[\"https:\\\/\\\/adventum.org\\\/es\\\/voluntarios\\\/\"]}]},{\"@type\":\"BreadcrumbList\",\"@id\":\"https:\\\/\\\/adventum.org\\\/es\\\/voluntarios\\\/#breadcrumb\",\"itemListElement\":[{\"@type\":\"ListItem\",\"position\":1,\"name\":\"Home\",\"item\":\"https:\\\/\\\/adventum.org\\\/es\\\/\"},{\"@type\":\"ListItem\",\"position\":2,\"name\":\"Voluntarios\"}]},{\"@type\":\"WebSite\",\"@id\":\"https:\\\/\\\/adventum.org\\\/es\\\/#website\",\"url\":\"https:\\\/\\\/adventum.org\\\/es\\\/\",\"name\":\"Fondazione Adventum - Solidariet\u00e0 Antisura\",\"description\":\"Prevenzione usura e indebitamento da prestiti\",\"potentialAction\":[{\"@type\":\"SearchAction\",\"target\":{\"@type\":\"EntryPoint\",\"urlTemplate\":\"https:\\\/\\\/adventum.org\\\/es\\\/?s={search_term_string}\"},\"query-input\":{\"@type\":\"PropertyValueSpecification\",\"valueRequired\":true,\"valueName\":\"search_term_string\"}}],\"inLanguage\":\"es\"}]}<\/script>\n<!-- \/ Yoast SEO plugin. -->","yoast_head_json":{"title":"Voluntarios - Fondazione Adventum - Solidariet\u00e0 Antisura","robots":{"index":"index","follow":"follow","max-snippet":"max-snippet:-1","max-image-preview":"max-image-preview:large","max-video-preview":"max-video-preview:-1"},"canonical":"https:\/\/adventum.org\/es\/voluntarios\/","og_locale":"es_ES","og_type":"article","og_title":"Voluntarios - Fondazione Adventum - Solidariet\u00e0 Antisura","og_description":"VOLUNTARIOS de ADVENTUM La Fundaci\u00f3n ADVENTUM ayuda a las personas con dificultades econ\u00f3micas a prevenir el riesgo de usura gracias a la labor de los voluntarios que ponen a su [&hellip;]","og_url":"https:\/\/adventum.org\/es\/voluntarios\/","og_site_name":"Fondazione Adventum - Solidariet\u00e0 Antisura","article_modified_time":"2023-04-17T07:42:02+00:00","og_image":[{"width":1920,"height":1280,"url":"https:\/\/adventum.s3.eu-west-1.amazonaws.com\/wp-content\/uploads\/2021\/12\/visual-stories-micheile-ZVprbBmT8QA-unsplash-1.jpg","type":"image\/jpeg"}],"twitter_card":"summary_large_image","twitter_misc":{"Tiempo de lectura":"6 minutos"},"schema":{"@context":"https:\/\/schema.org","@graph":[{"@type":"WebPage","@id":"https:\/\/adventum.org\/es\/voluntarios\/","url":"https:\/\/adventum.org\/es\/voluntarios\/","name":"Voluntarios - Fondazione Adventum - Solidariet\u00e0 Antisura","isPartOf":{"@id":"https:\/\/adventum.org\/es\/#website"},"datePublished":"2017-09-19T06:17:29+00:00","dateModified":"2023-04-17T07:42:02+00:00","breadcrumb":{"@id":"https:\/\/adventum.org\/es\/voluntarios\/#breadcrumb"},"inLanguage":"es","potentialAction":[{"@type":"ReadAction","target":["https:\/\/adventum.org\/es\/voluntarios\/"]}]},{"@type":"BreadcrumbList","@id":"https:\/\/adventum.org\/es\/voluntarios\/#breadcrumb","itemListElement":[{"@type":"ListItem","position":1,"name":"Home","item":"https:\/\/adventum.org\/es\/"},{"@type":"ListItem","position":2,"name":"Voluntarios"}]},{"@type":"WebSite","@id":"https:\/\/adventum.org\/es\/#website","url":"https:\/\/adventum.org\/es\/","name":"Fondazione Adventum - Solidariet\u00e0 Antisura","description":"Prevenzione usura e indebitamento da prestiti","potentialAction":[{"@type":"SearchAction","target":{"@type":"EntryPoint","urlTemplate":"https:\/\/adventum.org\/es\/?s={search_term_string}"},"query-input":{"@type":"PropertyValueSpecification","valueRequired":true,"valueName":"search_term_string"}}],"inLanguage":"es"}]}},"_links":{"self":[{"href":"https:\/\/adventum.org\/es\/wp-json\/wp\/v2\/pages\/35000","targetHints":{"allow":["GET"]}}],"collection":[{"href":"https:\/\/adventum.org\/es\/wp-json\/wp\/v2\/pages"}],"about":[{"href":"https:\/\/adventum.org\/es\/wp-json\/wp\/v2\/types\/page"}],"author":[{"embeddable":true,"href":"https:\/\/adventum.org\/es\/wp-json\/wp\/v2\/users\/12"}],"replies":[{"embeddable":true,"href":"https:\/\/adventum.org\/es\/wp-json\/wp\/v2\/comments?post=35000"}],"version-history":[{"count":0,"href":"https:\/\/adventum.org\/es\/wp-json\/wp\/v2\/pages\/35000\/revisions"}],"wp:attachment":[{"href":"https:\/\/adventum.org\/es\/wp-json\/wp\/v2\/media?parent=35000"}],"curies":[{"name":"wp","href":"https:\/\/api.w.org\/{rel}","templated":true}]}}