{"id":34994,"date":"2015-01-19T09:07:34","date_gmt":"2015-01-19T08:07:34","guid":{"rendered":"https:\/\/adventum.org\/documentos-utiles\/"},"modified":"2023-11-14T10:40:48","modified_gmt":"2023-11-14T09:40:48","slug":"documentos-utiles","status":"publish","type":"page","link":"https:\/\/adventum.org\/es\/documentos-utiles\/","title":{"rendered":"documentos \u00fatiles"},"content":{"rendered":"<p>[et_pb_section fb_built=\u00bb1&#8243; custom_padding_last_edited=\u00bbon|desktop\u00bb disabled_on=\u00bboff|off|off\u00bb _builder_version=\u00bb4.16&#8243; custom_padding=\u00bb35px|0px|35px|0px\u00bb custom_padding_tablet=\u00bb50px|0|50px|0&#8243; custom_padding_phone=\u00bb\u00bb da_disable_devices=\u00bboff|off|off\u00bb padding_mobile=\u00bboff\u00bb global_colors_info=\u00bb{}\u00bb da_is_popup=\u00bboff\u00bb da_exit_intent=\u00bboff\u00bb da_has_close=\u00bbon\u00bb da_alt_close=\u00bboff\u00bb da_dark_close=\u00bboff\u00bb da_not_modal=\u00bbon\u00bb da_is_singular=\u00bboff\u00bb da_with_loader=\u00bboff\u00bb da_has_shadow=\u00bbon\u00bb][et_pb_row column_structure=\u00bb2_3,1_3&#8243; padding_mobile=\u00bboff\u00bb column_padding_mobile=\u00bbon\u00bb _builder_version=\u00bb4.16&#8243; background_size=\u00bbinitial\u00bb background_position=\u00bbtop_left\u00bb background_repeat=\u00bbrepeat\u00bb global_colors_info=\u00bb{}\u00bb][et_pb_column type=\u00bb2_3&#8243; _builder_version=\u00bb4.16&#8243; custom_padding=\u00bb|||\u00bb global_colors_info=\u00bb{}\u00bb custom_padding__hover=\u00bb|||\u00bb][et_pb_text _builder_version=\u00bb4.16&#8243; text_font=\u00bbOpen Sans Light||||\u00bb text_text_color=\u00bb#d49e00&#8243; text_font_size=\u00bb24px\u00bb text_line_height=\u00bb1.3em\u00bb header_font_size=\u00bb28px\u00bb background_size=\u00bbinitial\u00bb background_position=\u00bbtop_left\u00bb background_repeat=\u00bbrepeat\u00bb hover_enabled=\u00bb0&#8243; global_colors_info=\u00bb{}\u00bb sticky_enabled=\u00bb0&#8243;]<\/p>\n<p>La <strong>Fundaci\u00f3n ADVENTUM<\/strong> previene el riesgo de usura<br \/>apoyar a las personas con dificultades econ\u00f3micas.<\/p>\n<p>[\/et_pb_text][\/et_pb_column][et_pb_column type=\u00bb1_3&#8243; _builder_version=\u00bb4.16&#8243; custom_padding=\u00bb|||\u00bb global_colors_info=\u00bb{}\u00bb custom_padding__hover=\u00bb|||\u00bb][et_pb_button button_url=\u00bb@ET-DC@eyJkeW5hbWljIjp0cnVlLCJjb250ZW50IjoicG9zdF9saW5rX3VybF9wYWdlIiwic2V0dGluZ3MiOnsicG9zdF9pZCI6IjMwMjMwIn19@\u00bb button_text=\u00bbDONAR AHORA\u00bb button_alignment=\u00bbleft\u00bb _builder_version=\u00bb4.16&#8243; _dynamic_attributes=\u00bbbutton_url\u00bb custom_button=\u00bbon\u00bb button_text_size=\u00bb22px\u00bb button_text_color=\u00bb#ffffff\u00bb button_bg_color=\u00bb#195570&#8243; button_border_width=\u00bb0px\u00bb button_border_radius=\u00bb100px\u00bb button_font=\u00bb|||on|||||\u00bb button_icon=\u00bb&#x3d;||divi||400&#8243; background_layout=\u00bbdark\u00bb button_bg_color_tablet=\u00bb\u00bb button_bg_color_phone=\u00bb\u00bb button_bg_color_last_edited=\u00bbon|desktop\u00bb global_colors_info=\u00bb{}\u00bb button_bg_color__hover_enabled=\u00bbon|hover\u00bb button_bg_color__hover=\u00bb#E89F00&#8243; button_bg_enable_color__hover=\u00bbon\u00bb][\/et_pb_button][\/et_pb_column][\/et_pb_row][\/et_pb_section][et_pb_section fb_built=\u00bb1&#8243; custom_padding_last_edited=\u00bbon|desktop\u00bb admin_label=\u00bbsection\u00bb _builder_version=\u00bb4.18.0&#8243; background_color=\u00bb#3a5565&#8243; background_image=\u00bbhttps:\/\/adventum.s3.eu-west-1.amazonaws.com\/wp-content\/uploads\/2020\/08\/Risorsa-1-8.png\u00bb custom_padding_tablet=\u00bb50px|0|50px|0&#8243; custom_padding_phone=\u00bb\u00bb da_disable_devices=\u00bboff|off|off\u00bb padding_mobile=\u00bboff\u00bb global_colors_info=\u00bb{}\u00bb da_is_popup=\u00bboff\u00bb da_exit_intent=\u00bboff\u00bb da_has_close=\u00bbon\u00bb da_alt_close=\u00bboff\u00bb da_dark_close=\u00bboff\u00bb da_not_modal=\u00bbon\u00bb da_is_singular=\u00bboff\u00bb da_with_loader=\u00bboff\u00bb da_has_shadow=\u00bbon\u00bb][et_pb_row column_structure=\u00bb1_4,3_4&#8243; padding_mobile=\u00bboff\u00bb column_padding_mobile=\u00bbon\u00bb admin_label=\u00bbfila\u00bb _builder_version=\u00bb4.16&#8243; background_size=\u00bbinitial\u00bb background_position=\u00bbtop_left\u00bb background_repeat=\u00bbrepeat\u00bb global_colors_info=\u00bb{}\u00bb][et_pb_column type=\u00bb1_4&#8243; _builder_version=\u00bb4.16&#8243; custom_padding=\u00bb|||\u00bb global_colors_info=\u00bb{}\u00bb custom_padding__hover=\u00bb|||\u00bb][et_pb_blurb use_icon=\u00bbon\u00bb font_icon=\u00bb&#xf0c1;||fa||900&#8243; icon_color=\u00bb#00556C\u00bb content_max_width=\u00bb519px\u00bb _builder_version=\u00bb4.18.0&#8243; background_size=\u00bbinitial\u00bb background_position=\u00bbtop_left\u00bb background_repeat=\u00bbrepeat\u00bb width=\u00bb100%\u00bb custom_margin=\u00bb35px||||false|false\u00bb custom_padding=\u00bb||3px|||\u00bb animation=\u00bboff\u00bb global_colors_info=\u00bb{}\u00bb][\/et_pb_blurb][\/et_pb_column][et_pb_column type=\u00bb3_4&#8243; _builder_version=\u00bb4.16&#8243; custom_padding=\u00bb|||\u00bb global_colors_info=\u00bb{}\u00bb custom_padding__hover=\u00bb|||\u00bb][et_pb_text admin_label=\u00bbTesto\u00bb _builder_version=\u00bb4.18.0&#8243; text_font=\u00bbOpen Sans Light||||\u00bb text_text_color=\u00bb#00556C\u00bb text_font_size=\u00bb28px\u00bb text_line_height=\u00bb1.3em\u00bb header_font_size=\u00bb28px\u00bb background_size=\u00bbinitial\u00bb background_position=\u00bbtop_left\u00bb background_repeat=\u00bbrepeat\u00bb background_layout=\u00bbdark\u00bb global_colors_info=\u00bb{}\u00bb]<\/p>\n<p><strong>Enlaces \u00fatiles<\/strong><\/p>\n<p>[\/et_pb_text][et_pb_text admin_label=\u00bbText\u00bb _builder_version=\u00bb4.23.1&#8243; text_font=\u00bb||||||||\u00bb text_text_color=\u00bb#00556C\u00bb link_text_color=\u00bb#D49E00&#8243; link_line_height=\u00bb1.4em\u00bb header_font=\u00bb||||||||\u00bb header_text_align=\u00bbleft\u00bb background_size=\u00bbinitial\u00bb background_position=\u00bbtop_left\u00bb background_repeat=\u00bbrepeat\u00bb background_layout=\u00bbdark\u00bb hover_enabled=\u00bb0&#8243; global_colors_info=\u00bb{}\u00bb link_font_size__hover_enabled=\u00bbon|hover\u00bb sticky_enabled=\u00bb0&#8243;]<\/p>\n<p>&nbsp;<\/p>\n<ul>\n<li><strong><a href=\"http:\/\/www.interno.gov.it\/it\/temi\/sicurezza\/racket-e-usura\" target=\"_blank\" rel=\"noopener\">Chantaje y usura<\/a><br \/><\/strong><\/li>\n<li><strong><a href=\"http:\/\/www.interno.gov.it\/it\/ministero\/dipartimenti\/dipartimento-liberta-civili-e-limmigrazione\/commissario-straordinario-governo-coordinamento-iniziative-antiracket-ed-antiusura\" target=\"_blank\" rel=\"noopener\">El nuevo Comisario especial del Gobierno para la coordinaci\u00f3n de las iniciativas contra el fraude y la usura<\/a><\/strong><\/li>\n<li><strong><a href=\"https:\/\/www.dt.mef.gov.it\/export\/sites\/sitodt\/modules\/documenti_it\/prevenzione_reati_finanziari\/antiusura\/Brochure_Fondo_Prevenzione_Usura_agg._09072020.pdf\" target=\"_blank\" rel=\"noopener noreferrer\">Lista de asociaciones y fundaciones (para familias y particulares)<\/a><\/strong><\/li>\n<li><strong><a href=\"https:\/\/www.dt.mef.gov.it\/export\/sites\/sitodt\/modules\/documenti_it\/prevenzione_reati_finanziari\/antiusura\/Brochure_Fondo_Prevenzione_Usura_agg._09072020.pdf\" target=\"_blank\" rel=\"noopener noreferrer\">Lista de Confidi (para peque\u00f1as y medianas empresas)<\/a><\/strong><\/li>\n<li><strong><a href=\"https:\/\/www.regione.lazio.it\/sites\/default\/files\/2021-11\/Sic-elenco-confidi-antiusura-agg-13-03-2018.pdf\" target=\"_blank\" rel=\"noopener noreferrer\">Lista de fundaciones y asociaciones inscritas en el Registro de la Prefectura de Roma<\/a><\/strong><\/li>\n<li><a href=\"https:\/\/www.ambulatorioantiusura.it\/\"><strong>Ambulatorio Antiusura Onlus<\/strong><\/a><\/li>\n<li><strong><a href=\"https:\/\/www.dt.mef.gov.it\/export\/sites\/sitodt\/modules\/documenti_it\/prevenzione_reati_finanziari\/antiusura\/decreto-tassi-usura-gennaio-marzo-2023.pdf\" target=\"_blank\" rel=\"noopener noreferrer\">Tipos umbral antiusura (enero &#8211; marzo 2023)<\/a><\/strong><\/li>\n<li><strong><a href=\"http:\/\/www.dt.mef.gov.it\/export\/sites\/sitodt\/modules\/documenti_it\/prevenzione_reati_finanziari\/normativa\/LEGGE_7_marzo_1996.pdf\" target=\"_blank\" rel=\"noopener noreferrer\">Ley 108\/96<\/a><\/strong><\/li>\n<\/ul>\n<p>[\/et_pb_text][\/et_pb_column][\/et_pb_row][\/et_pb_section][et_pb_section fb_built=\u00bb1&#8243; _builder_version=\u00bb4.18.0&#8243; _module_preset=\u00bbdefault\u00bb da_disable_devices=\u00bboff|off|off\u00bb global_colors_info=\u00bb{}\u00bb da_is_popup=\u00bboff\u00bb da_exit_intent=\u00bboff\u00bb da_has_close=\u00bbon\u00bb da_alt_close=\u00bboff\u00bb da_dark_close=\u00bboff\u00bb da_not_modal=\u00bbon\u00bb da_is_singular=\u00bboff\u00bb da_with_loader=\u00bboff\u00bb da_has_shadow=\u00bbon\u00bb][et_pb_row column_structure=\u00bb3_5,2_5&#8243; _builder_version=\u00bb4.16&#8243; _module_preset=\u00bbdefault\u00bb global_colors_info=\u00bb{}\u00bb][et_pb_column type=\u00bb3_5&#8243; _builder_version=\u00bb4.16&#8243; _module_preset=\u00bbdefault\u00bb global_colors_info=\u00bb{}\u00bb][et_pb_text _builder_version=\u00bb4.18.0&#8243; _module_preset=\u00bbdefault\u00bb text_font=\u00bbYeseva One||||||||\u00bb text_font_size=\u00bb26px\u00bb text_orientation=\u00bbcenter\u00bb global_colors_info=\u00bb{}\u00bb]<\/p>\n<p>Si se encuentra en dificultades y no sabe qu\u00e9 hacer, \u00a1cont\u00e1ctenos! Nuestra consulta es gratuita.<\/p>\n<p>[\/et_pb_text][et_pb_text _builder_version=\u00bb4.16&#8243; _module_preset=\u00bbdefault\u00bb global_colors_info=\u00bb{}\u00bb]<script type=\"text\/javascript\" src=\"https:\/\/form.jotform.com\/jsform\/202305070520336\"><\/script>[\/et_pb_text][\/et_pb_column][et_pb_column type=\u00bb2_5&#8243; _builder_version=\u00bb4.16&#8243; _module_preset=\u00bbdefault\u00bb global_colors_info=\u00bb{}\u00bb][et_pb_text _builder_version=\u00bb4.16&#8243; _module_preset=\u00bbdefault\u00bb global_colors_info=\u00bb{}\u00bb]<iframe loading=\"lazy\" src=\"https:\/\/www.google.com\/maps\/embed?pb=!1m18!1m12!1m3!1d2969.1142706620403!2d12.448416651321923!3d41.91190217117463!2m3!1f0!2f0!3f0!3m2!1i1024!2i768!4f13.1!3m3!1m2!1s0x132f60881bf4a29f%3A0x863a5e562d4680aa!2sFondazione%20ADVENTUM%20Fondo%20per%20la%20Solidariet%C3%A0%20e%20l'Antiusura%20Onlus!5e0!3m2!1sit!2sit!4v1597766978800!5m2!1sit!2sit\" width=\"600\" height=\"450\" frameborder=\"0\" style=\"border:0;\" allowfullscreen=\"\" aria-hidden=\"false\" tabindex=\"0\"><\/iframe>[\/et_pb_text][\/et_pb_column][\/et_pb_row][\/et_pb_section]<\/p>\n","protected":false},"excerpt":{"rendered":"<p>La Fundaci\u00f3n ADVENTUM previene el riesgo de usuraapoyar a las personas con dificultades econ\u00f3micas. Enlaces \u00fatiles&nbsp; Chantaje y usura El nuevo Comisario especial del Gobierno para la coordinaci\u00f3n de las [&hellip;]<\/p>\n","protected":false},"author":12,"featured_media":0,"parent":0,"menu_order":0,"comment_status":"open","ping_status":"closed","template":"","meta":{"_et_pb_use_builder":"on","_et_pb_old_content":"","_et_gb_content_width":"","footnotes":""},"class_list":["post-34994","page","type-page","status-publish","hentry"],"yoast_head":"<!-- This site is optimized with the Yoast SEO plugin v27.4 - https:\/\/yoast.com\/product\/yoast-seo-wordpress\/ -->\n<title>documentos \u00fatiles - Fondazione Adventum - Solidariet\u00e0 Antisura<\/title>\n<meta name=\"robots\" content=\"index, follow, max-snippet:-1, max-image-preview:large, max-video-preview:-1\" \/>\n<link rel=\"canonical\" href=\"https:\/\/adventum.org\/es\/documentos-utiles\/\" \/>\n<meta property=\"og:locale\" content=\"es_ES\" \/>\n<meta property=\"og:type\" content=\"article\" \/>\n<meta property=\"og:title\" content=\"documentos \u00fatiles - Fondazione Adventum - Solidariet\u00e0 Antisura\" \/>\n<meta property=\"og:description\" content=\"La Fundaci\u00f3n ADVENTUM previene el riesgo de usuraapoyar a las personas con dificultades econ\u00f3micas. Enlaces \u00fatiles&nbsp; Chantaje y usura El nuevo Comisario especial del Gobierno para la coordinaci\u00f3n de las [&hellip;]\" \/>\n<meta property=\"og:url\" content=\"https:\/\/adventum.org\/es\/documentos-utiles\/\" \/>\n<meta property=\"og:site_name\" content=\"Fondazione Adventum - Solidariet\u00e0 Antisura\" \/>\n<meta property=\"article:modified_time\" content=\"2023-11-14T09:40:48+00:00\" \/>\n<meta property=\"og:image\" content=\"https:\/\/adventum.s3.eu-west-1.amazonaws.com\/wp-content\/uploads\/2021\/12\/visual-stories-micheile-ZVprbBmT8QA-unsplash-1.jpg\" \/>\n\t<meta property=\"og:image:width\" content=\"1920\" \/>\n\t<meta property=\"og:image:height\" content=\"1280\" \/>\n\t<meta property=\"og:image:type\" content=\"image\/jpeg\" \/>\n<meta name=\"twitter:card\" content=\"summary_large_image\" \/>\n<meta name=\"twitter:label1\" content=\"Tiempo de lectura\" \/>\n\t<meta name=\"twitter:data1\" content=\"4 minutos\" \/>\n<script type=\"application\/ld+json\" class=\"yoast-schema-graph\">{\"@context\":\"https:\\\/\\\/schema.org\",\"@graph\":[{\"@type\":\"WebPage\",\"@id\":\"https:\\\/\\\/adventum.org\\\/es\\\/documentos-utiles\\\/\",\"url\":\"https:\\\/\\\/adventum.org\\\/es\\\/documentos-utiles\\\/\",\"name\":\"documentos \u00fatiles - Fondazione Adventum - Solidariet\u00e0 Antisura\",\"isPartOf\":{\"@id\":\"https:\\\/\\\/adventum.org\\\/es\\\/#website\"},\"datePublished\":\"2015-01-19T08:07:34+00:00\",\"dateModified\":\"2023-11-14T09:40:48+00:00\",\"breadcrumb\":{\"@id\":\"https:\\\/\\\/adventum.org\\\/es\\\/documentos-utiles\\\/#breadcrumb\"},\"inLanguage\":\"es\",\"potentialAction\":[{\"@type\":\"ReadAction\",\"target\":[\"https:\\\/\\\/adventum.org\\\/es\\\/documentos-utiles\\\/\"]}]},{\"@type\":\"BreadcrumbList\",\"@id\":\"https:\\\/\\\/adventum.org\\\/es\\\/documentos-utiles\\\/#breadcrumb\",\"itemListElement\":[{\"@type\":\"ListItem\",\"position\":1,\"name\":\"Home\",\"item\":\"https:\\\/\\\/adventum.org\\\/es\\\/\"},{\"@type\":\"ListItem\",\"position\":2,\"name\":\"documentos \u00fatiles\"}]},{\"@type\":\"WebSite\",\"@id\":\"https:\\\/\\\/adventum.org\\\/es\\\/#website\",\"url\":\"https:\\\/\\\/adventum.org\\\/es\\\/\",\"name\":\"Fondazione Adventum - Solidariet\u00e0 Antisura\",\"description\":\"Prevenzione usura e indebitamento da prestiti\",\"potentialAction\":[{\"@type\":\"SearchAction\",\"target\":{\"@type\":\"EntryPoint\",\"urlTemplate\":\"https:\\\/\\\/adventum.org\\\/es\\\/?s={search_term_string}\"},\"query-input\":{\"@type\":\"PropertyValueSpecification\",\"valueRequired\":true,\"valueName\":\"search_term_string\"}}],\"inLanguage\":\"es\"}]}<\/script>\n<!-- \/ Yoast SEO plugin. -->","yoast_head_json":{"title":"documentos \u00fatiles - Fondazione Adventum - Solidariet\u00e0 Antisura","robots":{"index":"index","follow":"follow","max-snippet":"max-snippet:-1","max-image-preview":"max-image-preview:large","max-video-preview":"max-video-preview:-1"},"canonical":"https:\/\/adventum.org\/es\/documentos-utiles\/","og_locale":"es_ES","og_type":"article","og_title":"documentos \u00fatiles - Fondazione Adventum - Solidariet\u00e0 Antisura","og_description":"La Fundaci\u00f3n ADVENTUM previene el riesgo de usuraapoyar a las personas con dificultades econ\u00f3micas. Enlaces \u00fatiles&nbsp; Chantaje y usura El nuevo Comisario especial del Gobierno para la coordinaci\u00f3n de las [&hellip;]","og_url":"https:\/\/adventum.org\/es\/documentos-utiles\/","og_site_name":"Fondazione Adventum - Solidariet\u00e0 Antisura","article_modified_time":"2023-11-14T09:40:48+00:00","og_image":[{"width":1920,"height":1280,"url":"https:\/\/adventum.s3.eu-west-1.amazonaws.com\/wp-content\/uploads\/2021\/12\/visual-stories-micheile-ZVprbBmT8QA-unsplash-1.jpg","type":"image\/jpeg"}],"twitter_card":"summary_large_image","twitter_misc":{"Tiempo de lectura":"4 minutos"},"schema":{"@context":"https:\/\/schema.org","@graph":[{"@type":"WebPage","@id":"https:\/\/adventum.org\/es\/documentos-utiles\/","url":"https:\/\/adventum.org\/es\/documentos-utiles\/","name":"documentos \u00fatiles - Fondazione Adventum - Solidariet\u00e0 Antisura","isPartOf":{"@id":"https:\/\/adventum.org\/es\/#website"},"datePublished":"2015-01-19T08:07:34+00:00","dateModified":"2023-11-14T09:40:48+00:00","breadcrumb":{"@id":"https:\/\/adventum.org\/es\/documentos-utiles\/#breadcrumb"},"inLanguage":"es","potentialAction":[{"@type":"ReadAction","target":["https:\/\/adventum.org\/es\/documentos-utiles\/"]}]},{"@type":"BreadcrumbList","@id":"https:\/\/adventum.org\/es\/documentos-utiles\/#breadcrumb","itemListElement":[{"@type":"ListItem","position":1,"name":"Home","item":"https:\/\/adventum.org\/es\/"},{"@type":"ListItem","position":2,"name":"documentos \u00fatiles"}]},{"@type":"WebSite","@id":"https:\/\/adventum.org\/es\/#website","url":"https:\/\/adventum.org\/es\/","name":"Fondazione Adventum - Solidariet\u00e0 Antisura","description":"Prevenzione usura e indebitamento da prestiti","potentialAction":[{"@type":"SearchAction","target":{"@type":"EntryPoint","urlTemplate":"https:\/\/adventum.org\/es\/?s={search_term_string}"},"query-input":{"@type":"PropertyValueSpecification","valueRequired":true,"valueName":"search_term_string"}}],"inLanguage":"es"}]}},"_links":{"self":[{"href":"https:\/\/adventum.org\/es\/wp-json\/wp\/v2\/pages\/34994","targetHints":{"allow":["GET"]}}],"collection":[{"href":"https:\/\/adventum.org\/es\/wp-json\/wp\/v2\/pages"}],"about":[{"href":"https:\/\/adventum.org\/es\/wp-json\/wp\/v2\/types\/page"}],"author":[{"embeddable":true,"href":"https:\/\/adventum.org\/es\/wp-json\/wp\/v2\/users\/12"}],"replies":[{"embeddable":true,"href":"https:\/\/adventum.org\/es\/wp-json\/wp\/v2\/comments?post=34994"}],"version-history":[{"count":0,"href":"https:\/\/adventum.org\/es\/wp-json\/wp\/v2\/pages\/34994\/revisions"}],"wp:attachment":[{"href":"https:\/\/adventum.org\/es\/wp-json\/wp\/v2\/media?parent=34994"}],"curies":[{"name":"wp","href":"https:\/\/api.w.org\/{rel}","templated":true}]}}